{"id":14014,"date":"2025-08-11T12:37:15","date_gmt":"2025-08-11T10:37:15","guid":{"rendered":"https:\/\/www.unilim.fr\/culture\/?page_id=14014"},"modified":"2025-08-11T12:37:15","modified_gmt":"2025-08-11T10:37:15","slug":"double-cursus-medecine-musique","status":"publish","type":"page","link":"https:\/\/www.unilim.fr\/culture\/double-cursus-medecine-musique\/","title":{"rendered":"Double cursus m\u00e9decine-musique"},"content":{"rendered":"<p>Vous \u00eates \u00e9tudiant en m\u00e9decine vous pouvez b\u00e9n\u00e9ficier d&rsquo;un am\u00e9nagement de vos \u00e9tudes pour poursuivre votre cursus musical au conservatoire de Limoges.<\/p>\n<p>Le dispositif double cursus m\u00e9decine-musique sera fonctionnel d\u00e8s la rentr\u00e9e universitaire 2025 !\u00a0 \u00a0NOUVEAU !<\/p>\n<p>Les inscriptions sont ouvertes !<\/p>\n<p>Vous \u00eates inscrit dans un cursus de formation m\u00e9dicale (Cycle 1 \u2013 Cycle 2 \u2013 Cycle 3) et vous souhaitez poursuivre en parall\u00e8le votre cursus musical au Conservatoire \u00e0 rayonnement r\u00e9gional de Limoges afin d\u2019obtenir vos dipl\u00f4mes (CEM ou DEM) et pr\u00e9parer des concours d\u2019entr\u00e9e dans des grandes \u00e9coles de musique.<\/p>\n<p>Vous pouvez d\u00e9sormais b\u00e9n\u00e9ficier d\u2019un am\u00e9nagement de vos \u00e9tudes pour y parvenir.<\/p>\n<p>Ce dispositif vous permettra \u00e9galement de b\u00e9n\u00e9ficier d\u2019un syst\u00e8me de bonification. (Conseil CVFU 17 juin 2025)<\/p>\n<p>Un concert de fin d\u2019ann\u00e9e universitaire sera organis\u00e9 avec l\u2019orchestre universitaire dirig\u00e9 par Anne Maugard Cheffe d\u2019orchestre de l\u2019universit\u00e9 ainsi qu\u2019une c\u00e9r\u00e9monie de remise des dipl\u00f4mes d\u00e9livr\u00e9s par le Conservatoire de Limoges.<\/p>\n<p>Pour tous renseignements et pour vous inscrire d\u00e8s maintenant :\u00a0<strong>contact\u00a0<a class=\"mailto-link\" data-enc-email=\"freivprphyghery[at]havyvz.se\" data-wpel-link=\"ignore\"><span id=\"eeb-465614-872618\">serviceculturel@unilim.fr<\/span><\/a><\/strong><\/p>\n<p>Obtention de points de parcours<\/p>\n<p>&nbsp;<\/p>\n","protected":false},"excerpt":{"rendered":"<p>Vous \u00eates \u00e9tudiant en m\u00e9decine vous pouvez b\u00e9n\u00e9ficier d&rsquo;un am\u00e9nagement de vos \u00e9tudes pour poursuivre votre cursus musical au conservatoire de Limoges. Le dispositif double cursus m\u00e9decine-musique sera fonctionnel d\u00e8s la rentr\u00e9e universitaire 2025 !\u00a0 \u00a0NOUVEAU ! Les inscriptions sont ouvertes ! Vous \u00eates inscrit dans un cursus de formation m\u00e9dicale (Cycle 1 \u2013 Cycle [&hellip;]<\/p>\n","protected":false},"author":373,"featured_media":0,"parent":0,"menu_order":0,"comment_status":"closed","ping_status":"closed","template":"","meta":{"footnotes":""},"class_list":["post-14014","page","type-page","status-publish","hentry"],"_links":{"self":[{"href":"https:\/\/www.unilim.fr\/culture\/wp-json\/wp\/v2\/pages\/14014","targetHints":{"allow":["GET"]}}],"collection":[{"href":"https:\/\/www.unilim.fr\/culture\/wp-json\/wp\/v2\/pages"}],"about":[{"href":"https:\/\/www.unilim.fr\/culture\/wp-json\/wp\/v2\/types\/page"}],"author":[{"embeddable":true,"href":"https:\/\/www.unilim.fr\/culture\/wp-json\/wp\/v2\/users\/373"}],"replies":[{"embeddable":true,"href":"https:\/\/www.unilim.fr\/culture\/wp-json\/wp\/v2\/comments?post=14014"}],"version-history":[{"count":1,"href":"https:\/\/www.unilim.fr\/culture\/wp-json\/wp\/v2\/pages\/14014\/revisions"}],"predecessor-version":[{"id":14015,"href":"https:\/\/www.unilim.fr\/culture\/wp-json\/wp\/v2\/pages\/14014\/revisions\/14015"}],"wp:attachment":[{"href":"https:\/\/www.unilim.fr\/culture\/wp-json\/wp\/v2\/media?parent=14014"}],"curies":[{"name":"wp","href":"https:\/\/api.w.org\/{rel}","templated":true}]}}