{"id":14007,"date":"2025-08-11T12:29:48","date_gmt":"2025-08-11T10:29:48","guid":{"rendered":"https:\/\/www.unilim.fr\/culture\/?page_id=14007"},"modified":"2025-08-11T12:30:18","modified_gmt":"2025-08-11T10:30:18","slug":"atelier-critique-du-spectateur-ou-lart-detre-spectateur","status":"publish","type":"page","link":"https:\/\/www.unilim.fr\/culture\/atelier-critique-du-spectateur-ou-lart-detre-spectateur\/","title":{"rendered":"Atelier critique du spectateur o\u00f9 l&rsquo;art d&rsquo;\u00eatre spectateur"},"content":{"rendered":"<p>A l&rsquo;occasion d&rsquo;\u00e9v\u00e8nements organis\u00e9s par l&rsquo;universit\u00e9 service culturel.<\/p>\n<p>Direction Mercure Rolaphton<\/p>\n<p>L&rsquo;art d&rsquo;\u00eatre spectateur\u00a0\u00bb, un dispositif culturel pour la communaut\u00e9 \u00e9tudiante.<\/p>\n<p>Vivez la cr\u00e9ation artistique et d\u00e9couvrez des spectacles en compagnie des artistes !<\/p>\n<p>Comprendre une intention artistique, \u00e9changer et exprimer son ressenti apr\u00e8s une repr\u00e9sentation mais aussi<\/p>\n<p>d\u00e9velopper son regard critique : \u00eatre spectatrice ou spectateur devient tout un art.<\/p>\n<p>Les \u00e9tudiantes et \u00e9tudiants sont convi\u00e9s \u00e0 vivre une immersion en 3 temps dans l&rsquo;univers d&rsquo;un ou d&rsquo;une artiste :<\/p>\n<ul>\n<li>exp\u00e9rience de pratique artistique et compr\u00e9hension vivante de l&rsquo;\u0153uvre<\/li>\n<li>invitation au spectacle<\/li>\n<li>rencontre et moment d&rsquo;\u00e9change avec l\u2019\u00e9quipe artistique<\/li>\n<\/ul>\n<p>Si vous \u00eates int\u00e9ress\u00e9s, contact serviceculturel@unilim.fr<\/p>\n","protected":false},"excerpt":{"rendered":"<p>A l&rsquo;occasion d&rsquo;\u00e9v\u00e8nements organis\u00e9s par l&rsquo;universit\u00e9 service culturel. Direction Mercure Rolaphton L&rsquo;art d&rsquo;\u00eatre spectateur\u00a0\u00bb, un dispositif culturel pour la communaut\u00e9 \u00e9tudiante. Vivez la cr\u00e9ation artistique et d\u00e9couvrez des spectacles en compagnie des artistes ! Comprendre une intention artistique, \u00e9changer et exprimer son ressenti apr\u00e8s une repr\u00e9sentation mais aussi d\u00e9velopper son regard critique : \u00eatre spectatrice [&hellip;]<\/p>\n","protected":false},"author":373,"featured_media":0,"parent":0,"menu_order":0,"comment_status":"closed","ping_status":"closed","template":"","meta":{"footnotes":""},"class_list":["post-14007","page","type-page","status-publish","hentry"],"_links":{"self":[{"href":"https:\/\/www.unilim.fr\/culture\/wp-json\/wp\/v2\/pages\/14007","targetHints":{"allow":["GET"]}}],"collection":[{"href":"https:\/\/www.unilim.fr\/culture\/wp-json\/wp\/v2\/pages"}],"about":[{"href":"https:\/\/www.unilim.fr\/culture\/wp-json\/wp\/v2\/types\/page"}],"author":[{"embeddable":true,"href":"https:\/\/www.unilim.fr\/culture\/wp-json\/wp\/v2\/users\/373"}],"replies":[{"embeddable":true,"href":"https:\/\/www.unilim.fr\/culture\/wp-json\/wp\/v2\/comments?post=14007"}],"version-history":[{"count":2,"href":"https:\/\/www.unilim.fr\/culture\/wp-json\/wp\/v2\/pages\/14007\/revisions"}],"predecessor-version":[{"id":14009,"href":"https:\/\/www.unilim.fr\/culture\/wp-json\/wp\/v2\/pages\/14007\/revisions\/14009"}],"wp:attachment":[{"href":"https:\/\/www.unilim.fr\/culture\/wp-json\/wp\/v2\/media?parent=14007"}],"curies":[{"name":"wp","href":"https:\/\/api.w.org\/{rel}","templated":true}]}}