{"id":14005,"date":"2025-08-11T12:27:09","date_gmt":"2025-08-11T10:27:09","guid":{"rendered":"https:\/\/www.unilim.fr\/culture\/?page_id=14005"},"modified":"2025-08-11T12:27:09","modified_gmt":"2025-08-11T10:27:09","slug":"atelier-creations-accessoires-et-costumes-les-faunes-lyriques","status":"publish","type":"page","link":"https:\/\/www.unilim.fr\/culture\/atelier-creations-accessoires-et-costumes-les-faunes-lyriques\/","title":{"rendered":"Atelier cr\u00e9ations accessoires et costumes \u00ab\u00a0Les faunes lyriques\u00a0\u00bb"},"content":{"rendered":"<p>Lundi de 18h \u00e0 20h<br \/>\nPolaris Formation, 5 rue de la cit\u00e9 Limoges<br \/>\nDirection Agathe Faustine Valentin<\/p>\n<p>Costumi\u00e8re et artiste peintre depuis 20 ans \u00e0 l\u2019op\u00e9ra de Lille, Th\u00e9\u00e2tre du Nord, Op\u00e9ra de Limoges et Th\u00e9\u00e2tre de l\u2019union. Exposition peinture sur Limoges, fac de droit en galerie sur Bordeaux.<\/p>\n<p>Atelier de cr\u00e9ation de fraises (collerette, accessoire costume) historiques revisit\u00e9es en exag\u00e9rant les volumes du tissu sur le th\u00e8me des faunes et l\u2019univers lyrique.<\/p>\n<p>Une fraise r\u00e9alis\u00e9e par personne. Couture \u00e0 la main, apprendre \u00e0 placer et \u00e9quilibrer les volumes du tissu sur une silhouette. Esth\u00e9tique et coh\u00e9rence avec le th\u00e8me.<\/p>\n<p>Pour s&rsquo;inscrire : serviceculturel@unilim.fr<\/p>\n","protected":false},"excerpt":{"rendered":"<p>Lundi de 18h \u00e0 20h Polaris Formation, 5 rue de la cit\u00e9 Limoges Direction Agathe Faustine Valentin Costumi\u00e8re et artiste peintre depuis 20 ans \u00e0 l\u2019op\u00e9ra de Lille, Th\u00e9\u00e2tre du Nord, Op\u00e9ra de Limoges et Th\u00e9\u00e2tre de l\u2019union. Exposition peinture sur Limoges, fac de droit en galerie sur Bordeaux. Atelier de cr\u00e9ation de fraises (collerette, [&hellip;]<\/p>\n","protected":false},"author":373,"featured_media":0,"parent":0,"menu_order":0,"comment_status":"closed","ping_status":"closed","template":"","meta":{"footnotes":""},"class_list":["post-14005","page","type-page","status-publish","hentry"],"_links":{"self":[{"href":"https:\/\/www.unilim.fr\/culture\/wp-json\/wp\/v2\/pages\/14005","targetHints":{"allow":["GET"]}}],"collection":[{"href":"https:\/\/www.unilim.fr\/culture\/wp-json\/wp\/v2\/pages"}],"about":[{"href":"https:\/\/www.unilim.fr\/culture\/wp-json\/wp\/v2\/types\/page"}],"author":[{"embeddable":true,"href":"https:\/\/www.unilim.fr\/culture\/wp-json\/wp\/v2\/users\/373"}],"replies":[{"embeddable":true,"href":"https:\/\/www.unilim.fr\/culture\/wp-json\/wp\/v2\/comments?post=14005"}],"version-history":[{"count":1,"href":"https:\/\/www.unilim.fr\/culture\/wp-json\/wp\/v2\/pages\/14005\/revisions"}],"predecessor-version":[{"id":14006,"href":"https:\/\/www.unilim.fr\/culture\/wp-json\/wp\/v2\/pages\/14005\/revisions\/14006"}],"wp:attachment":[{"href":"https:\/\/www.unilim.fr\/culture\/wp-json\/wp\/v2\/media?parent=14005"}],"curies":[{"name":"wp","href":"https:\/\/api.w.org\/{rel}","templated":true}]}}