{"id":14000,"date":"2025-08-10T17:34:16","date_gmt":"2025-08-10T15:34:16","guid":{"rendered":"https:\/\/www.unilim.fr\/culture\/?page_id=14000"},"modified":"2025-08-10T17:34:16","modified_gmt":"2025-08-10T15:34:16","slug":"atelier-initiation-aux-arts-plastiques-et-graphiques","status":"publish","type":"page","link":"https:\/\/www.unilim.fr\/culture\/atelier-initiation-aux-arts-plastiques-et-graphiques\/","title":{"rendered":"Atelier Initiation aux arts plastiques et graphiques"},"content":{"rendered":"<p>Jeudi de 18h \u00e0 20h<br \/>\nEcole Municipale d&rsquo;Art<\/p>\n<p>Direction Fabrice Combe<\/p>\n<p>Artiste plasticien, infographiste, photographe et enseignant artistique.<\/p>\n<p>Dipl\u00f4m\u00e9 des \u00e9coles sup\u00e9rieures d\u2019art de N\u00eemes et de lyon, dipl\u00f4m\u00e9 en graphisme et en PAO, Fabrice Combe, artiste plasticien est \u00e9galement formateur en infographie \u00e0 la CCI Corr\u00e8ze et enseignant artistique.<\/p>\n<p>S\u2019initier aux arts plastiques et graphiques\u00a0: exp\u00e9rimenter le dessin, la mise en couleur (crayon, fusain, sanguine, aquarelle, stylo, encre&#8230;), le collage, l\u2019infographie en alternant exercices techniques et cr\u00e9ation personnelle.<\/p>\n<p>Inscriptions : serviceculturel@unilim.fr ou marie.bourlois@unilim.fr (BU de Brive)<br \/>\n0672915394<\/p>\n<p>D\u00e9but des cours 1\u00e8re semaine d&rsquo;octobre<\/p>\n<p>&nbsp;<\/p>\n","protected":false},"excerpt":{"rendered":"<p>Jeudi de 18h \u00e0 20h Ecole Municipale d&rsquo;Art Direction Fabrice Combe Artiste plasticien, infographiste, photographe et enseignant artistique. Dipl\u00f4m\u00e9 des \u00e9coles sup\u00e9rieures d\u2019art de N\u00eemes et de lyon, dipl\u00f4m\u00e9 en graphisme et en PAO, Fabrice Combe, artiste plasticien est \u00e9galement formateur en infographie \u00e0 la CCI Corr\u00e8ze et enseignant artistique. S\u2019initier aux arts plastiques et [&hellip;]<\/p>\n","protected":false},"author":373,"featured_media":0,"parent":0,"menu_order":0,"comment_status":"closed","ping_status":"closed","template":"","meta":{"footnotes":""},"class_list":["post-14000","page","type-page","status-publish","hentry"],"_links":{"self":[{"href":"https:\/\/www.unilim.fr\/culture\/wp-json\/wp\/v2\/pages\/14000","targetHints":{"allow":["GET"]}}],"collection":[{"href":"https:\/\/www.unilim.fr\/culture\/wp-json\/wp\/v2\/pages"}],"about":[{"href":"https:\/\/www.unilim.fr\/culture\/wp-json\/wp\/v2\/types\/page"}],"author":[{"embeddable":true,"href":"https:\/\/www.unilim.fr\/culture\/wp-json\/wp\/v2\/users\/373"}],"replies":[{"embeddable":true,"href":"https:\/\/www.unilim.fr\/culture\/wp-json\/wp\/v2\/comments?post=14000"}],"version-history":[{"count":1,"href":"https:\/\/www.unilim.fr\/culture\/wp-json\/wp\/v2\/pages\/14000\/revisions"}],"predecessor-version":[{"id":14001,"href":"https:\/\/www.unilim.fr\/culture\/wp-json\/wp\/v2\/pages\/14000\/revisions\/14001"}],"wp:attachment":[{"href":"https:\/\/www.unilim.fr\/culture\/wp-json\/wp\/v2\/media?parent=14000"}],"curies":[{"name":"wp","href":"https:\/\/api.w.org\/{rel}","templated":true}]}}