{"id":12551,"date":"2024-08-27T16:31:04","date_gmt":"2024-08-27T14:31:04","guid":{"rendered":"https:\/\/www.unilim.fr\/culture\/?page_id=12551"},"modified":"2025-08-10T17:28:11","modified_gmt":"2025-08-10T15:28:11","slug":"atelier-danses-traditionnelles","status":"publish","type":"page","link":"https:\/\/www.unilim.fr\/culture\/atelier-danses-traditionnelles\/","title":{"rendered":"Atelier N\u00e9o &#8211; Folk Trad"},"content":{"rendered":"<p>Atelier N\u00e9o &#8211; Folk Trad<br \/>\nDirection Lise Desport<\/p>\n<p>&#8211; acquisition des pas de base des danses traditionnelles<\/p>\n<p>&#8211; acquisition d\u2019une culture traditionnelle et musicale<\/p>\n<p>&#8211; acquisition\/d\u00e9veloppement d\u2019une conscience et d\u2019une aisance corporelle<\/p>\n<p>&#8211; acquisition\/d\u00e9veloppement de la coordination et du sens du rythme<\/p>\n<p>&#8211; acquisition\/d\u00e9veloppement de l\u2019\u00e9coute dans la relation au partenaire et au groupe<\/p>\n<p>&#8211; capacit\u00e9 \u00e0 travailler \u00e0 plusieurs (communication verbale et non verbale)<\/p>\n<p>&#8211; capacit\u00e9 \u00e0 participer \u00e0 une cr\u00e9ation artistique collective<\/p>\n<p>Lundi de 20h30 \u00e0 22h 1 semaine\/2<br \/>\nSuaps de Limoges Dojo<\/p>\n<p>Les cours d\u00e9buteront la premi\u00e8re semaine d&rsquo;octobre 2024.<\/p>\n<p>&nbsp;<\/p>\n<p>&nbsp;<\/p>\n","protected":false},"excerpt":{"rendered":"<p>Atelier N\u00e9o &#8211; Folk Trad Direction Lise Desport &#8211; acquisition des pas de base des danses traditionnelles &#8211; acquisition d\u2019une culture traditionnelle et musicale &#8211; acquisition\/d\u00e9veloppement d\u2019une conscience et d\u2019une aisance corporelle &#8211; acquisition\/d\u00e9veloppement de la coordination et du sens du rythme &#8211; acquisition\/d\u00e9veloppement de l\u2019\u00e9coute dans la relation au partenaire et au groupe &#8211; [&hellip;]<\/p>\n","protected":false},"author":373,"featured_media":0,"parent":0,"menu_order":0,"comment_status":"closed","ping_status":"closed","template":"","meta":{"footnotes":""},"class_list":["post-12551","page","type-page","status-publish","hentry"],"_links":{"self":[{"href":"https:\/\/www.unilim.fr\/culture\/wp-json\/wp\/v2\/pages\/12551","targetHints":{"allow":["GET"]}}],"collection":[{"href":"https:\/\/www.unilim.fr\/culture\/wp-json\/wp\/v2\/pages"}],"about":[{"href":"https:\/\/www.unilim.fr\/culture\/wp-json\/wp\/v2\/types\/page"}],"author":[{"embeddable":true,"href":"https:\/\/www.unilim.fr\/culture\/wp-json\/wp\/v2\/users\/373"}],"replies":[{"embeddable":true,"href":"https:\/\/www.unilim.fr\/culture\/wp-json\/wp\/v2\/comments?post=12551"}],"version-history":[{"count":4,"href":"https:\/\/www.unilim.fr\/culture\/wp-json\/wp\/v2\/pages\/12551\/revisions"}],"predecessor-version":[{"id":13999,"href":"https:\/\/www.unilim.fr\/culture\/wp-json\/wp\/v2\/pages\/12551\/revisions\/13999"}],"wp:attachment":[{"href":"https:\/\/www.unilim.fr\/culture\/wp-json\/wp\/v2\/media?parent=12551"}],"curies":[{"name":"wp","href":"https:\/\/api.w.org\/{rel}","templated":true}]}}