{"id":1070,"date":"2016-03-25T15:41:41","date_gmt":"2016-03-25T15:41:41","guid":{"rendered":"http:\/\/www.unilim.fr\/culture\/version-mobile\/"},"modified":"2016-03-25T17:08:44","modified_gmt":"2016-03-25T16:08:44","slug":"version-mobile","status":"publish","type":"page","link":"https:\/\/www.unilim.fr\/culture\/version-mobile\/","title":{"rendered":"Version mobile"},"content":{"rendered":"        <div class=\"container-fluid  \" style=\"\">\n                      <div class=\"container\">\n                <div class=\"row \" style=\"margin-top: 30px;margin-bottom: 30px\">        <div class=\"col-sm-12 \">\n            \n        \n        <div class=\"ul-element-header text-left  \">\n\n            <h2 class=\"ul-bold  \" style=\"\">\n                                Consulter les \u00e9v\u00e9nements du Service Culturel sur votre smartphone                            <\/h2>\n        <\/div>\n                <div class=\"clearfix ul-element-text \">\n            \n<p>Vous avez maintenant la possibilit\u00e9 de consulter les \u00e9v\u00e9nements du Service Culturel directement depuis votre mobile dans un affichage adapt\u00e9.<\/p>\n<p>Attention il s&rsquo;agit toutefois de la premi\u00e8re version, des soucis d&rsquo;affichage peuvent pertuber l&rsquo;exp\u00e9rience utilisateur, notamment pour les mobiles les plus anciens.<\/p>\n        <\/div>\n        \n        \n        <div class=\"ul-element-header text-left  \">\n\n            <h3 class=\"ul-bold  \" style=\"\">\n                                La consultation                            <\/h3>\n        <\/div>\n                <div class=\"clearfix ul-element-text \">\n            \n<p>Pour consulter ces \u00e9v\u00e9nements, rendez-vous sur l&rsquo;adresse depuis votre smartphone&nbsp; : <a href=\"http:\/\/www.unilim.fr\/culture\/smartphone\/\" target=\"_blank\" data-mce-href=\"http:\/\/www.unilim.fr\/culture\/smartphone\/\">http:\/\/www.unilim.fr\/culture\/smartphone\/<\/a><\/p>\n<p><\/p>\n        <\/div>\n        \n        \n        <div class=\"ul-element-header text-left  \">\n\n            <h3 class=\"ul-bold  \" style=\"\">\n                                Installation sur votre smartphone                            <\/h3>\n        <\/div>\n                <div class=\"clearfix ul-element-text \">\n            \n<p>Pour plus de facilit\u00e9 il est possible de cr\u00e9er un raccourci sur le bureau de votre smartphone qui vous renverra directement sur cette version mobile, la m\u00e9thode et la fa\u00e7on de faire peuvent diff\u00e9rer suivant votre OS (Android, iOS, Windows Phone) et sa version.<\/p>\n<p>Ex : pour Android (capture d&rsquo;\u00e9cran r\u00e9alis\u00e9 avec Android 5.1.1)<\/p>\n<p>Une fois connect\u00e9 sur le site&nbsp;<a href=\"http:\/\/www.unilim.fr\/culture\/smartphone\/\" target=\"_blank\" data-mce-href=\"http:\/\/www.unilim.fr\/culture\/smartphone\/\">http:\/\/www.unilim.fr\/culture\/smartphone\/<\/a> , utiliser le menu \u00ab\u00a0Plus\u00a0\u00bb en haut \u00e0 droite de l&rsquo;\u00e9cran :<\/p>\n<p><a href=\"http:\/\/www.unilim.fr\/culture\/wp-content\/uploads\/sites\/17\/2016\/03\/android.png\" class=\"\" data-mce-href=\"http:\/\/www.unilim.fr\/culture\/wp-content\/uploads\/sites\/17\/2016\/03\/android.png\"><img loading=\"lazy\" decoding=\"async\" data-mce-style=\"display: block; margin-left: auto; margin-right: auto;\" style=\"display: block; margin-left: auto; margin-right: auto;\" alt=\"\" src=\"http:\/\/www.unilim.fr\/culture\/wp-content\/uploads\/sites\/17\/2016\/03\/android.png\" class=\"alignnone wp-image-1072\" data-mce-src=\"http:\/\/www.unilim.fr\/culture\/wp-content\/uploads\/sites\/17\/2016\/03\/android.png\" height=\"622\" width=\"350\" srcset=\"https:\/\/www.unilim.fr\/culture\/wp-content\/uploads\/sites\/17\/2016\/03\/android.png 350w, https:\/\/www.unilim.fr\/culture\/wp-content\/uploads\/sites\/17\/2016\/03\/android-169x300.png 169w\" sizes=\"auto, (max-width: 350px) 100vw, 350px\" \/><\/a><br data-mce-bogus=\"1\"><\/p>\n<p>puis dans le menu qui s&rsquo;ouvre choisissez \u00ab\u00a0Aj. racc. sur \u00e9cran acc\u00a0\u00bb ( Ajouter raccourci sur \u00e9cran accueil ) :<\/p>\n<p><a href=\"http:\/\/www.unilim.fr\/culture\/wp-content\/uploads\/sites\/17\/2016\/03\/android-menu.png\" class=\"\" data-mce-href=\"http:\/\/www.unilim.fr\/culture\/wp-content\/uploads\/sites\/17\/2016\/03\/android-menu.png\"><img loading=\"lazy\" decoding=\"async\" data-mce-style=\"display: block; margin-left: auto; margin-right: auto;\" style=\"display: block; margin-left: auto; margin-right: auto;\" alt=\"\" src=\"http:\/\/www.unilim.fr\/culture\/wp-content\/uploads\/sites\/17\/2016\/03\/android-menu.png\" class=\"alignnone wp-image-1071\" data-mce-src=\"http:\/\/www.unilim.fr\/culture\/wp-content\/uploads\/sites\/17\/2016\/03\/android-menu.png\" height=\"622\" width=\"350\" srcset=\"https:\/\/www.unilim.fr\/culture\/wp-content\/uploads\/sites\/17\/2016\/03\/android-menu.png 350w, https:\/\/www.unilim.fr\/culture\/wp-content\/uploads\/sites\/17\/2016\/03\/android-menu-169x300.png 169w\" sizes=\"auto, (max-width: 350px) 100vw, 350px\" \/><\/a><br data-mce-bogus=\"1\"><\/p>\n<p>Vous retrouverez sur le bureau de votre smartphone l&rsquo;ic\u00f4ne du Service Culturel :<\/p>\n<p><a href=\"http:\/\/www.unilim.fr\/culture\/wp-content\/uploads\/sites\/17\/2016\/03\/bureau.png\" class=\"\" data-mce-href=\"http:\/\/www.unilim.fr\/culture\/wp-content\/uploads\/sites\/17\/2016\/03\/bureau.png\"><img loading=\"lazy\" decoding=\"async\" data-mce-style=\"display: block; margin-left: auto; margin-right: auto;\" style=\"display: block; margin-left: auto; margin-right: auto;\" alt=\"\" src=\"http:\/\/www.unilim.fr\/culture\/wp-content\/uploads\/sites\/17\/2016\/03\/bureau.png\" class=\"alignnone wp-image-1074\" data-mce-src=\"http:\/\/www.unilim.fr\/culture\/wp-content\/uploads\/sites\/17\/2016\/03\/bureau.png\" height=\"622\" width=\"350\" srcset=\"https:\/\/www.unilim.fr\/culture\/wp-content\/uploads\/sites\/17\/2016\/03\/bureau.png 350w, https:\/\/www.unilim.fr\/culture\/wp-content\/uploads\/sites\/17\/2016\/03\/bureau-169x300.png 169w\" sizes=\"auto, (max-width: 350px) 100vw, 350px\" \/><\/a><br data-mce-bogus=\"1\"><\/p>\n<p><\/p>\n        <\/div>\n                <\/div>\n        <\/div>\n            <\/div>\n                  <\/div>\n        \n","protected":false},"excerpt":{"rendered":"","protected":false},"author":4,"featured_media":0,"parent":0,"menu_order":0,"comment_status":"closed","ping_status":"closed","template":"page-le.php","meta":{"footnotes":""},"class_list":["post-1070","page","type-page","status-publish","hentry"],"_links":{"self":[{"href":"https:\/\/www.unilim.fr\/culture\/wp-json\/wp\/v2\/pages\/1070","targetHints":{"allow":["GET"]}}],"collection":[{"href":"https:\/\/www.unilim.fr\/culture\/wp-json\/wp\/v2\/pages"}],"about":[{"href":"https:\/\/www.unilim.fr\/culture\/wp-json\/wp\/v2\/types\/page"}],"author":[{"embeddable":true,"href":"https:\/\/www.unilim.fr\/culture\/wp-json\/wp\/v2\/users\/4"}],"replies":[{"embeddable":true,"href":"https:\/\/www.unilim.fr\/culture\/wp-json\/wp\/v2\/comments?post=1070"}],"version-history":[{"count":0,"href":"https:\/\/www.unilim.fr\/culture\/wp-json\/wp\/v2\/pages\/1070\/revisions"}],"wp:attachment":[{"href":"https:\/\/www.unilim.fr\/culture\/wp-json\/wp\/v2\/media?parent=1070"}],"curies":[{"name":"wp","href":"https:\/\/api.w.org\/{rel}","templated":true}]}}