{"id":10331,"date":"2023-07-24T22:58:57","date_gmt":"2023-07-24T20:58:57","guid":{"rendered":"http:\/\/www.unilim.fr\/culture\/?page_id=10331"},"modified":"2023-07-24T22:58:57","modified_gmt":"2023-07-24T20:58:57","slug":"atelier-theatre-en-anglais","status":"publish","type":"page","link":"https:\/\/www.unilim.fr\/culture\/atelier-theatre-en-anglais\/","title":{"rendered":"Atelier th\u00e9\u00e2tre en anglais"},"content":{"rendered":"        <div class=\"container-fluid  \" style=\"\">\n                      <div class=\"container\">\n                <div class=\"row \" style=\"margin-top: 30px;margin-bottom: 30px\">        <div class=\"col-sm-12 \">\n                    <div class=\"clearfix ul-element-text \">\n            \n<p>Validant<\/p>\n<p>Explorer la pratique du th\u00e9\u00e2tre c\u2019est trouver en soi de nouvelles voies d\u2019expression, de nouveaux territoires de sensibilit\u00e9. Mais la pudeur ou la timidit\u00e9 viennent parfois troubler ce voyage int\u00e9rieur. Jouer dans une autre langue que la sienne permet de s\u2019affranchir de ces appr\u00e9hensions. En parlant une autre langue on est d\u00e9j\u00e0 \u00ab quelqu\u2019un d\u2019autre \u00bb. Cet atelier s\u2019adresse \u00e0 tous ceux qui ne peuvent ou ne veulent pas pratiquer le th\u00e9\u00e2tre en fran\u00e7ais et afin de permettre aussi aux \u00e9tudiants \u00e9trangers une pratique artistique sans l\u2019obstacle de la langue. Il s\u2019appuiera sur les grandes sc\u00e8nes du th\u00e9\u00e2tre de Shakespeare mais \u00e9galement sur quelques auteurs contemporains.<\/p>\n<p>Direction Adrien Ledoux<\/p>\n<p>Diplo\u0302me\u0301 de L\u2019Acade\u0301mie the\u0301a\u0302trale du Centre Dramatique National de Limoges, Come\u0301dien, metteur en sce\u0300ne, compositeur et me\u0301ta-instrumentiste.<\/p>\n<p>Mardi de 19h \u00e0 21h\u00a0 Polaris Formation 5 rue de la Cit\u00e9 Limoges<\/p>\n<p>Inscription : serviceculturel@unilim.fr<\/p>\n<p>0672915394<\/p>\n<p>&nbsp;<\/p>\n        <\/div>\n                <\/div>\n        <\/div>\n            <\/div>\n                  <\/div>\n        \n","protected":false},"excerpt":{"rendered":"","protected":false},"author":51,"featured_media":0,"parent":0,"menu_order":0,"comment_status":"closed","ping_status":"closed","template":"page-le.php","meta":{"footnotes":""},"class_list":["post-10331","page","type-page","status-publish","hentry"],"_links":{"self":[{"href":"https:\/\/www.unilim.fr\/culture\/wp-json\/wp\/v2\/pages\/10331","targetHints":{"allow":["GET"]}}],"collection":[{"href":"https:\/\/www.unilim.fr\/culture\/wp-json\/wp\/v2\/pages"}],"about":[{"href":"https:\/\/www.unilim.fr\/culture\/wp-json\/wp\/v2\/types\/page"}],"author":[{"embeddable":true,"href":"https:\/\/www.unilim.fr\/culture\/wp-json\/wp\/v2\/users\/51"}],"replies":[{"embeddable":true,"href":"https:\/\/www.unilim.fr\/culture\/wp-json\/wp\/v2\/comments?post=10331"}],"version-history":[{"count":0,"href":"https:\/\/www.unilim.fr\/culture\/wp-json\/wp\/v2\/pages\/10331\/revisions"}],"wp:attachment":[{"href":"https:\/\/www.unilim.fr\/culture\/wp-json\/wp\/v2\/media?parent=10331"}],"curies":[{"name":"wp","href":"https:\/\/api.w.org\/{rel}","templated":true}]}}