{"id":67,"date":"2024-10-09T22:00:00","date_gmt":"2017-07-17T20:00:00","guid":{"rendered":"http:\/\/www.unilim.fr\/carmalim-dev\/?page_id=67"},"modified":"2024-10-10T10:23:00","modified_gmt":"2024-10-10T08:23:00","slug":"autres-plate-formes-techniques-de-luniversite-de-limoges","status":"publish","type":"page","link":"https:\/\/www.unilim.fr\/carmalim\/?page_id=67","title":{"rendered":"Autres Plate-formes techniques de l&rsquo;universit\u00e9 de Limoges"},"content":{"rendered":"                                <div class=\"ul-banner-parallax \" style=\"height:300px;\" >\n\n                                    <div class=\"ul-post-thumbnail\" style=\"height:300px; background-size: cover; background-image: url('https:\/\/www.unilim.fr\/carmalim\/wp-content\/uploads\/sites\/20\/2017\/07\/laser.jpg')\"><!-- Image BG --><\/div>\n\n                                    <div class=\"ul-post-thumbnail-back\" style=\"margin-top:-300px; height:300px; opacity:.5;\"><!-- Texture --><\/div>\n\n                                    <div class=\"ul-layers\">\n                                        \n                                        <div class=\"ul-layer ul-slogan\" style=\"bottom:160px;right:20%;\">\n                                            <h4 class=\"text-light\"><em><br\/>\n                                            &nbsp;&nbsp;&nbsp;&nbsp;&nbsp;&nbsp;&nbsp;<\/em><\/h4>\n                                                                                    <\/div>\n\n                                    <\/div>\n\n                                <\/div>\n                                <script type=\"text\/javascript\">\n                                    \/\/\/\/\/\/\/\/\/\/\/\/\/\/\/\/\/\/\/\/\/\/\/\/\/\/\/\/\/\/\/\/\/\/\/\/\/\/\/\/\/\/\/\/\/\/\/\/\/\/\/\/\/\/\/\/\/\/\/\/\/\/\/\/\/\/\/\/\/\/\/\/\/\/\/\/\/\/\/\/\/\/\/\/\/\/\/\/\/\/\/\/\/\/\/\/\/\/\/\/\n                                    \/\/  PARALAX\n                                    \/\/\/\/\/\/\/\/\/\/\/\/\/\/\/\/\/\/\/\/\/\/\/\/\/\/\/\/\/\/\/\/\/\/\/\/\/\/\/\/\/\/\/\/\/\/\/\/\/\/\/\/\/\/\/\/\/\/\/\/\/\/\/\/\/\/\/\/\/\/\/\/\/\/\/\/\/\/\/\/\/\/\/\/\/\/\/\/\/\/\/\/\/\/\/\/\/\/\/\/\n                                    $( document ).ready(function() {\n                                        var bandeau = $('.ul-banner-parallax');\n                                        if (bandeau.length){\n                                            var imgpos = 50 - $( window ).scrollTop()\/20;\n                                            $('.ul-banner-parallax > .ul-post-thumbnail').css('background-position','50% '+imgpos+'%');\n                                            $( window ).scroll(function(){\n                                                imgpos = 50 - $( window ).scrollTop()\/10;\n                                                txtpos = 160 + $( window ).scrollTop()\/5;\n                                                frisepos = 125 + $( window ).scrollTop()\/10;\n                                                $('.ul-banner-parallax > .ul-post-thumbnail').css('background-position','50% '+imgpos+'%');\n                                                $('.ul-slogan').css('bottom',txtpos+'px');\n                                                $('.ul-frise-1').css('bottom',frisepos+'px');\n                                                \/\/$('.ul-texture').css('background-position',''+-frisepos+'%');\n                                            });\n                                        }\n                                    });\n                                <\/script>\n\n                                    <div class=\"container-fluid  \" style=\"\">\n                      <div class=\"container\">\n                <div class=\"row \" style=\"margin-top: 50px;margin-bottom: 50px\">        <div class=\"col-sm-3 \">\n                    <a class=\"ul-element-rollover \" style=\"padding:10px\" href=\"https:\/\/www.unilim.fr\/biscem\/\" target=\"_blank\">\n            <div class=\"ul-element-rollover-container  \">\n                <div class=\"img-container\">\n                    <img decoding=\"async\" src=\"https:\/\/www.unilim.fr\/carmalim\/wp-content\/uploads\/sites\/20\/2020\/01\/biscem.png\" \/>\n                                    <\/div>\n                <div class=\"text-container\">\n                    <div class=\"text-inner\">\n                        \n<h1 class=\"ul-bold\" style=\"text-align: center\">BISCEm<\/h1>\n                    <\/div>\n                <\/div>\n            <\/div>\n        <\/a>\n\n                <\/div>\n                <div class=\"col-sm-9 \">\n                    <div class=\"clearfix ul-element-text \">\n            \n<h2 class=\"ul-bold\">Biologie Int\u00e9grative Sant\u00e9 Chimie Environnement<\/h2>\n<h4 style=\"text-align: left\" data-mce-style=\"text-align: left;\"><span style=\"color: #333333\" data-mce-style=\"color: #333333;\">BISCEm est une Unit\u00e9 de Service labellis\u00e9e&nbsp;INSERM et CNRS depuis le 1er janvier 2020.<\/span><\/h4>\n<h4 style=\"text-align: left\" data-mce-style=\"text-align: left;\"><span style=\"color: #333333\" data-mce-style=\"color: #333333;\">BISCEm est une plateforme technique et bio-informatique de l\u2019Universit\u00e9 de Limoges qui est ouverte aux utilisateurs internes et externes de l\u2019Universit\u00e9.<\/span><\/h4>\n<h4 style=\"text-align: left\" data-mce-style=\"text-align: left;\"><span style=\"color: #333333\" data-mce-style=\"color: #333333;\">BISCEm repose sur l\u2019expertise des \u00e9quipes de recherche de l\u2019Institut GEIST dans les domaines de l\u2019\u00e9tude des mol\u00e9cules par spectrom\u00e9trie de masse et par r\u00e9sonance magn\u00e9tique nucl\u00e9aire, de l\u2019analyse des acides nucl\u00e9iques, de l\u2019analyse informatique des donn\u00e9es obtenues par les technologies \u00e0 haut-d\u00e9bit, de l\u2019exp\u00e9rimentation animale sur rongeurs, de l\u2019histologie, de la microscopie \u00e0 fluorescence et de la cytom\u00e9trie en flux.<\/span><\/h4>\n<h4 class=\"ul-bold\"><a href=\"https:\/\/www.unilim.fr\/biscem\/\" data-mce-href=\"https:\/\/www.unilim.fr\/biscem\/\">&gt; Site Web de BISCEm<\/a><br data-mce-bogus=\"1\"><\/h4>\n        <\/div>\n                <\/div>\n        <\/div>\n            <\/div>\n                  <\/div>\n                <div class=\"container-fluid  \" style=\"\">\n                      <div class=\"container\">\n                <div class=\"row \" style=\"margin-top: 50px;margin-bottom: 50px\">        <div class=\"col-sm-3 \">\n                    <a class=\"ul-element-rollover \" style=\"padding:10px\" href=\"https:\/\/www.xlim.fr\/plateformes\/platinom\" target=\"_blank\">\n            <div class=\"ul-element-rollover-container  \">\n                <div class=\"img-container\">\n                    <img decoding=\"async\" src=\"https:\/\/www.unilim.fr\/carmalim\/wp-content\/uploads\/sites\/20\/2020\/01\/platinom-2.jpg\" \/>\n                                    <\/div>\n                <div class=\"text-container\">\n                    <div class=\"text-inner\">\n                        \n<h1 class=\"ul-bold\" style=\"text-align: center\">PLATINOM<\/h1>\n                    <\/div>\n                <\/div>\n            <\/div>\n        <\/a>\n\n                <\/div>\n                <div class=\"col-sm-9 \">\n                    <div class=\"clearfix ul-element-text \">\n            \n<h2 class=\"ul-bold\">Plateforme de technologie et d\u2019instrumentation pour l\u2019optique et les micro-ondes<\/h2>\n<h4 style=\"text-align: left\" data-mce-style=\"text-align: left;\"><span style=\"color: #333333\" data-mce-style=\"color: #333333;\">La plate forme PLATINOM regroupe un ensemble d\u2019\u00e9quipements de caract\u00e9risations et de fabrication qui permettent la r\u00e9alisation de mesures de composants \u00e9lectroniques hautes fr\u00e9quences, de fibres optiques, et la r\u00e9alisation de composants \u00e9lectroniques et optiques, accessibles aux industriels et aux \u00e9tablissements de recherche.<\/span><\/h4>\n<h4 class=\"ul-bold\"><a href=\"https:\/\/www.xlim.fr\/plateformes\/platinom\" data-mce-href=\"https:\/\/www.xlim.fr\/plateformes\/platinom\">&gt; Site Web de PLATINOM<\/a><br data-mce-bogus=\"1\"><\/h4>\n        <\/div>\n                <\/div>\n        <\/div>\n            <\/div>\n                  <\/div>\n                <div class=\"container-fluid  \" style=\"\">\n                      <div class=\"container\">\n                <div class=\"row \" style=\"margin-top: 50px;margin-bottom: 50px\">        <div class=\"col-sm-3 \">\n                    <a class=\"ul-element-rollover \" style=\"padding:10px\" href=\"https:\/\/www.xlim.fr\/plateformes\/premiss\" target=\"_blank\">\n            <div class=\"ul-element-rollover-container  \">\n                <div class=\"img-container\">\n                    <img decoding=\"async\" src=\"https:\/\/www.unilim.fr\/carmalim\/wp-content\/uploads\/sites\/20\/2020\/01\/premiss.jpg\" \/>\n                                    <\/div>\n                <div class=\"text-container\">\n                    <div class=\"text-inner\">\n                        \n<h1 class=\"ul-bold\" style=\"text-align: center\">PREMISS<\/h1>\n                    <\/div>\n                <\/div>\n            <\/div>\n        <\/a>\n\n                <\/div>\n                <div class=\"col-sm-9 \">\n                    <div class=\"clearfix ul-element-text \">\n            \n<h2 class=\"ul-bold\">Plateforme REgroupant les outils de Mod\u00e9lIsation et de Simulation de Syst\u00e8mes<\/h2>\n<h4 style=\"text-align: left\" data-mce-style=\"text-align: left;\"><span style=\"color: #333333\" data-mce-style=\"color: #333333;\">La plateforme PREMISS (Plateforme Regroupant les outils de Mod\u00e9lIsation et de Simulation de Syst\u00e8mes), cr\u00e9\u00e9e en septembre 2014, a pour objectifs le d\u00e9veloppement et l\u2019int\u00e9gration d\u2019outils et m\u00e9thodes de mod\u00e9lisation et de simulation de mat\u00e9riaux, composants, circuits et syst\u00e8mes \u00e9lectroniques et multiphysiques. Elle s\u2019appuie sur la pluridisciplinarit\u00e9 du laboratoire XLIM, \u00e0 l\u2019interface entre physique, math\u00e9matiques et informatique.<\/span><\/h4>\n<h4 style=\"text-align: left\" data-mce-style=\"text-align: left;\"><span style=\"color: #333333\" data-mce-style=\"color: #333333;\">Ses activit\u00e9s suivent deux directions :<\/span><\/h4>\n<h4 style=\"text-align: left\" data-mce-style=\"text-align: left;\"><span style=\"color: #333333\" data-mce-style=\"color: #333333;\">La mise en place d\u2019une forge logicielle<\/span> <span style=\"color: #333333\" data-mce-style=\"color: #333333;\">Le d\u00e9veloppement et l\u2019int\u00e9gration de mod\u00e8les nouveaux ou existants au sein de simulateurs de syst\u00e8mes<\/span><\/h4>\n<h4 class=\"ul-bold\"><a href=\"https:\/\/www.xlim.fr\/plateformes\/premiss\" data-mce-href=\"https:\/\/www.xlim.fr\/plateformes\/premiss\">&gt; Site Web de PREMISS<\/a><br data-mce-bogus=\"1\"><\/h4>\n        <\/div>\n                <\/div>\n        <\/div>\n            <\/div>\n                  <\/div>\n                <div class=\"container-fluid  \" style=\"\">\n                      <div class=\"container\">\n                <div class=\"row \" style=\"margin-top: 50px;margin-bottom: 50px\">        <div class=\"col-sm-3 \">\n                    <a class=\"ul-element-rollover \" style=\"padding:10px\" href=\"https:\/\/www.unilim.fr\/recherche\/cryogenie\/\" target=\"_blank\">\n            <div class=\"ul-element-rollover-container  \">\n                <div class=\"img-container\">\n                    <img decoding=\"async\" src=\"https:\/\/www.unilim.fr\/carmalim\/wp-content\/uploads\/sites\/20\/2024\/10\/ImageM3c.jpg\" \/>\n                                    <\/div>\n                <div class=\"text-container\">\n                    <div class=\"text-inner\">\n                        \n<h1 class=\"ul-bold\" style=\"text-align: center\">M3<\/h1>\n                    <\/div>\n                <\/div>\n            <\/div>\n        <\/a>\n\n                <\/div>\n                <div class=\"col-sm-9 \">\n                    <div class=\"clearfix ul-element-text \">\n            \n<h2 class=\"ul-bold\">Microscope Multi Modal<\/h2>\n<h4 style=\"text-align: left\" data-mce-style=\"text-align: left;\"><span style=\"color: #333333\" data-mce-style=\"color: #333333;\">En partenariat avec les plateformes BISCEm et PLATINOM (pour toute demande concernant cet \u00e9quipement : <a href=\"mailto:contact-imagerie@unilim.fr\" data-mce-href=\"mailto:contact-imagerie@unilim.fr\">contact-imagerie@unilim.fr<\/a>)<\/span><\/h4>\n<h4 style=\"text-align: left\" data-mce-style=\"text-align: left;\"><span style=\"color: #333333\" data-mce-style=\"color: #333333;\">Microscopie multimodale (2PEF, 3PEF, SHG, THG, Raman, CARS, analyse spectrale haute r\u00e9solution) Leica SP8 + Coherent Chameleon Ultra II 680-1080 nm et OPO Chameleon MPX 1050 \u2013 1350 nm + Princeton Instruments BLAZE 100 HRX et Isoplane SCT-320<\/span><\/h4>\n<p>&nbsp;<\/p>\n        <\/div>\n                <\/div>\n        <\/div>\n            <\/div>\n                  <\/div>\n        \n","protected":false},"excerpt":{"rendered":"","protected":false},"author":50,"featured_media":0,"parent":61,"menu_order":0,"comment_status":"closed","ping_status":"closed","template":"page-le.php","meta":{"footnotes":""},"class_list":["post-67","page","type-page","status-publish","hentry"],"_links":{"self":[{"href":"https:\/\/www.unilim.fr\/carmalim\/index.php?rest_route=\/wp\/v2\/pages\/67","targetHints":{"allow":["GET"]}}],"collection":[{"href":"https:\/\/www.unilim.fr\/carmalim\/index.php?rest_route=\/wp\/v2\/pages"}],"about":[{"href":"https:\/\/www.unilim.fr\/carmalim\/index.php?rest_route=\/wp\/v2\/types\/page"}],"author":[{"embeddable":true,"href":"https:\/\/www.unilim.fr\/carmalim\/index.php?rest_route=\/wp\/v2\/users\/50"}],"replies":[{"embeddable":true,"href":"https:\/\/www.unilim.fr\/carmalim\/index.php?rest_route=%2Fwp%2Fv2%2Fcomments&post=67"}],"version-history":[{"count":5,"href":"https:\/\/www.unilim.fr\/carmalim\/index.php?rest_route=\/wp\/v2\/pages\/67\/revisions"}],"predecessor-version":[{"id":1401,"href":"https:\/\/www.unilim.fr\/carmalim\/index.php?rest_route=\/wp\/v2\/pages\/67\/revisions\/1401"}],"up":[{"embeddable":true,"href":"https:\/\/www.unilim.fr\/carmalim\/index.php?rest_route=\/wp\/v2\/pages\/61"}],"wp:attachment":[{"href":"https:\/\/www.unilim.fr\/carmalim\/index.php?rest_route=%2Fwp%2Fv2%2Fmedia&parent=67"}],"curies":[{"name":"wp","href":"https:\/\/api.w.org\/{rel}","templated":true}]}}