{"id":65,"date":"2020-01-26T23:00:00","date_gmt":"2017-07-17T20:00:00","guid":{"rendered":"http:\/\/www.unilim.fr\/carmalim-dev\/?page_id=65"},"modified":"2021-01-13T17:41:38","modified_gmt":"2021-01-13T16:41:38","slug":"xlim","status":"publish","type":"page","link":"https:\/\/www.unilim.fr\/carmalim\/?page_id=65","title":{"rendered":"Xlim"},"content":{"rendered":"                                <div class=\"ul-banner-parallax \" style=\"height:300px;\" >\n\n                                    <div class=\"ul-post-thumbnail\" style=\"height:300px; background-size: cover; background-image: url('http:\/\/www.unilim.fr\/carmalim\/wp-content\/uploads\/sites\/20\/2017\/07\/fibres.jpg')\"><!-- Image BG --><\/div>\n\n                                    <div class=\"ul-post-thumbnail-back\" style=\"margin-top:-300px; height:300px; opacity:.5;\"><!-- Texture --><\/div>\n\n                                    <div class=\"ul-layers\">\n                                        \n                                        <div class=\"ul-layer ul-slogan\" style=\"bottom:160px;right:20%;\">\n                                            <h4 class=\"text-light\"><em><br\/>\n                                            &nbsp;&nbsp;&nbsp;&nbsp;&nbsp;&nbsp;&nbsp;<\/em><\/h4>\n                                                                                    <\/div>\n\n                                    <\/div>\n\n                                <\/div>\n                                <script type=\"text\/javascript\">\n                                    \/\/\/\/\/\/\/\/\/\/\/\/\/\/\/\/\/\/\/\/\/\/\/\/\/\/\/\/\/\/\/\/\/\/\/\/\/\/\/\/\/\/\/\/\/\/\/\/\/\/\/\/\/\/\/\/\/\/\/\/\/\/\/\/\/\/\/\/\/\/\/\/\/\/\/\/\/\/\/\/\/\/\/\/\/\/\/\/\/\/\/\/\/\/\/\/\/\/\/\/\n                                    \/\/  PARALAX\n                                    \/\/\/\/\/\/\/\/\/\/\/\/\/\/\/\/\/\/\/\/\/\/\/\/\/\/\/\/\/\/\/\/\/\/\/\/\/\/\/\/\/\/\/\/\/\/\/\/\/\/\/\/\/\/\/\/\/\/\/\/\/\/\/\/\/\/\/\/\/\/\/\/\/\/\/\/\/\/\/\/\/\/\/\/\/\/\/\/\/\/\/\/\/\/\/\/\/\/\/\/\n                                    $( document ).ready(function() {\n                                        var bandeau = $('.ul-banner-parallax');\n                                        if (bandeau.length){\n                                            var imgpos = 50 - $( window ).scrollTop()\/20;\n                                            $('.ul-banner-parallax > .ul-post-thumbnail').css('background-position','50% '+imgpos+'%');\n                                            $( window ).scroll(function(){\n                                                imgpos = 50 - $( window ).scrollTop()\/10;\n                                                txtpos = 160 + $( window ).scrollTop()\/5;\n                                                frisepos = 125 + $( window ).scrollTop()\/10;\n                                                $('.ul-banner-parallax > .ul-post-thumbnail').css('background-position','50% '+imgpos+'%');\n                                                $('.ul-slogan').css('bottom',txtpos+'px');\n                                                $('.ul-frise-1').css('bottom',frisepos+'px');\n                                                \/\/$('.ul-texture').css('background-position',''+-frisepos+'%');\n                                            });\n                                        }\n                                    });\n                                <\/script>\n\n                                    <div class=\"container-fluid  \" style=\"\">\n                      <div class=\"container\">\n                <div class=\"row \" style=\"margin-top: 30px;margin-bottom: 30px\">        <div class=\"col-sm-3 \">\n                    <div class=\"ul-element-image \">\n            <a href=\"http:\/\/www.unilim.fr\/carmalim\/wp-content\/uploads\/sites\/20\/2020\/01\/Xlim-logo.png\" target=\"\"  rel=\"lightbox\">\n                <img decoding=\"async\" class=\"img-responsive\" src=\"http:\/\/www.unilim.fr\/carmalim\/wp-content\/uploads\/sites\/20\/2020\/01\/Xlim-logo.png\"\/>\n            <\/a>\n        <\/div>\n                <\/div>\n                <div class=\"col-sm-9 \">\n                    <div class=\"clearfix ul-element-text \">\n            \n<h3><span style=\"color: #b51600\"><a style=\"color: #b51600\" href=\"https:\/\/www.xlim.fr\/\">XLIM UMR CNRS 7252<\/a><\/span><span style=\"color: #333333\">, c&rsquo;est un savoir-faire centr\u00e9 sur l&rsquo;\u00e9lectronique et les hyperfr\u00e9quences, l&rsquo;optique et la photonique, les math\u00e9matiques, l&rsquo;informatique et l&rsquo;image, la CAO, dans les domaines spatial, des r\u00e9seaux t\u00e9l\u00e9com, des environnements s\u00e9curis\u00e9s, de la bio-ing\u00e9nierie, des nouveaux mat\u00e9riaux, de l&rsquo;\u00e9nergie et de l&rsquo;imagerie.<\/span><\/h3>\n<h3><span style=\"color: #333333\"><span style=\"color: #b51633\"><a style=\"color: #b51633\" href=\"https:\/\/www.xlim.fr\/\">XLIM <\/a><\/span>f\u00e9d\u00e8re un ensemble de plus de 440 enseignants-chercheurs, chercheurs CNRS, ing\u00e9nieurs, techniciens, post-doctorants et doctorants, personnels administratifs, localis\u00e9s sur plusieurs sites g\u00e9ographiques, \u00e0 Limoges sur les sites de la Facult\u00e9 des Sciences et Techniques, de l&rsquo;ENSIL, d\u2019Ester-Technopole, sur le Campus Universitaire de Brive\u00a0\u00a0et \u00e0 Poitiers sur le site de la Technopole du Futuroscope.<\/span><\/h3>\n<h3><span style=\"color: #333333\"><span style=\"color: #b51633\"><a style=\"color: #b51633\" href=\"https:\/\/www.xlim.fr\/\">XLIM <\/a><\/span>est un Institut de Recherche pluridisciplinaire, articul\u00e9 autour de 3 p\u00f4les scientifiques englobant 6 axes de recherche :<\/span><\/h3>\n        <\/div>\n                <\/div>\n        <\/div>\n            <\/div>\n                  <\/div>\n                <div class=\"container-fluid bg-grad-left-gray-lighter \" style=\"\">\n                      <div class=\"container\">\n                <div class=\"row \" style=\"margin-top: 20px;margin-bottom: 20px\">        <div class=\"col-sm-2 \">\n                    <div class=\"clearfix ul-element-text \">\n            \n<h2 class=\"ul-bold\" style=\"text-align: center\">P\u00f4le \u00e9lectronique<\/h2>\n        <\/div>\n                <\/div>\n                <div class=\"col-sm-10 \">\n                    <div class=\"ul-element-image \">\n            <a href=\"http:\/\/www.unilim.fr\/carmalim\/wp-content\/uploads\/sites\/20\/2020\/01\/xlim-electronique.jpg\" target=\"\"  rel=\"lightbox\">\n                <img decoding=\"async\" class=\"img-responsive\" src=\"http:\/\/www.unilim.fr\/carmalim\/wp-content\/uploads\/sites\/20\/2020\/01\/xlim-electronique.jpg\"\/>\n            <\/a>\n        <\/div>\n                <\/div>\n        <\/div>\n            <\/div>\n                  <\/div>\n                <div class=\"container-fluid  \" style=\"\">\n                      <div class=\"container\">\n                <div class=\"row \" style=\"margin-top: 20px;margin-bottom: 30px\">        <div class=\"col-sm-4 \">\n                    <div class=\"ul-element-image \">\n            <a href=\"http:\/\/www.unilim.fr\/carmalim\/wp-content\/uploads\/sites\/20\/2020\/01\/axe-systemes-rf.jpg\" target=\"\"  rel=\"lightbox\">\n                <img decoding=\"async\" class=\"img-responsive\" src=\"http:\/\/www.unilim.fr\/carmalim\/wp-content\/uploads\/sites\/20\/2020\/01\/axe-systemes-rf.jpg\"\/>\n            <\/a>\n        <\/div>\n                <div class=\"clearfix ul-element-text \">\n            \n<h3 class=\"ul-bold\" style=\"text-align: center\">Syst\u00e8mes RF<\/h3>\n<h4 style=\"text-align: center\"><span style=\"color: #333333\">Antennes, circuits et syst\u00e8mes hyperfr\u00e9quences &#8211; Compatibilit\u00e9 \u00e9lectromagn\u00e9tique<\/span><\/h4>\n<h4 class=\"ul-bold\" style=\"text-align: center\"><span style=\"color: #333333\">instrumentation, mod\u00e9lisation, conception, int\u00e9gration<\/span><\/h4>\n        <\/div>\n                <\/div>\n                <div class=\"col-sm-4 \">\n                    <div class=\"ul-element-image \">\n            <a href=\"http:\/\/www.unilim.fr\/carmalim\/wp-content\/uploads\/sites\/20\/2020\/01\/axe-rf-elite_0.jpg\" target=\"\"  rel=\"lightbox\">\n                <img decoding=\"async\" class=\"img-responsive\" src=\"http:\/\/www.unilim.fr\/carmalim\/wp-content\/uploads\/sites\/20\/2020\/01\/axe-rf-elite_0.jpg\"\/>\n            <\/a>\n        <\/div>\n                <div class=\"clearfix ul-element-text \">\n            \n<h3 class=\"ul-bold\" style=\"text-align: center\">RF &#8211; ELITE<\/h3>\n<h4 style=\"text-align: center\"><span style=\"color: #333333\">Composants et dispositifs novateurs pour les t\u00e9l\u00e9communications, l\u2019\u00e9nergie, les syst\u00e8mes \u00e9lectroniques basse et haute fr\u00e9quences.\u00a0 D\u00e9veloppement des micro et nanotechnologies innovantes en int\u00e9grant de nouveaux mat\u00e9riaux.<\/span><\/h4>\n<h4 class=\"ul-bold\" style=\"text-align: center\"><span style=\"color: #333333\">composants RF et Opto\u00e9lectroniques.<\/span><\/h4>\n<p>&nbsp;<\/p>\n        <\/div>\n                <\/div>\n                <div class=\"col-sm-4 \">\n                    <div class=\"ul-element-image \">\n            <a href=\"http:\/\/www.unilim.fr\/carmalim\/wp-content\/uploads\/sites\/20\/2020\/01\/axe-systemes-reseaux-intelligents.jpg\" target=\"\"  rel=\"lightbox\">\n                <img decoding=\"async\" class=\"img-responsive\" src=\"http:\/\/www.unilim.fr\/carmalim\/wp-content\/uploads\/sites\/20\/2020\/01\/axe-systemes-reseaux-intelligents.jpg\"\/>\n            <\/a>\n        <\/div>\n                <div class=\"clearfix ul-element-text \">\n            \n<h3 class=\"ul-bold\" style=\"text-align: center\">Syst\u00e8mes &amp; R\u00e9seaux Intelligents<\/h3>\n<h4 style=\"text-align: center\"><span style=\"color: #333333\">Approche syst\u00e9mique, des syst\u00e8mes et des r\u00e9seaux intelligents h\u00e9t\u00e9rog\u00e8nes entre objets mobiles, v\u00e9hicules,\u00a0 robots, capteurs, cam\u00e9ras, \u2026 . Ces r\u00e9seaux peuvent \u00eatre des r\u00e9seaux cellulaires, des r\u00e9seaux de capteurs, des r\u00e9seaux de v\u00e9hicules, des r\u00e9seaux corporels, des r\u00e9seaux de robots, des r\u00e9seaux de machines \u00ab M2M \u00bb&#8230;<\/span><\/h4>\n<h4 class=\"ul-bold\" style=\"text-align: center\"><span style=\"color: #333333\">Robotique, localisation, navigation et cartographie, observation, mod\u00e9lisation<\/span><\/h4>\n        <\/div>\n                <\/div>\n        <\/div>\n            <\/div>\n                  <\/div>\n                <div class=\"container-fluid bg-grad-left-gray-lighter \" style=\"\">\n                      <div class=\"container\">\n                <div class=\"row \" style=\"margin-top: 30px;margin-bottom: 20px\">        <div class=\"col-sm-2 \">\n                    <div class=\"clearfix ul-element-text \">\n            \n<h2 class=\"ul-bold\" style=\"text-align: center\">P\u00f4le Photonique<\/h2>\n<p>&nbsp;<\/p>\n        <\/div>\n                <\/div>\n                <div class=\"col-sm-10 \">\n                    <div class=\"ul-element-image \">\n            <a href=\"http:\/\/www.unilim.fr\/carmalim\/wp-content\/uploads\/sites\/20\/2020\/01\/xlim-fibre.jpg\" target=\"\"  rel=\"lightbox\">\n                <img decoding=\"async\" class=\"img-responsive\" src=\"http:\/\/www.unilim.fr\/carmalim\/wp-content\/uploads\/sites\/20\/2020\/01\/xlim-fibre.jpg\"\/>\n            <\/a>\n        <\/div>\n                <\/div>\n        <\/div>\n            <\/div>\n                  <\/div>\n                <div class=\"container-fluid  \" style=\"\">\n                      <div class=\"container\">\n                <div class=\"row \" style=\"margin-top: 20px;margin-bottom: 30px\">        <div class=\"col-sm-4 \">\n                    <div class=\"ul-element-image \">\n            <a href=\"http:\/\/www.unilim.fr\/carmalim\/wp-content\/uploads\/sites\/20\/2020\/01\/axe-photonique.jpg\" target=\"\"  rel=\"lightbox\">\n                <img decoding=\"async\" class=\"img-responsive\" src=\"http:\/\/www.unilim.fr\/carmalim\/wp-content\/uploads\/sites\/20\/2020\/01\/axe-photonique.jpg\"\/>\n            <\/a>\n        <\/div>\n                <div class=\"clearfix ul-element-text \">\n            \n<h3 class=\"ul-bold\" style=\"text-align: center\">Photonique fibre et sources coh\u00e9rentes<\/h3>\n<p>&nbsp;<\/p>\n        <\/div>\n                <\/div>\n                <div class=\"col-sm-1 \">\n                    <\/div>\n                <div class=\"col-sm-7 \">\n                    <div class=\"clearfix ul-element-text \">\n            \n<h4 style=\"text-align: left\"><span style=\"color: #333333\">L\u2019Axe Photonique s\u2019appuie sur un socle de comp\u00e9tences bas\u00e9 sur l\u2019optique coh\u00e9rente, l\u2019optique non-lin\u00e9aire, les lasers, les fibres optiques et l\u2019imagerie avanc\u00e9e. \u00c0 ces comp\u00e9tences viennent s\u2019ajouter des outils et savoir-faire technologiques dans les domaines des fibres optiques, des composants photoniques fibr\u00e9s, des dispositifs endoscopiques, de la commutation opto\u00e9lectronique et des syst\u00e8mes interf\u00e9rom\u00e9triques.<\/span><\/h4>\n<h4 class=\"ul-bold\"><span style=\"color: #333333\">Fabrication de fibres optiques et composants fibr\u00e9s \/ Imagerie et instrumentation laser.<\/span><\/h4>\n<p>&nbsp;<\/p>\n        <\/div>\n                <\/div>\n        <\/div>\n            <\/div>\n                  <\/div>\n                <div class=\"container-fluid bg-grad-left-gray-lighter \" style=\"\">\n                      <div class=\"container\">\n                <div class=\"row \" style=\"margin-top: 30px;margin-bottom: 20px\">        <div class=\"col-sm-2 \">\n                    <div class=\"clearfix ul-element-text \">\n            \n<h2 class=\"ul-bold\" style=\"text-align: center\">P\u00f4le Maths, Informatique, Image<\/h2>\n<p>&nbsp;<\/p>\n        <\/div>\n                <\/div>\n                <div class=\"col-sm-10 \">\n                    <div class=\"ul-element-image \">\n            <a href=\"http:\/\/www.unilim.fr\/carmalim\/wp-content\/uploads\/sites\/20\/2020\/01\/xlim-image.jpg\" target=\"\"  rel=\"lightbox\">\n                <img decoding=\"async\" class=\"img-responsive\" src=\"http:\/\/www.unilim.fr\/carmalim\/wp-content\/uploads\/sites\/20\/2020\/01\/xlim-image.jpg\"\/>\n            <\/a>\n        <\/div>\n                <\/div>\n        <\/div>\n            <\/div>\n                  <\/div>\n                <div class=\"container-fluid  \" style=\"\">\n                      <div class=\"container\">\n                <div class=\"row \" style=\"margin-top: 20px;margin-bottom: 30px\">        <div class=\"col-sm-5 \">\n                    <div class=\"ul-element-image \">\n            <a href=\"http:\/\/www.unilim.fr\/carmalim\/wp-content\/uploads\/sites\/20\/2020\/01\/xlim-mathinfo.jpg\" target=\"\"  rel=\"lightbox\">\n                <img decoding=\"async\" class=\"img-responsive\" src=\"http:\/\/www.unilim.fr\/carmalim\/wp-content\/uploads\/sites\/20\/2020\/01\/xlim-mathinfo.jpg\"\/>\n            <\/a>\n        <\/div>\n                <div class=\"clearfix ul-element-text \">\n            \n<h3 class=\"ul-bold\" style=\"text-align: center\">Synth\u00e8se et Analyse d&rsquo;Images<\/h3>\n<h4 style=\"text-align: center\"><span style=\"color: #333333\">Conception d&rsquo;objets complexes structur\u00e9s en dimension arbitraire, mod\u00e9lisation et traitement des informations couleurs et spectrales des images et des vid\u00e9os, synth\u00e8se d&rsquo;image r\u00e9aliste \u00e0 base de mod\u00e8les proc\u00e9duraux statistiques ou physiques.<\/span><\/h4>\n<h4 class=\"ul-bold\" style=\"text-align: center\"><span style=\"color: #333333\">Mod\u00e9lisation, M\u00e9trologie optique, g\u00e9om\u00e9trie discr\u00e8te, simulation d&rsquo;\u00e9clairage, rendu r\u00e9aliste<\/span><\/h4>\n        <\/div>\n                <\/div>\n                <div class=\"col-sm-2 \">\n                    <\/div>\n                <div class=\"col-sm-5 \">\n                    <div class=\"ul-element-image \">\n            <a href=\"http:\/\/www.unilim.fr\/carmalim\/wp-content\/uploads\/sites\/20\/2020\/01\/bannieremathis.jpg\" target=\"\"  rel=\"lightbox\">\n                <img decoding=\"async\" class=\"img-responsive\" src=\"http:\/\/www.unilim.fr\/carmalim\/wp-content\/uploads\/sites\/20\/2020\/01\/bannieremathis.jpg\"\/>\n            <\/a>\n        <\/div>\n                <div class=\"clearfix ul-element-text \">\n            \n<h3 class=\"ul-bold\" style=\"text-align: center\">Math\u00e9matiques &amp; S\u00e9curit\u00e9 de l&rsquo;information<\/h3>\n<ul>\n<li>\n<h4 class=\"ul-bold\"><span style=\"color: #333333\">Calcul Formel<\/span><\/h4>\n<\/li>\n<li>\n<h4 class=\"ul-bold\"><span style=\"color: #333333\">Cryptis<\/span><\/h4>\n<\/li>\n<li>\n<h4 class=\"ul-bold\"><span style=\"color: #333333\">Mod\u00e9lisation Optimisation Dynamique<\/span><\/h4>\n<\/li>\n<li>\n<h4 class=\"ul-bold\"><span style=\"color: #333333\">Th\u00e9orie des nombres<\/span><\/h4>\n<\/li>\n<\/ul>\n<p>&nbsp;<\/p>\n        <\/div>\n                <\/div>\n        <\/div>\n            <\/div>\n                  <\/div>\n        \n","protected":false},"excerpt":{"rendered":"","protected":false},"author":50,"featured_media":0,"parent":61,"menu_order":0,"comment_status":"closed","ping_status":"closed","template":"page-le.php","meta":{"footnotes":""},"class_list":["post-65","page","type-page","status-publish","hentry"],"_links":{"self":[{"href":"https:\/\/www.unilim.fr\/carmalim\/index.php?rest_route=\/wp\/v2\/pages\/65","targetHints":{"allow":["GET"]}}],"collection":[{"href":"https:\/\/www.unilim.fr\/carmalim\/index.php?rest_route=\/wp\/v2\/pages"}],"about":[{"href":"https:\/\/www.unilim.fr\/carmalim\/index.php?rest_route=\/wp\/v2\/types\/page"}],"author":[{"embeddable":true,"href":"https:\/\/www.unilim.fr\/carmalim\/index.php?rest_route=\/wp\/v2\/users\/50"}],"replies":[{"embeddable":true,"href":"https:\/\/www.unilim.fr\/carmalim\/index.php?rest_route=%2Fwp%2Fv2%2Fcomments&post=65"}],"version-history":[{"count":0,"href":"https:\/\/www.unilim.fr\/carmalim\/index.php?rest_route=\/wp\/v2\/pages\/65\/revisions"}],"up":[{"embeddable":true,"href":"https:\/\/www.unilim.fr\/carmalim\/index.php?rest_route=\/wp\/v2\/pages\/61"}],"wp:attachment":[{"href":"https:\/\/www.unilim.fr\/carmalim\/index.php?rest_route=%2Fwp%2Fv2%2Fmedia&parent=65"}],"curies":[{"name":"wp","href":"https:\/\/api.w.org\/{rel}","templated":true}]}}