{"id":61,"date":"2020-01-23T23:00:00","date_gmt":"2017-09-24T20:00:00","guid":{"rendered":"http:\/\/www.unilim.fr\/carmalim-dev\/?page_id=61"},"modified":"2021-01-13T17:26:33","modified_gmt":"2021-01-13T16:26:33","slug":"recherche","status":"publish","type":"page","link":"https:\/\/www.unilim.fr\/carmalim\/?page_id=61","title":{"rendered":"Recherche"},"content":{"rendered":"                                <div class=\"ul-banner-parallax \" style=\"height:300px;\" >\n\n                                    <div class=\"ul-post-thumbnail\" style=\"height:300px; background-size: cover; background-image: url('http:\/\/www.unilim.fr\/carmalim\/wp-content\/uploads\/sites\/20\/2017\/07\/billes.jpeg')\"><!-- Image BG --><\/div>\n\n                                    <div class=\"ul-post-thumbnail-back\" style=\"margin-top:-300px; height:300px; opacity:.5;\"><!-- Texture --><\/div>\n\n                                    <div class=\"ul-layers\">\n                                        \n                                        <div class=\"ul-layer ul-slogan\" style=\"bottom:160px;right:20%;\">\n                                            <h4 class=\"text-light\"><em><br\/>\n                                            &nbsp;&nbsp;&nbsp;&nbsp;&nbsp;&nbsp;&nbsp;<\/em><\/h4>\n                                                                                    <\/div>\n\n                                    <\/div>\n\n                                <\/div>\n                                <script type=\"text\/javascript\">\n                                    \/\/\/\/\/\/\/\/\/\/\/\/\/\/\/\/\/\/\/\/\/\/\/\/\/\/\/\/\/\/\/\/\/\/\/\/\/\/\/\/\/\/\/\/\/\/\/\/\/\/\/\/\/\/\/\/\/\/\/\/\/\/\/\/\/\/\/\/\/\/\/\/\/\/\/\/\/\/\/\/\/\/\/\/\/\/\/\/\/\/\/\/\/\/\/\/\/\/\/\/\n                                    \/\/  PARALAX\n                                    \/\/\/\/\/\/\/\/\/\/\/\/\/\/\/\/\/\/\/\/\/\/\/\/\/\/\/\/\/\/\/\/\/\/\/\/\/\/\/\/\/\/\/\/\/\/\/\/\/\/\/\/\/\/\/\/\/\/\/\/\/\/\/\/\/\/\/\/\/\/\/\/\/\/\/\/\/\/\/\/\/\/\/\/\/\/\/\/\/\/\/\/\/\/\/\/\/\/\/\/\n                                    $( document ).ready(function() {\n                                        var bandeau = $('.ul-banner-parallax');\n                                        if (bandeau.length){\n                                            var imgpos = 50 - $( window ).scrollTop()\/20;\n                                            $('.ul-banner-parallax > .ul-post-thumbnail').css('background-position','50% '+imgpos+'%');\n                                            $( window ).scroll(function(){\n                                                imgpos = 50 - $( window ).scrollTop()\/10;\n                                                txtpos = 160 + $( window ).scrollTop()\/5;\n                                                frisepos = 125 + $( window ).scrollTop()\/10;\n                                                $('.ul-banner-parallax > .ul-post-thumbnail').css('background-position','50% '+imgpos+'%');\n                                                $('.ul-slogan').css('bottom',txtpos+'px');\n                                                $('.ul-frise-1').css('bottom',frisepos+'px');\n                                                \/\/$('.ul-texture').css('background-position',''+-frisepos+'%');\n                                            });\n                                        }\n                                    });\n                                <\/script>\n\n                                    <div class=\"container-fluid  \" style=\"\">\n                      <div class=\"container\">\n                <div class=\"row \" style=\"margin-top: 40px;margin-bottom: 30px\">        <div class=\"col-sm-12 \">\n                    <div class=\"clearfix ul-element-text \">\n            \n<h3 class=\"ul-bold\"><span style=\"color: #333333\">La plateforme CARMALIM est un outil de recherche majeur du laboratoire l&rsquo;<a style=\"color: #333333\" href=\"https:\/\/www.ircer.fr\/\">IRCER <\/a>et aussi un partenaire privil\u00e9gi\u00e9 de l&rsquo;institut <a style=\"color: #333333\" href=\"https:\/\/www.xlim.fr\/\">Xlim<\/a>, avec lequel certains \u00e9quipements sont communs. Ces deux unit\u00e9s de recherche, regroupant plus de la moiti\u00e9 des forces de recherche de l&rsquo;universit\u00e9 de Limoges, ont structur\u00e9 leurs recherches et leurs collaborations au sein d&rsquo;un laboratoire d&rsquo;excellence : le <a style=\"color: #333333\" href=\"https:\/\/www.xlim.fr\/labex\">LabEx \u03a3-Lim (<\/a>mat\u00e9riaux et composants c\u00e9ramiques sp\u00e9cifiques aux syst\u00e8mes communicants int\u00e9gr\u00e9s, s\u00e9curis\u00e9s, et intelligents).<\/span><\/h3>\n<h3 class=\"ul-bold\"><span style=\"color: #333333\">En parall\u00e8le, CARMALIM nourrit de nombreux \u00e9changes et d\u00e9veloppements avec d&rsquo;autres plateformes techniques de l&rsquo;universit\u00e9 de Limoges, telles que PLATINOM, PREMISS et BISCEm.<\/span><\/h3>\n        <\/div>\n                <\/div>\n        <\/div>\n            <\/div>\n                  <\/div>\n                <div class=\"container-fluid  \" style=\"\">\n                      <div class=\"container\">\n                <div class=\"row \" style=\"margin-top: 40px;margin-bottom: 60px\">        <div class=\"col-sm-4 \">\n                    <div class=\"ul-element-image \">\n            <a href=\"https:\/\/www.unilim.fr\/carmalim\/?page_id=63\" target=\"\"  rel=\"\">\n                <img decoding=\"async\" class=\"img-responsive\" src=\"http:\/\/www.unilim.fr\/carmalim\/wp-content\/uploads\/sites\/20\/2020\/01\/logo-ircer.png\"\/>\n            <\/a>\n        <\/div>\n                <\/div>\n                <div class=\"col-sm-1 \">\n                    <\/div>\n                <div class=\"col-sm-7 \">\n                    <div class=\"clearfix ul-element-text \">\n            \n<h4 class=\"ul-bold\">Institut de Recherche sur les C\u00e9ramiques<\/h4>\n<h4 style=\"text-align: left\"><span style=\"color: #333333\">L\u2019IRCER se structure autour de points forts qui constituent son c\u0153ur de m\u00e9tier et contribuent \u00e0 la visibilit\u00e9 du laboratoire. La pluridisciplinarit\u00e9 entre la science des mat\u00e9riaux et l\u2019ing\u00e9nierie des proc\u00e9d\u00e9s, ainsi que la combinaison d\u2019approches fondamentales et appliqu\u00e9es, visent \u00e0 comprendre, caract\u00e9riser, ma\u00eetriser, mod\u00e9liser les diff\u00e9rents processus qui conduisent \u00e0 l\u2019obtention d\u2019un objet ou d\u2019un d\u00e9p\u00f4t pr\u00e9sentant une ou plusieurs propri\u00e9t\u00e9s en vue d\u2019un usage donn\u00e9. Au-del\u00e0 de la capacit\u00e9 de l\u2019IRCER \u00e0 innover, la valorisation des r\u00e9sultats aupr\u00e8s du monde socio-\u00e9conomique est \u00e9galement inscrite dans ses g\u00e8nes.<\/span><\/h4>\n        <\/div>\n                <\/div>\n        <\/div>\n            <\/div>\n                  <\/div>\n                <div class=\"container-fluid  \" style=\"\">\n                      <div class=\"container\">\n                <div class=\"row \" style=\"margin-top: 60px;margin-bottom: 60px\">        <div class=\"col-sm-4 \">\n                    <div class=\"ul-element-image \">\n            <a href=\"https:\/\/www.unilim.fr\/carmalim\/?page_id=65\" target=\"\"  rel=\"\">\n                <img decoding=\"async\" class=\"img-responsive\" src=\"http:\/\/www.unilim.fr\/carmalim\/wp-content\/uploads\/sites\/20\/2020\/01\/Xlim-logo.png\"\/>\n            <\/a>\n        <\/div>\n                <\/div>\n                <div class=\"col-sm-1 \">\n                    <\/div>\n                <div class=\"col-sm-7 \">\n                    <div class=\"clearfix ul-element-text \">\n            \n<h4 class=\"ul-bold\">Xlim<\/h4>\n<h4 style=\"text-align: left\"><span style=\"color: #333333\">Xlim UMR CNRS 7252, c&rsquo;est un savoir-faire centr\u00e9 sur l&rsquo;\u00e9lectronique et les hyperfr\u00e9quences, l&rsquo;optique et la photonique, les math\u00e9matiques, l&rsquo;informatique et l&rsquo;image, la CAO, dans les domaines spatial, des r\u00e9seaux t\u00e9l\u00e9com, des environnements s\u00e9curis\u00e9s, de la bio-ing\u00e9nierie, des nouveaux mat\u00e9riaux, de l&rsquo;\u00e9nergie et de l&rsquo;imagerie.<\/span><\/h4>\n        <\/div>\n                <\/div>\n        <\/div>\n            <\/div>\n                  <\/div>\n                <div class=\"container-fluid  \" style=\"\">\n                      <div class=\"container\">\n                <div class=\"row \" style=\"margin-top: 60px;margin-bottom: 60px\">        <div class=\"col-sm-4 \">\n                    <div class=\"ul-element-image \">\n            <a href=\"https:\/\/www.unilim.fr\/carmalim\/?page_id=67\" target=\"\"  rel=\"\">\n                <img decoding=\"async\" class=\"img-responsive\" src=\"http:\/\/www.unilim.fr\/carmalim\/wp-content\/uploads\/sites\/20\/2020\/01\/logo-ul@2x.png\"\/>\n            <\/a>\n        <\/div>\n                <div class=\"clearfix ul-element-text \">\n            \n<h4 class=\"ul-bold\" style=\"text-align: center\">PLATEFORMES TECHNIQUES<\/h4>\n        <\/div>\n                <\/div>\n                <div class=\"col-sm-1 \">\n                    <\/div>\n                <div class=\"col-sm-7 \">\n                    <div class=\"clearfix ul-element-text \">\n            \n<h4 class=\"ul-bold\">Services Techniques Communs de la Recherche<\/h4>\n<h4 style=\"text-align: left\">\u00a0 <span style=\"color: #333333\">Les plateformes de l\u2019Universit\u00e9 de Limoges\u00a0sont des services d\u2019appui \u00e0 la recherche. Ce sont des services techniques communs regroupant des \u00e9quipements lourds ou mettant en \u0153uvre des savoir-faire particuliers. Elles proposent des prestations en interne et en externe (industriels, \u2026).<\/span><\/h4>\n        <\/div>\n                <\/div>\n        <\/div>\n            <\/div>\n                  <\/div>\n        \n","protected":false},"excerpt":{"rendered":"","protected":false},"author":50,"featured_media":0,"parent":0,"menu_order":0,"comment_status":"closed","ping_status":"closed","template":"page-le.php","meta":{"footnotes":""},"class_list":["post-61","page","type-page","status-publish","hentry"],"_links":{"self":[{"href":"https:\/\/www.unilim.fr\/carmalim\/index.php?rest_route=\/wp\/v2\/pages\/61","targetHints":{"allow":["GET"]}}],"collection":[{"href":"https:\/\/www.unilim.fr\/carmalim\/index.php?rest_route=\/wp\/v2\/pages"}],"about":[{"href":"https:\/\/www.unilim.fr\/carmalim\/index.php?rest_route=\/wp\/v2\/types\/page"}],"author":[{"embeddable":true,"href":"https:\/\/www.unilim.fr\/carmalim\/index.php?rest_route=\/wp\/v2\/users\/50"}],"replies":[{"embeddable":true,"href":"https:\/\/www.unilim.fr\/carmalim\/index.php?rest_route=%2Fwp%2Fv2%2Fcomments&post=61"}],"version-history":[{"count":0,"href":"https:\/\/www.unilim.fr\/carmalim\/index.php?rest_route=\/wp\/v2\/pages\/61\/revisions"}],"wp:attachment":[{"href":"https:\/\/www.unilim.fr\/carmalim\/index.php?rest_route=%2Fwp%2Fv2%2Fmedia&parent=61"}],"curies":[{"name":"wp","href":"https:\/\/api.w.org\/{rel}","templated":true}]}}