{"id":59,"date":"2021-01-14T23:00:00","date_gmt":"2017-07-17T20:00:00","guid":{"rendered":"http:\/\/www.unilim.fr\/carmalim-dev\/?page_id=59"},"modified":"2023-08-29T15:42:52","modified_gmt":"2023-08-29T13:42:52","slug":"suspensions","status":"publish","type":"page","link":"https:\/\/www.unilim.fr\/carmalim\/?page_id=59","title":{"rendered":"Suspensions"},"content":{"rendered":"                                <div class=\"ul-banner-parallax \" style=\"height:300px;\" >\n\n                                    <div class=\"ul-post-thumbnail\" style=\"height:300px; background-size: cover; background-image: url('http:\/\/www.unilim.fr\/carmalim\/wp-content\/uploads\/sites\/20\/2017\/07\/rheo-2400x800.jpg')\"><!-- Image BG --><\/div>\n\n                                    <div class=\"ul-post-thumbnail-back\" style=\"margin-top:-300px; height:300px; opacity:.5;\"><!-- Texture --><\/div>\n\n                                    <div class=\"ul-layers\">\n                                        \n                                        <div class=\"ul-layer ul-slogan\" style=\"bottom:160px;right:20%;\">\n                                            <h4 class=\"text-light\"><em><br\/>\n                                            &nbsp;&nbsp;&nbsp;&nbsp;&nbsp;&nbsp;&nbsp;<\/em><\/h4>\n                                                                                    <\/div>\n\n                                    <\/div>\n\n                                <\/div>\n                                <script type=\"text\/javascript\">\n                                    \/\/\/\/\/\/\/\/\/\/\/\/\/\/\/\/\/\/\/\/\/\/\/\/\/\/\/\/\/\/\/\/\/\/\/\/\/\/\/\/\/\/\/\/\/\/\/\/\/\/\/\/\/\/\/\/\/\/\/\/\/\/\/\/\/\/\/\/\/\/\/\/\/\/\/\/\/\/\/\/\/\/\/\/\/\/\/\/\/\/\/\/\/\/\/\/\/\/\/\/\n                                    \/\/  PARALAX\n                                    \/\/\/\/\/\/\/\/\/\/\/\/\/\/\/\/\/\/\/\/\/\/\/\/\/\/\/\/\/\/\/\/\/\/\/\/\/\/\/\/\/\/\/\/\/\/\/\/\/\/\/\/\/\/\/\/\/\/\/\/\/\/\/\/\/\/\/\/\/\/\/\/\/\/\/\/\/\/\/\/\/\/\/\/\/\/\/\/\/\/\/\/\/\/\/\/\/\/\/\/\n                                    $( document ).ready(function() {\n                                        var bandeau = $('.ul-banner-parallax');\n                                        if (bandeau.length){\n                                            var imgpos = 50 - $( window ).scrollTop()\/20;\n                                            $('.ul-banner-parallax > .ul-post-thumbnail').css('background-position','50% '+imgpos+'%');\n                                            $( window ).scroll(function(){\n                                                imgpos = 50 - $( window ).scrollTop()\/10;\n                                                txtpos = 160 + $( window ).scrollTop()\/5;\n                                                frisepos = 125 + $( window ).scrollTop()\/10;\n                                                $('.ul-banner-parallax > .ul-post-thumbnail').css('background-position','50% '+imgpos+'%');\n                                                $('.ul-slogan').css('bottom',txtpos+'px');\n                                                $('.ul-frise-1').css('bottom',frisepos+'px');\n                                                \/\/$('.ul-texture').css('background-position',''+-frisepos+'%');\n                                            });\n                                        }\n                                    });\n                                <\/script>\n\n                                    <div class=\"container-fluid  \" style=\"\">\n                      <div class=\"container\">\n                <div class=\"row \" style=\"margin-top: 60px;margin-bottom: 20px\">        <div class=\"col-md-12 \">\n                    <div class=\"clearfix ul-element-text \">\n            \n<h3 class=\"ul-bold\" style=\"text-align: justify\" data-mce-style=\"text-align: justify;\"><span style=\"color: #333333\" data-mce-style=\"color: #333333;\">Ce p\u00f4le propose des outils indispensables \u00e0 la compr\u00e9hension du comportement des mat\u00e9riaux finement divis\u00e9s dans un liquide. Am\u00e9liorer la formulation et l&rsquo;\u00e9laboration de ces suspensions est la premi\u00e8re \u00e9tape du d\u00e9veloppement des proc\u00e9d\u00e9s de mise en forme.<\/span><\/h3>\n        <\/div>\n                <\/div>\n        <\/div>\n            <\/div>\n                  <\/div>\n                <div class=\"container-fluid  \" style=\"\">\n                      <div class=\"container\">\n                <div class=\"row \" style=\"margin-top: 0px;margin-bottom: 30px\">        <div class=\"col-sm-8 \">\n                    <div class=\"clearfix ul-element-text \">\n            \n<p>&nbsp;<\/p>\n        <\/div>\n                <div class=\"clearfix ul-element-text \">\n            \n<h3 class=\"ul-bold\">Les techniques :<\/h3>\n<p>&nbsp;<\/p>\n        <\/div>\n                <div class=\"clearfix ul-element-text \">\n            \n<h4 class=\"ul-bold\" style=\"text-align: justify\" data-mce-style=\"text-align: justify;\"><span style=\"color: #ff0000\" data-mce-style=\"color: #ff0000;\"><strong><span style=\"color: #b51621\" data-mce-style=\"color: #b51621;\">Rh\u00e9ologie<\/span> <\/strong><\/span><\/h4>\n<h4 style=\"text-align: justify\" data-mce-style=\"text-align: justify;\"><span style=\"color: #333333\" data-mce-style=\"color: #333333;\">Etude du comportement de fluides liquides, de mat\u00e9riaux visqueux, sous diff\u00e9rentes contraintes (temps, temp\u00e9rature, forces).<\/span><\/h4>\n<h4 style=\"text-align: justify\" data-mce-style=\"text-align: justify;\"><span style=\"color: #333333\" data-mce-style=\"color: #333333;\">Le comportement des liquides lorsqu&rsquo;ils s&rsquo;\u00e9coulent apportent des informations sur leurs propri\u00e9t\u00e9s \u00e9lastiques, visco-\u00e9lastiques et visqueuses.<\/span><\/h4>\n<h4 class=\"ul-bold\" style=\"text-align: justify\" data-mce-style=\"text-align: justify;\"><span style=\"color: #b51621\" data-mce-style=\"color: #b51621;\"><strong>Potentiel Z\u00e9ta <\/strong><\/span><\/h4>\n<h4 style=\"text-align: justify\" data-mce-style=\"text-align: justify;\"><span style=\"color: #333333\" data-mce-style=\"color: #333333;\">Potentiel \u00e9lectrostatique des particules en suspension dans un liquide.<\/span><\/h4>\n<h4 style=\"text-align: justify\" data-mce-style=\"text-align: justify;\"><span style=\"color: #333333\" data-mce-style=\"color: #333333;\">Les mesures de potentiel Zeta permettent de mieux maitriser le comportement des suspensions : stabilit\u00e9, coalescence, floculation, &#8230;<\/span><\/h4>\n<h4 class=\"ul-bold\" style=\"text-align: justify\" data-mce-style=\"text-align: justify;\"><strong><span style=\"color: #333333\" data-mce-style=\"color: #333333;\"><span style=\"color: #b51621\" data-mce-style=\"color: #b51621;\">Acoustophor\u00e8se<\/span> <\/span><\/strong><\/h4>\n<h4 style=\"text-align: justify\" data-mce-style=\"text-align: justify;\"><span style=\"color: #333333\" data-mce-style=\"color: #333333;\">Cr\u00e9ation d&rsquo;un champ \u00e9lectrique par onde acoustique.<\/span><\/h4>\n<h4 style=\"text-align: justify\" data-mce-style=\"text-align: justify;\"><span style=\"color: #333333\" data-mce-style=\"color: #333333;\">Ce champ \u00e9lectrique est utilis\u00e9 pour \u00e9tudier le comportement d&rsquo;une suspension de particules charg\u00e9es \u00e9lectriquement.<\/span><\/h4>\n<h4 class=\"ul-bold\" style=\"text-align: justify\" data-mce-style=\"text-align: justify;\"><span style=\"color: #b51621\" data-mce-style=\"color: #b51621;\"><strong>Turbidit\u00e9 <\/strong><\/span><\/h4>\n<h4 style=\"text-align: justify\" data-mce-style=\"text-align: justify;\"><span style=\"color: #333333\" data-mce-style=\"color: #333333;\">Etat d&rsquo;un liquide trouble.<\/span><\/h4>\n<h4 style=\"text-align: justify\" data-mce-style=\"text-align: justify;\"><span style=\"color: #333333\" data-mce-style=\"color: #333333;\">La mesure de la teneur d&rsquo;un liquide en mati\u00e8res qui le trouble permet d&rsquo;identifier et de quantifier les ph\u00e9nom\u00e8nes tels que la floculation, la s\u00e9dimentation, la coalescence, &#8230;<\/span><\/h4>\n<p><span style=\"color: #333333\" data-mce-style=\"color: #333333;\"><\/span><\/p>\n        <\/div>\n                <div class=\"\">\n            <hr\/>\n        <\/div>\n                <div class=\"clearfix ul-element-text \">\n            \n<h4 style=\"text-align: justify\" data-mce-style=\"text-align: justify;\"><span style=\"color: #333333\" data-mce-style=\"color: #333333;\">&nbsp;<\/span><\/h4>\n<h4 style=\"text-align: justify\" data-mce-style=\"text-align: justify;\"><strong><span style=\"color: #333333\" data-mce-style=\"color: #333333;\">La majorit\u00e9 des \u00e9quipements du p\u00f4le Suspensions sont accessibles \u00e0 la r\u00e9servation en libre-service apr\u00e8s formation. Selon les exigences de l&rsquo;analyse, la technique et l&rsquo;\u00e9quipement ad\u00e9quats seront propos\u00e9s par les responsables technique et scientifique.<\/span><\/strong><\/h4>\n        <\/div>\n                <\/div>\n                <div class=\"col-sm-4 \">\n                    <div class=\"clearfix ul-element-text \">\n            \n<div id=\"new-royalslider-5\" class=\"royalSlider new-royalslider-5 rsMinW rs-default-template\" style=\"width:100%;height:800px;;\" data-rs-options='{&quot;template&quot;:&quot;default&quot;,&quot;image_generation&quot;:{&quot;imageWidth&quot;:&quot;&quot;,&quot;imageHeight&quot;:&quot;&quot;,&quot;thumbImageWidth&quot;:&quot;&quot;,&quot;thumbImageHeight&quot;:&quot;&quot;},&quot;thumbs&quot;:{&quot;thumbWidth&quot;:96,&quot;thumbHeight&quot;:72},&quot;block&quot;:{&quot;moveOffset&quot;:20,&quot;speed&quot;:400,&quot;delay&quot;:200},&quot;width&quot;:&quot;100%&quot;,&quot;height&quot;:&quot;800px&quot;,&quot;loop&quot;:&quot;true&quot;}'>\n<div class=\"rsContent\">\n  <img decoding=\"async\" class=\"rsImg\" src=\"https:\/\/www.unilim.fr\/carmalim\/wp-content\/uploads\/sites\/20\/2020\/01\/turb3.jpg\" alt=\"turb3\"\/>\n  \n  \n  \n<\/div>\n<div class=\"rsContent\">\n  <img decoding=\"async\" class=\"rsImg\" src=\"https:\/\/www.unilim.fr\/carmalim\/wp-content\/uploads\/sites\/20\/2020\/01\/rheo6.jpg\" alt=\"rheo6\"\/>\n  \n  \n  \n<\/div>\n<div class=\"rsContent\">\n  <img decoding=\"async\" class=\"rsImg\" src=\"https:\/\/www.unilim.fr\/carmalim\/wp-content\/uploads\/sites\/20\/2020\/01\/rheo5.jpg\" alt=\"rheo5\"\/>\n  \n  \n  \n<\/div>\n<div class=\"rsContent\">\n  <img decoding=\"async\" class=\"rsImg\" src=\"https:\/\/www.unilim.fr\/carmalim\/wp-content\/uploads\/sites\/20\/2020\/01\/turb2.jpg\" alt=\"turb2\"\/>\n  \n  \n  \n<\/div>\n<div class=\"rsContent\">\n  <img decoding=\"async\" class=\"rsImg\" src=\"https:\/\/www.unilim.fr\/carmalim\/wp-content\/uploads\/sites\/20\/2020\/01\/rheo2.jpg\" alt=\"rheo2\"\/>\n  \n  \n  \n<\/div>\n<div class=\"rsContent\">\n  <img decoding=\"async\" class=\"rsImg\" src=\"https:\/\/www.unilim.fr\/carmalim\/wp-content\/uploads\/sites\/20\/2020\/01\/rheo4.jpg\" alt=\"rheo4\"\/>\n  \n  \n  \n<\/div>\n\n<\/div>\n\n        <\/div>\n                <\/div>\n        <\/div>\n            <\/div>\n                  <\/div>\n                <div class=\"container-fluid bg-gray-lighter \" style=\"\">\n                      <div class=\"container\">\n                <div class=\"row \" style=\"margin-top: 30px;margin-bottom: 30px\">        <div class=\"col-sm-6 \">\n                    <div class=\"clearfix ul-element-text \">\n            \n<h3 class=\"ul-bold\" style=\"text-align: center\" data-mce-style=\"text-align: center;\"><span style=\"color: #333333\" data-mce-style=\"color: #333333;\">CONTACTS<\/span><\/h3>\n<p>&nbsp;<\/p>\n        <\/div>\n                <div class=\"clearfix ul-element-text \">\n            \n<h3 class=\"ul-bold\" style=\"text-align: center\" data-mce-style=\"text-align: center;\">suspensions.carmalim@unilim.fr<\/h3>\n<h3 class=\"ul-bold\" style=\"text-align: center\" data-mce-style=\"text-align: center;\">carmalim@unilim.fr<\/h3>\n        <\/div>\n                <\/div>\n                <div class=\"col-sm-6 \">\n                    <div class=\"clearfix ul-element-text \">\n            \n<h3 class=\"ul-bold\" style=\"text-align: center\" data-mce-style=\"text-align: center;\"><span style=\"color: #333333\" data-mce-style=\"color: #333333;\">RESERVATIONS<\/span><\/h3>\n<p>&nbsp;<\/p>\n        <\/div>\n                <div class=\"clearfix ul-element-text \">\n            \n<h3 class=\"ul-bold\" style=\"text-align: center\" data-mce-style=\"text-align: center;\"><a href=\"https:\/\/www.unilim.fr\/carmalim\/grr\/login.php\" data-mce-href=\"https:\/\/www.unilim.fr\/carmalim\/grr\/login.php\">GRR &#8211; Carmalim<\/a><br data-mce-bogus=\"1\"><\/h3>\n<p>&nbsp;<\/p>\n        <\/div>\n                <\/div>\n        <\/div>\n            <\/div>\n                  <\/div>\n                <div class=\"container-fluid  \" style=\"\">\n                      <div class=\"container\">\n                <div class=\"row \" style=\"margin-top: 30px;margin-bottom: 30px\">        <div class=\"col-sm-12 \">\n                    <div class=\"clearfix ul-element-text \">\n            \n<h2 class=\"ul-bold\">Principaux \u00e9quipements<\/h2>\n        <\/div>\n                <\/div>\n        <\/div>\n            <\/div>\n                  <\/div>\n                <div class=\"container-fluid  \" style=\"\">\n                      <div class=\"container\">\n                <div class=\"row \" style=\"margin-top: 10px;margin-bottom: 30px\">        <div class=\"col-sm-10 \">\n            \n        \n        <div class=\"ul-element-header text-left  \">\n\n            <h3 class=\"ul-bold  \" style=\"\">\n                                Rh\u00e9ologie                            <\/h3>\n        <\/div>\n                <div class=\"panel-group \" id=\"object543\">\n                    <div class=\"panel panel-default\">\n            <div class=\"panel-heading\">\n                <h3 class=\"panel-title\">\n                    <a data-toggle=\"collapse\" data-parent=\"#object543\" href=\"#object572\"><strong>AR 1500 ex - Dynamics HR2 - TA Instruments<\/strong><\/a>\n                <\/h3>\n            <\/div>\n            <div id=\"object572\" class=\"panel-collapse collapse \">\n                <div class=\"panel-body\">\n                  \n<h4 style=\"text-align: justify\"><span style=\"color: #333333\">2 Rh&eacute;om&egrave;tres &agrave; contraintes impos&eacute;es en configuration rotative<\/span><\/h4>\n<h4 style=\"text-align: justify\"><span style=\"color: #333333\">g&eacute;om&eacute;tries : c&ocirc;ne, plan, cylindres concentriques, double entrefer, ailettes, h&eacute;lices<\/span><\/h4>\n<h4 style=\"text-align: justify\"><span style=\"color: #333333\">mesures en &eacute;coulement et oscillation (balayage en amplitude, balayage en fr&eacute;quence jusqu&rsquo;&agrave; 10 Hz)<\/span><\/h4>\n<h4 style=\"text-align: justify\"><span style=\"color: #333333\">mesures en temp&eacute;rature possibles jusqu&rsquo;&agrave; 600 &deg;C<\/span><\/h4>\n                <\/div>\n            <\/div>\n        <\/div>\n                <div class=\"panel panel-default\">\n            <div class=\"panel-heading\">\n                <h3 class=\"panel-title\">\n                    <a data-toggle=\"collapse\" data-parent=\"#object543\" href=\"#object590\"><strong>Fluidicam - Formulaction<\/strong><\/a>\n                <\/h3>\n            <\/div>\n            <div id=\"object590\" class=\"panel-collapse collapse \">\n                <div class=\"panel-body\">\n                  \n<h4 style=\"text-align: justify\"><span style=\"color: #333333\">Rh&eacute;om&egrave;tre &agrave; d&eacute;bit impos&eacute;, adapt&eacute; aux faibles viscosit&eacute;s et forts taux de cisaillement, mesures en &eacute;coulement et en temp&eacute;rature jusqu&rsquo;&agrave; 80&deg;<\/span><\/h4>\n<h4 style=\"text-align: justify\"><span style=\"color: #333333\">taux de cisaillement &eacute;lev&eacute;s de 100 &agrave; 10E+5 s-1 (applications dans l&rsquo;impression, la pulv&eacute;risation, l&rsquo;injection, la lubrification).<\/span><\/h4>\n<h4 style=\"text-align: justify\"><span style=\"color: #333333\">gamme de viscosit&eacute; de 0.1 &agrave; 200 000 cP<\/span><\/h4>\n<h4 style=\"text-align: justify\"><span style=\"color: #333333\">faible volume d&rsquo;&eacute;chantillonnage (min 100 &micro;L)<\/span><\/h4>\n<h4 style=\"text-align: justify\"><span style=\"color: #333333\">pr&eacute;cision \/ r&eacute;p&eacute;tabilit&eacute;&nbsp; 1&nbsp;%<\/span><\/h4>\n                <\/div>\n            <\/div>\n        <\/div>\n                <div class=\"panel panel-default\">\n            <div class=\"panel-heading\">\n                <h3 class=\"panel-title\">\n                    <a data-toggle=\"collapse\" data-parent=\"#object543\" href=\"#object608\"><strong>RHEO Tester 1000 - G\u00f6ttfert<\/strong><\/a>\n                <\/h3>\n            <\/div>\n            <div id=\"object608\" class=\"panel-collapse collapse \">\n                <div class=\"panel-body\">\n                  \n<h4 style=\"text-align: justify\"><span style=\"color: #333333\">Rh&eacute;om&egrave;tre capillaire haute pression<\/span><\/h4>\n<h4 style=\"text-align: justify\"><span style=\"color: #333333\">&eacute;tude du comportement &agrave; l&rsquo;&eacute;coulement et de la viscosit&eacute; jusqu&rsquo;&agrave; 300 &deg;C<\/span><\/h4>\n<h4 style=\"text-align: justify\"><span style=\"color: #333333\">gamme de vitesse de 0.0005 &agrave; 10 mm\/s<\/span><\/h4>\n<h4 style=\"text-align: justify\"><span style=\"color: #333333\">force max 15 kN (pour une vitesse inf&eacute;rieure &agrave; 4 mm\/s)<\/span><\/h4>\n<h4 style=\"text-align: justify\"><span style=\"color: #333333\">pression : 1400 bar pour un piston de 9.5 mm et 850 bar pour un piston de 12 mm de diam&egrave;tre.<\/span><\/h4>\n                <\/div>\n            <\/div>\n        <\/div>\n                <div class=\"panel panel-default\">\n            <div class=\"panel-heading\">\n                <h3 class=\"panel-title\">\n                    <a data-toggle=\"collapse\" data-parent=\"#object543\" href=\"#object626\"><strong>HAAKE MARS 3 - Thermo Scientific<\/strong><\/a>\n                <\/h3>\n            <\/div>\n            <div id=\"object626\" class=\"panel-collapse collapse \">\n                <div class=\"panel-body\">\n                  \n<h4 style=\"text-align: justify\"><span style=\"color: #333333\">Plateforme modulaire et avanc&eacute;e de rh&eacute;ologie Thermo Scientific Haake MARS III :<\/span> <span style=\"color: #333333\">&#8211; unit&eacute; basse de chauffage &eacute;lectrique pour plans et c&ocirc;nes (jusqu&rsquo;&agrave; 400&deg;C) ;<\/span> <span style=\"color: #333333\">&#8211; essais r&eacute;alisables sous atmosph&egrave;re contr&ocirc;l&eacute;e ;<\/span> <span style=\"color: #333333\">&#8211; option MWD permettant le calcul des masses molaires &agrave; partir du logiciel Rheowin<\/span><\/h4>\n<ul>\n<li>\n<h4 style=\"text-align: justify\"><span style=\"color: #333333\">module rh&eacute;onaut pour couplage avec un spectrom&egrave;tre IR Nicolet IS10.<\/span><\/h4>\n<\/li>\n<li>\n<h4 style=\"text-align: justify\"><span style=\"color: #333333\">d&eacute;tecteur &agrave; diffusion de lumi&egrave;re statique multi-angles WYATT : source lumineuse &agrave; diode laser 120 mW &agrave; 658 nm; 18 angles de mesure. masse de 10E+3 g.mol-1 &agrave; 10E+9 g.mol-1; taille de 10 nm &agrave; 500 nm.<\/span><\/h4>\n<\/li>\n<li>\n<h4 style=\"text-align: justify\"><span style=\"color: #333333\">r&eacute;fractom&egrave;tre diff&eacute;rentiel avec gamme &eacute;tendue (512 photodiodes) ;<\/span><\/h4>\n<\/li>\n<li>\n<h4 style=\"text-align: justify\"><span style=\"color: #333333\">SEC-HPLC Shimadzu, four &agrave; colonnes, d&eacute;tecteur UV-Visible double longueurs d&rsquo;ondes programmable.<\/span><\/h4>\n<\/li>\n<\/ul>\n                <\/div>\n            <\/div>\n        <\/div>\n                <\/div>\n                <\/div>\n                <div class=\"col-sm-2 \">\n                    <\/div>\n        <\/div>\n            <\/div>\n                  <\/div>\n                <div class=\"container-fluid  \" style=\"\">\n                      <div class=\"container\">\n                <div class=\"row \" style=\"margin-top: 10px;margin-bottom: 30px\">        <div class=\"col-sm-10 \">\n            \n        \n        <div class=\"ul-element-header text-left  \">\n\n            <h3 class=\"ul-bold  \" style=\"\">\n                                Suspensions                            <\/h3>\n        <\/div>\n                <div class=\"panel-group \" id=\"object7717\">\n                    <div class=\"panel panel-default\">\n            <div class=\"panel-heading\">\n                <h3 class=\"panel-title\">\n                    <a data-toggle=\"collapse\" data-parent=\"#object7717\" href=\"#object7742\"><strong>Nano ZS - Zetasizer - Malvern<\/strong><\/a>\n                <\/h3>\n            <\/div>\n            <div id=\"object7742\" class=\"panel-collapse collapse \">\n                <div class=\"panel-body\">\n                  \n<h4 style=\"text-align: justify\"><span style=\"color: #333333\">Utilis\u00e9 pour mesurer la taille des particules ou des mol\u00e9cules par DLS (Dynamic Light Scattering), ainsi que le potentiel z\u00eata de collo\u00efdes et nanoparticules par mesure de la mobilit\u00e9 \u00e9lectrophor\u00e9tique.<\/span><\/h4>\n<h4 style=\"text-align: justify\"><span style=\"color: #333333\">plage de mesure<\/span><\/h4>\n<h4 style=\"text-align: justify\"><span style=\"color: #333333\">taille : de 0.3 nm \u00e0 10 \u00b5m<\/span><\/h4>\n<h4 style=\"text-align: justify\"><span style=\"color: #333333\">potentiel Zeta : &gt; +\/- 500 mV<\/span><\/h4>\n<h4 style=\"text-align: justify\"><span style=\"color: #333333\">mobilit\u00e9 : &gt; +\/- 20 \u00b5.cm\/V.s<\/span><\/h4>\n                <\/div>\n            <\/div>\n        <\/div>\n                <div class=\"panel panel-default\">\n            <div class=\"panel-heading\">\n                <h3 class=\"panel-title\">\n                    <a data-toggle=\"collapse\" data-parent=\"#object7717\" href=\"#object7760\"><strong>AcoustoSizer HS - Colloidal Dynamics<\/strong><\/a>\n                <\/h3>\n            <\/div>\n            <div id=\"object7760\" class=\"panel-collapse collapse \">\n                <div class=\"panel-body\">\n                  \n<h4 style=\"text-align: justify\"><span style=\"color: #333333\">Caract\u00e9risation approfondie des dispersions collo\u00efdales concentr\u00e9es jusqu&rsquo;\u00e0 50\u00b0C. Mesure directe de la taille des particules, du potentiel z\u00eata, du pH, de la conductivit\u00e9 et de la temp\u00e9rature.<\/span><\/h4>\n<h4 style=\"text-align: justify\"><span style=\"color: #333333\">Concentration : de 1 \u00e0 40% en volume (selon la viscosit\u00e9)<\/span><\/h4>\n<h4 style=\"text-align: justify\"><span style=\"color: #333333\">volume d&rsquo;\u00e9chantillon : 150 ml en \u00e9coulement et 20 ml en statique<\/span><\/h4>\n<h4 style=\"text-align: justify\"><span style=\"color: #333333\">viscosit\u00e9 max : 2500 centipoise<\/span><\/h4>\n<h4 style=\"text-align: justify\"><span style=\"color: #333333\">conductivit\u00e9 : de 0 \u00e0 5 S\/m<\/span><\/h4>\n<h4 style=\"text-align: justify\"><span style=\"color: #333333\">taille des particules : 20 nm \u00e0 10 \u00b5m<\/span><\/h4>\n                <\/div>\n            <\/div>\n        <\/div>\n                <div class=\"panel panel-default\">\n            <div class=\"panel-heading\">\n                <h3 class=\"panel-title\">\n                    <a data-toggle=\"collapse\" data-parent=\"#object7717\" href=\"#object7778\"><strong>Turbiscan - Formulaction<\/strong><\/a>\n                <\/h3>\n            <\/div>\n            <div id=\"object7778\" class=\"panel-collapse collapse \">\n                <div class=\"panel-body\">\n                  \n<h4 style=\"text-align: justify\"><span style=\"color: #333333\">Mesure de la r\u00e9flectance et transmittance d&rsquo;un \u00e9chantillon (ponctuel ou sur toute la hauteur du flacon) au cours du temps, pour un suivi de stabilit\u00e9 (s\u00e9dimentation, cr\u00e9mage, agr\u00e9gation et coalescence) jusqu&rsquo;\u00e0 60 \u00b0C.<\/span><\/h4>\n<h4 style=\"text-align: justify\"><span style=\"color: #333333\">Volume d&rsquo;\u00e9chantillon 4 ou 20 ml<\/span><\/h4>\n<h4 style=\"text-align: justify\"><span style=\"color: #333333\">Concentration : de 0.0001 \u00e0 95 % en volume<\/span><\/h4>\n<h4 style=\"text-align: justify\"><span style=\"color: #333333\">taille : de 10 nm \u00e0 1 mm<\/span><\/h4>\n<h4 style=\"text-align: justify\"><span style=\"color: #333333\">reproductibilit\u00e9 \/ r\u00e9p\u00e9tabilit\u00e9 : 0.1 % \/ 0.05 %<\/span><\/h4>\n                <\/div>\n            <\/div>\n        <\/div>\n                <\/div>\n                <\/div>\n                <div class=\"col-sm-2 \">\n                    <\/div>\n        <\/div>\n            <\/div>\n                  <\/div>\n        \n","protected":false},"excerpt":{"rendered":"","protected":false},"author":50,"featured_media":0,"parent":46,"menu_order":0,"comment_status":"closed","ping_status":"closed","template":"page-le.php","meta":{"footnotes":""},"class_list":["post-59","page","type-page","status-publish","hentry"],"_links":{"self":[{"href":"https:\/\/www.unilim.fr\/carmalim\/index.php?rest_route=\/wp\/v2\/pages\/59","targetHints":{"allow":["GET"]}}],"collection":[{"href":"https:\/\/www.unilim.fr\/carmalim\/index.php?rest_route=\/wp\/v2\/pages"}],"about":[{"href":"https:\/\/www.unilim.fr\/carmalim\/index.php?rest_route=\/wp\/v2\/types\/page"}],"author":[{"embeddable":true,"href":"https:\/\/www.unilim.fr\/carmalim\/index.php?rest_route=\/wp\/v2\/users\/50"}],"replies":[{"embeddable":true,"href":"https:\/\/www.unilim.fr\/carmalim\/index.php?rest_route=%2Fwp%2Fv2%2Fcomments&post=59"}],"version-history":[{"count":0,"href":"https:\/\/www.unilim.fr\/carmalim\/index.php?rest_route=\/wp\/v2\/pages\/59\/revisions"}],"up":[{"embeddable":true,"href":"https:\/\/www.unilim.fr\/carmalim\/index.php?rest_route=\/wp\/v2\/pages\/46"}],"wp:attachment":[{"href":"https:\/\/www.unilim.fr\/carmalim\/index.php?rest_route=%2Fwp%2Fv2%2Fmedia&parent=59"}],"curies":[{"name":"wp","href":"https:\/\/api.w.org\/{rel}","templated":true}]}}