{"id":46,"date":"2020-01-20T23:00:00","date_gmt":"2017-09-24T20:00:00","guid":{"rendered":"http:\/\/www.unilim.fr\/carmalim-dev\/?page_id=46"},"modified":"2021-01-13T17:31:26","modified_gmt":"2021-01-13T16:31:26","slug":"services-danalyse","status":"publish","type":"page","link":"https:\/\/www.unilim.fr\/carmalim\/?page_id=46","title":{"rendered":"Services d&rsquo;analyse"},"content":{"rendered":"                                <div class=\"ul-banner-parallax \" style=\"height:300px;\" >\n\n                                    <div class=\"ul-post-thumbnail\" style=\"height:300px; background-size: cover; background-image: url('http:\/\/www.unilim.fr\/carmalim\/wp-content\/uploads\/sites\/20\/2017\/07\/a-xps-2400x800.jpg')\"><!-- Image BG --><\/div>\n\n                                    <div class=\"ul-post-thumbnail-back\" style=\"margin-top:-300px; height:300px; opacity:.5;\"><!-- Texture --><\/div>\n\n                                    <div class=\"ul-layers\">\n                                        \n                                        <div class=\"ul-layer ul-slogan\" style=\"bottom:160px;right:20%;\">\n                                            <h4 class=\"text-light\"><em><br\/>\n                                            &nbsp;&nbsp;&nbsp;&nbsp;&nbsp;&nbsp;&nbsp;<\/em><\/h4>\n                                                                                    <\/div>\n\n                                    <\/div>\n\n                                <\/div>\n                                <script type=\"text\/javascript\">\n                                    \/\/\/\/\/\/\/\/\/\/\/\/\/\/\/\/\/\/\/\/\/\/\/\/\/\/\/\/\/\/\/\/\/\/\/\/\/\/\/\/\/\/\/\/\/\/\/\/\/\/\/\/\/\/\/\/\/\/\/\/\/\/\/\/\/\/\/\/\/\/\/\/\/\/\/\/\/\/\/\/\/\/\/\/\/\/\/\/\/\/\/\/\/\/\/\/\/\/\/\/\n                                    \/\/  PARALAX\n                                    \/\/\/\/\/\/\/\/\/\/\/\/\/\/\/\/\/\/\/\/\/\/\/\/\/\/\/\/\/\/\/\/\/\/\/\/\/\/\/\/\/\/\/\/\/\/\/\/\/\/\/\/\/\/\/\/\/\/\/\/\/\/\/\/\/\/\/\/\/\/\/\/\/\/\/\/\/\/\/\/\/\/\/\/\/\/\/\/\/\/\/\/\/\/\/\/\/\/\/\/\n                                    $( document ).ready(function() {\n                                        var bandeau = $('.ul-banner-parallax');\n                                        if (bandeau.length){\n                                            var imgpos = 50 - $( window ).scrollTop()\/20;\n                                            $('.ul-banner-parallax > .ul-post-thumbnail').css('background-position','50% '+imgpos+'%');\n                                            $( window ).scroll(function(){\n                                                imgpos = 50 - $( window ).scrollTop()\/10;\n                                                txtpos = 160 + $( window ).scrollTop()\/5;\n                                                frisepos = 125 + $( window ).scrollTop()\/10;\n                                                $('.ul-banner-parallax > .ul-post-thumbnail').css('background-position','50% '+imgpos+'%');\n                                                $('.ul-slogan').css('bottom',txtpos+'px');\n                                                $('.ul-frise-1').css('bottom',frisepos+'px');\n                                                \/\/$('.ul-texture').css('background-position',''+-frisepos+'%');\n                                            });\n                                        }\n                                    });\n                                <\/script>\n\n                                    <div class=\"container-fluid  \" style=\"\">\n                      <div class=\"container\">\n                <div class=\"row \" style=\"margin-top: 30px;margin-bottom: 30px\">        <div class=\"col-md-12 \">\n                    <div class=\"clearfix ul-element-text \">\n            \n<h3 class=\"ul-bold\" style=\"text-align: justify\"><span style=\"color: #333333\">CARMALIM est un service commun universitaire d\u00e9di\u00e9 \u00e0 la caract\u00e9risation physico-chimique des mat\u00e9riaux. Cette plateforme technique, cr\u00e9\u00e9e en 2015, est l&rsquo;\u00e9volution\u00a0 du SERMIEL, ancien service commun universitaire d\u00e9di\u00e9 \u00e0 la microscopie \u00e9lectronique. D\u00e9sormais, ce service rassemble les diff\u00e9rentes comp\u00e9tences techniques et la grande majorit\u00e9 des \u00e9quipements de caract\u00e9risation du laboratoire IRCER, organis\u00e9s en 6 p\u00f4les.<\/span><\/h3>\n<p>&nbsp;<\/p>\n        <\/div>\n                <\/div>\n        <\/div>\n            <\/div>\n                  <\/div>\n                <div class=\"container-fluid  \" style=\"\">\n                      <div class=\"container\">\n                <div class=\"row \" style=\"margin-top: 30px;margin-bottom: 20px\">        <div class=\"col-sm-4 \">\n                    <a class=\"ul-element-rollover \" style=\"padding:20px\" href=\"http:\/\/www.unilim.fr\/carmalim\/?page_id=48\" target=\"_self\">\n            <div class=\"ul-element-rollover-container  \">\n                <div class=\"img-container\">\n                    <img decoding=\"async\" src=\"http:\/\/www.unilim.fr\/carmalim\/wp-content\/uploads\/sites\/20\/2018\/03\/MEB-sepia-2.jpg\" \/>\n                                    <\/div>\n                <div class=\"text-container\">\n                    <div class=\"text-inner\">\n                        \n<h2 class=\"ul-bold\">MICROSCOPIE<\/h2>\n                    <\/div>\n                <\/div>\n            <\/div>\n        <\/a>\n\n                <\/div>\n                <div class=\"col-sm-4 \">\n                    <a class=\"ul-element-rollover \" style=\"padding:20px\" href=\"http:\/\/www.unilim.fr\/carmalim\/?page_id=50\" target=\"_self\">\n            <div class=\"ul-element-rollover-container  \">\n                <div class=\"img-container\">\n                    <img decoding=\"async\" src=\"http:\/\/www.unilim.fr\/carmalim\/wp-content\/uploads\/sites\/20\/2018\/03\/DRX-sepia-2-1.jpg\" \/>\n                                    <\/div>\n                <div class=\"text-container\">\n                    <div class=\"text-inner\">\n                        \n<h2 class=\"ul-bold\">DIFFRACTION DES RAYONS X<\/h2>\n                    <\/div>\n                <\/div>\n            <\/div>\n        <\/a>\n\n                <\/div>\n                <div class=\"col-sm-4 \">\n                    <a class=\"ul-element-rollover \" style=\"padding:20px\" href=\"http:\/\/www.unilim.fr\/carmalim\/?page_id=52\" target=\"_self\">\n            <div class=\"ul-element-rollover-container  \">\n                <div class=\"img-container\">\n                    <img decoding=\"async\" src=\"http:\/\/www.unilim.fr\/carmalim\/wp-content\/uploads\/sites\/20\/2020\/01\/atg-sepia.jpg\" \/>\n                                    <\/div>\n                <div class=\"text-container\">\n                    <div class=\"text-inner\">\n                        \n<h2 class=\"ul-bold\">ANALYSE THERMIQUE CHIMIQUE ET MORPHOLOGIQUE<\/h2>\n                    <\/div>\n                <\/div>\n            <\/div>\n        <\/a>\n\n                <\/div>\n        <\/div>\n            <\/div>\n                  <\/div>\n                <div class=\"container-fluid  \" style=\"\">\n                      <div class=\"container\">\n                <div class=\"row \" style=\"margin-top: 20px;margin-bottom: 20px\">        <div class=\"col-sm-4 \">\n                    <a class=\"ul-element-rollover \" style=\"padding:20px\" href=\"http:\/\/www.unilim.fr\/carmalim\/?page_id=54\" target=\"_self\">\n            <div class=\"ul-element-rollover-container  \">\n                <div class=\"img-container\">\n                    <img decoding=\"async\" src=\"http:\/\/www.unilim.fr\/carmalim\/wp-content\/uploads\/sites\/20\/2020\/01\/laser-sepia.png\" \/>\n                                    <\/div>\n                <div class=\"text-container\">\n                    <div class=\"text-inner\">\n                        \n<h2 class=\"ul-bold\">SPECTROSCOPIE ET OPTIQUE<\/h2>\n                    <\/div>\n                <\/div>\n            <\/div>\n        <\/a>\n\n                <\/div>\n                <div class=\"col-sm-4 \">\n                    <a class=\"ul-element-rollover \" style=\"padding:20px\" href=\"http:\/\/www.unilim.fr\/carmalim\/?page_id=56\" target=\"_self\">\n            <div class=\"ul-element-rollover-container  \">\n                <div class=\"img-container\">\n                    <img decoding=\"async\" src=\"http:\/\/www.unilim.fr\/carmalim\/wp-content\/uploads\/sites\/20\/2018\/03\/SPS-sepia-2.jpg\" \/>\n                                    <\/div>\n                <div class=\"text-container\">\n                    <div class=\"text-inner\">\n                        \n<h2 class=\"ul-bold\">TRAITEMENT THERMIQUE ET PROPRIETES MECANIQUES<\/h2>\n                    <\/div>\n                <\/div>\n            <\/div>\n        <\/a>\n\n                <\/div>\n                <div class=\"col-sm-4 \">\n                    <a class=\"ul-element-rollover \" style=\"padding:20px\" href=\"http:\/\/www.unilim.fr\/carmalim\/?page_id=59\" target=\"_self\">\n            <div class=\"ul-element-rollover-container  \">\n                <div class=\"img-container\">\n                    <img decoding=\"async\" src=\"http:\/\/www.unilim.fr\/carmalim\/wp-content\/uploads\/sites\/20\/2018\/03\/rheo-sepia-2.jpg\" \/>\n                                    <\/div>\n                <div class=\"text-container\">\n                    <div class=\"text-inner\">\n                        \n<h2 class=\"ul-bold\">SUSPENSIONS<\/h2>\n                    <\/div>\n                <\/div>\n            <\/div>\n        <\/a>\n\n                <\/div>\n        <\/div>\n            <\/div>\n                  <\/div>\n        \n","protected":false},"excerpt":{"rendered":"","protected":false},"author":50,"featured_media":0,"parent":0,"menu_order":0,"comment_status":"closed","ping_status":"closed","template":"page-le.php","meta":{"footnotes":""},"class_list":["post-46","page","type-page","status-publish","hentry"],"_links":{"self":[{"href":"https:\/\/www.unilim.fr\/carmalim\/index.php?rest_route=\/wp\/v2\/pages\/46","targetHints":{"allow":["GET"]}}],"collection":[{"href":"https:\/\/www.unilim.fr\/carmalim\/index.php?rest_route=\/wp\/v2\/pages"}],"about":[{"href":"https:\/\/www.unilim.fr\/carmalim\/index.php?rest_route=\/wp\/v2\/types\/page"}],"author":[{"embeddable":true,"href":"https:\/\/www.unilim.fr\/carmalim\/index.php?rest_route=\/wp\/v2\/users\/50"}],"replies":[{"embeddable":true,"href":"https:\/\/www.unilim.fr\/carmalim\/index.php?rest_route=%2Fwp%2Fv2%2Fcomments&post=46"}],"version-history":[{"count":0,"href":"https:\/\/www.unilim.fr\/carmalim\/index.php?rest_route=\/wp\/v2\/pages\/46\/revisions"}],"wp:attachment":[{"href":"https:\/\/www.unilim.fr\/carmalim\/index.php?rest_route=%2Fwp%2Fv2%2Fmedia&parent=46"}],"curies":[{"name":"wp","href":"https:\/\/api.w.org\/{rel}","templated":true}]}}