{"id":44,"date":"2018-02-15T23:00:00","date_gmt":"2017-09-24T20:00:00","guid":{"rendered":"http:\/\/www.unilim.fr\/carmalim-dev\/?page_id=44"},"modified":"2020-09-02T14:59:51","modified_gmt":"2020-09-02T12:59:51","slug":"demande-de-visite","status":"publish","type":"page","link":"https:\/\/www.unilim.fr\/carmalim\/?page_id=44","title":{"rendered":"Acc\u00e8s"},"content":{"rendered":"                                <div class=\"ul-banner-parallax \" style=\"height:300px;\" >\n\n                                    <div class=\"ul-post-thumbnail\" style=\"height:300px; background-size: cover; background-image: url('http:\/\/www.unilim.fr\/carmalim\/wp-content\/uploads\/sites\/20\/2017\/07\/torche-2400x800.jpg')\"><!-- Image BG --><\/div>\n\n                                    <div class=\"ul-post-thumbnail-back\" style=\"margin-top:-300px; height:300px; opacity:.5;\"><!-- Texture --><\/div>\n\n                                    <div class=\"ul-layers\">\n                                        \n                                        <div class=\"ul-layer ul-slogan\" style=\"bottom:160px;right:20%;\">\n                                            <h4 class=\"text-light\"><em><br\/>\n                                            &nbsp;&nbsp;&nbsp;&nbsp;&nbsp;&nbsp;&nbsp;<\/em><\/h4>\n                                                                                    <\/div>\n\n                                    <\/div>\n\n                                <\/div>\n                                <script type=\"text\/javascript\">\n                                    \/\/\/\/\/\/\/\/\/\/\/\/\/\/\/\/\/\/\/\/\/\/\/\/\/\/\/\/\/\/\/\/\/\/\/\/\/\/\/\/\/\/\/\/\/\/\/\/\/\/\/\/\/\/\/\/\/\/\/\/\/\/\/\/\/\/\/\/\/\/\/\/\/\/\/\/\/\/\/\/\/\/\/\/\/\/\/\/\/\/\/\/\/\/\/\/\/\/\/\/\n                                    \/\/  PARALAX\n                                    \/\/\/\/\/\/\/\/\/\/\/\/\/\/\/\/\/\/\/\/\/\/\/\/\/\/\/\/\/\/\/\/\/\/\/\/\/\/\/\/\/\/\/\/\/\/\/\/\/\/\/\/\/\/\/\/\/\/\/\/\/\/\/\/\/\/\/\/\/\/\/\/\/\/\/\/\/\/\/\/\/\/\/\/\/\/\/\/\/\/\/\/\/\/\/\/\/\/\/\/\n                                    $( document ).ready(function() {\n                                        var bandeau = $('.ul-banner-parallax');\n                                        if (bandeau.length){\n                                            var imgpos = 50 - $( window ).scrollTop()\/20;\n                                            $('.ul-banner-parallax > .ul-post-thumbnail').css('background-position','50% '+imgpos+'%');\n                                            $( window ).scroll(function(){\n                                                imgpos = 50 - $( window ).scrollTop()\/10;\n                                                txtpos = 160 + $( window ).scrollTop()\/5;\n                                                frisepos = 125 + $( window ).scrollTop()\/10;\n                                                $('.ul-banner-parallax > .ul-post-thumbnail').css('background-position','50% '+imgpos+'%');\n                                                $('.ul-slogan').css('bottom',txtpos+'px');\n                                                $('.ul-frise-1').css('bottom',frisepos+'px');\n                                                \/\/$('.ul-texture').css('background-position',''+-frisepos+'%');\n                                            });\n                                        }\n                                    });\n                                <\/script>\n\n                                    <div class=\"container-fluid  \" style=\"\">\n                      <div class=\"container\">\n                <div class=\"row \" style=\"margin-top: 30px;margin-bottom: 30px\">        <div class=\"col-sm-12 \">\n                    <div class=\"clearfix ul-element-text \">\n            \n<p><iframe loading=\"lazy\" style=\"border: 0px none\" src=\"https:\/\/www.google.com\/maps\/embed?pb=!1m18!1m12!1m3!1d2778.5438514276902!2d1.2920249157867623!3d45.860427814937346!2m3!1f0!2f0!3f0!3m2!1i1024!2i768!4f13.1!3m3!1m2!1s0x47f935aae13b46e9%3A0x3736879936e31c60!2sCentre+Europ%C3%A9en+de+la+C%C3%A9ramique!5e0!3m2!1sfr!2sfr!4v1518790657192\" width=\"1100\" height=\"500\" frameborder=\"0\"><\/iframe><\/p>\n        <\/div>\n                <\/div>\n        <\/div>\n            <\/div>\n                  <\/div>\n                <div class=\"container-fluid  \" style=\"\">\n                      <div class=\"container\">\n                <div class=\"row \" style=\"margin-top: 30px;margin-bottom: 30px\">        <div class=\"col-sm-5 \">\n                    <div class=\"ul-element-image \">\n            <a href=\"http:\/\/www.unilim.fr\/carmalim\/wp-content\/uploads\/sites\/20\/2018\/02\/ester-e1518707240178.jpg\" target=\"\"  rel=\"lightbox\">\n                <img decoding=\"async\" class=\"img-responsive\" src=\"http:\/\/www.unilim.fr\/carmalim\/wp-content\/uploads\/sites\/20\/2018\/02\/ester-e1518707240178.jpg\"\/>\n            <\/a>\n        <\/div>\n                <\/div>\n                <div class=\"col-sm-7 \">\n                    <div class=\"clearfix ul-element-text \">\n            \n<h4 class=\"ul-bold\"><strong><span style=\"color: #808080\" data-mce-style=\"color: #808080;\">Autoroute A20<\/span><\/strong><\/h4>\n<h4 class=\"ul-bold\"><span style=\"color: #808080\" data-mce-style=\"color: #808080;\">&#8211; Venant du Sud sortie 31 vers Ester-Technopole\/Z.I.N. Lac Uzurat<\/span><\/h4>\n<h4 class=\"ul-bold\"><span style=\"color: #808080\" data-mce-style=\"color: #808080;\">&#8211; Venant du Nord sortie 30 vers Le Palais-sur-Vienne\/Limoges-Nord et suivre la direction Z\u00e9nith\/Ester Technopole<\/span><\/h4>\n<h4 class=\"ul-bold\"><\/h4>\n<p>&nbsp;<\/p>\n<h4 class=\"ul-bold\"><strong><span style=\"color: #808080\" data-mce-style=\"color: #808080;\">Depuis la Gare des B\u00e9n\u00e9dictins de Limoges :<\/span><\/strong><\/h4>\n<h4 class=\"ul-bold\"><span style=\"color: #808080\" data-mce-style=\"color: #808080;\">Bus ligne 10 : L. Serpollet &lt;&gt; Ch. Le Gendre &#8211; Arr\u00eat R. Loewy<\/span><\/h4>\n<h4 class=\"ul-bold\"><\/h4>\n        <\/div>\n                <\/div>\n        <\/div>\n            <\/div>\n                  <\/div>\n                <div class=\"container-fluid  \" style=\"\">\n                      <div class=\"container\">\n                <div class=\"row \" style=\"margin-top: 30px;margin-bottom: 30px\">        <div class=\"col-sm-5 \">\n                    <div class=\"ul-element-image \">\n            <a href=\"http:\/\/www.unilim.fr\/carmalim\/wp-content\/uploads\/sites\/20\/2018\/02\/jcm-CNRS-Ceramique-005-2400x1602.jpg\" target=\"\"  rel=\"lightbox\">\n                <img decoding=\"async\" class=\"img-responsive\" src=\"http:\/\/www.unilim.fr\/carmalim\/wp-content\/uploads\/sites\/20\/2018\/02\/jcm-CNRS-Ceramique-005-2400x1602.jpg\"\/>\n            <\/a>\n        <\/div>\n                <\/div>\n                <div class=\"col-sm-7 \">\n                    <div class=\"clearfix ul-element-text \">\n            \n<h4 class=\"ul-bold\"><span style=\"color: #808080\" data-mce-style=\"color: #808080;\">Si vous souhaitez nous rendre visite pour discuter d&rsquo;une probl\u00e9matique, pour voir nos \u00e9quipements ou tout simplement par curiosit\u00e9, c&rsquo;est tr\u00e8s simple !<br \/><\/span><\/h4>\n<h4 class=\"ul-bold\"><span style=\"color: #808080\" data-mce-style=\"color: #808080;\">carmalim@unilim.fr<\/span><\/h4>\n<h4 class=\"ul-bold\"><span style=\"color: #808080\" data-mce-style=\"color: #808080;\">ou<\/span><\/h4>\n<h4 class=\"ul-bold\"><span style=\"color: #808080\" data-mce-style=\"color: #808080;\">ircer@unilim.fr<\/span><\/h4>\n<p>&nbsp;<\/p>\n        <\/div>\n                <\/div>\n        <\/div>\n            <\/div>\n                  <\/div>\n        \n","protected":false},"excerpt":{"rendered":"","protected":false},"author":50,"featured_media":0,"parent":34,"menu_order":0,"comment_status":"closed","ping_status":"closed","template":"page-le.php","meta":{"footnotes":""},"class_list":["post-44","page","type-page","status-publish","hentry"],"_links":{"self":[{"href":"https:\/\/www.unilim.fr\/carmalim\/index.php?rest_route=\/wp\/v2\/pages\/44","targetHints":{"allow":["GET"]}}],"collection":[{"href":"https:\/\/www.unilim.fr\/carmalim\/index.php?rest_route=\/wp\/v2\/pages"}],"about":[{"href":"https:\/\/www.unilim.fr\/carmalim\/index.php?rest_route=\/wp\/v2\/types\/page"}],"author":[{"embeddable":true,"href":"https:\/\/www.unilim.fr\/carmalim\/index.php?rest_route=\/wp\/v2\/users\/50"}],"replies":[{"embeddable":true,"href":"https:\/\/www.unilim.fr\/carmalim\/index.php?rest_route=%2Fwp%2Fv2%2Fcomments&post=44"}],"version-history":[{"count":0,"href":"https:\/\/www.unilim.fr\/carmalim\/index.php?rest_route=\/wp\/v2\/pages\/44\/revisions"}],"up":[{"embeddable":true,"href":"https:\/\/www.unilim.fr\/carmalim\/index.php?rest_route=\/wp\/v2\/pages\/34"}],"wp:attachment":[{"href":"https:\/\/www.unilim.fr\/carmalim\/index.php?rest_route=%2Fwp%2Fv2%2Fmedia&parent=44"}],"curies":[{"name":"wp","href":"https:\/\/api.w.org\/{rel}","templated":true}]}}