{"id":42,"date":"2021-01-12T23:00:00","date_gmt":"2017-09-24T20:00:00","guid":{"rendered":"http:\/\/www.unilim.fr\/carmalim-dev\/?page_id=42"},"modified":"2021-01-13T16:13:45","modified_gmt":"2021-01-13T15:13:45","slug":"demande-danalyse","status":"publish","type":"page","link":"https:\/\/www.unilim.fr\/carmalim\/?page_id=42","title":{"rendered":"Demande d&rsquo;analyse"},"content":{"rendered":"                                <div class=\"ul-banner-parallax \" style=\"height:300px;\" >\n\n                                    <div class=\"ul-post-thumbnail\" style=\"height:300px; background-size: cover; background-image: url('http:\/\/www.unilim.fr\/carmalim\/wp-content\/uploads\/sites\/20\/2017\/07\/shs.jpg')\"><!-- Image BG --><\/div>\n\n                                    <div class=\"ul-post-thumbnail-back\" style=\"margin-top:-300px; height:300px; opacity:.5;\"><!-- Texture --><\/div>\n\n                                    <div class=\"ul-layers\">\n                                        \n                                        <div class=\"ul-layer ul-slogan\" style=\"bottom:160px;right:20%;\">\n                                            <h4 class=\"text-light\"><em><br\/>\n                                            &nbsp;&nbsp;&nbsp;&nbsp;&nbsp;&nbsp;&nbsp;<\/em><\/h4>\n                                                                                    <\/div>\n\n                                    <\/div>\n\n                                <\/div>\n                                <script type=\"text\/javascript\">\n                                    \/\/\/\/\/\/\/\/\/\/\/\/\/\/\/\/\/\/\/\/\/\/\/\/\/\/\/\/\/\/\/\/\/\/\/\/\/\/\/\/\/\/\/\/\/\/\/\/\/\/\/\/\/\/\/\/\/\/\/\/\/\/\/\/\/\/\/\/\/\/\/\/\/\/\/\/\/\/\/\/\/\/\/\/\/\/\/\/\/\/\/\/\/\/\/\/\/\/\/\/\n                                    \/\/  PARALAX\n                                    \/\/\/\/\/\/\/\/\/\/\/\/\/\/\/\/\/\/\/\/\/\/\/\/\/\/\/\/\/\/\/\/\/\/\/\/\/\/\/\/\/\/\/\/\/\/\/\/\/\/\/\/\/\/\/\/\/\/\/\/\/\/\/\/\/\/\/\/\/\/\/\/\/\/\/\/\/\/\/\/\/\/\/\/\/\/\/\/\/\/\/\/\/\/\/\/\/\/\/\/\n                                    $( document ).ready(function() {\n                                        var bandeau = $('.ul-banner-parallax');\n                                        if (bandeau.length){\n                                            var imgpos = 50 - $( window ).scrollTop()\/20;\n                                            $('.ul-banner-parallax > .ul-post-thumbnail').css('background-position','50% '+imgpos+'%');\n                                            $( window ).scroll(function(){\n                                                imgpos = 50 - $( window ).scrollTop()\/10;\n                                                txtpos = 160 + $( window ).scrollTop()\/5;\n                                                frisepos = 125 + $( window ).scrollTop()\/10;\n                                                $('.ul-banner-parallax > .ul-post-thumbnail').css('background-position','50% '+imgpos+'%');\n                                                $('.ul-slogan').css('bottom',txtpos+'px');\n                                                $('.ul-frise-1').css('bottom',frisepos+'px');\n                                                \/\/$('.ul-texture').css('background-position',''+-frisepos+'%');\n                                            });\n                                        }\n                                    });\n                                <\/script>\n\n                                    <div class=\"container-fluid  \" style=\"\">\n                      <div class=\"container\">\n                <div class=\"row \" style=\"margin-top: 30px;margin-bottom: 30px\">        <div class=\"col-sm-3 \">\n                    <div class=\"ul-element-image \">\n            <a href=\"http:\/\/www.unilim.fr\/carmalim\/wp-content\/uploads\/sites\/20\/2017\/12\/UL-GRR.jpg\" target=\"\"  rel=\"lightbox\">\n                <img decoding=\"async\" class=\"img-responsive\" src=\"http:\/\/www.unilim.fr\/carmalim\/wp-content\/uploads\/sites\/20\/2017\/12\/UL-GRR.jpg\"\/>\n            <\/a>\n        <\/div>\n                <\/div>\n                <div class=\"col-sm-7 \">\n                    <div class=\"clearfix ul-element-text \">\n            \n<p>&nbsp;<\/p>\n<p>&nbsp;<\/p>\n<p>&nbsp;<\/p>\n        <\/div>\n                <div class=\"clearfix ul-element-text \">\n            \n<h3 class=\"ul-bold\" style=\"text-align: right\"><span style=\"color: #000000\"><strong>UTILISATEURS ENREGISTRES<\/strong><\/span><\/h3>\n        <\/div>\n                <div class=\"clearfix ul-element-text \">\n            \n<h4 class=\"ul-bold\" style=\"text-align: justify\"><span style=\"color: #808080\">L&rsquo;outil de gestion et de r\u00e9servation des ressources GRR est disponible \u00e0 l&rsquo;adresse<\/span><\/h4>\n<h3 class=\"ul-bold\" style=\"text-align: right\"><a href=\"http:\/\/www.unilim.fr\/carmalim\/grr\/login.php\">http:\/\/www.unilim.fr\/carmalim\/grr\/login.php<\/a><\/h3>\n<p style=\"text-align: right\">\n        <\/div>\n                <\/div>\n                <div class=\"col-sm-2 \">\n                    <\/div>\n        <\/div>\n            <\/div>\n                  <\/div>\n                <div class=\"container-fluid  \" style=\"\">\n                      <div class=\"container\">\n                <div class=\"row \" style=\"margin-top: 30px;margin-bottom: 30px\">        <div class=\"col-sm-3 \">\n                    <div class=\"ul-element-image \">\n            <a href=\"http:\/\/www.unilim.fr\/carmalim\/wp-content\/uploads\/sites\/20\/2017\/12\/UL-new.jpg\" target=\"\"  rel=\"lightbox\">\n                <img decoding=\"async\" class=\"img-responsive\" src=\"http:\/\/www.unilim.fr\/carmalim\/wp-content\/uploads\/sites\/20\/2017\/12\/UL-new.jpg\"\/>\n            <\/a>\n        <\/div>\n                <\/div>\n                <div class=\"col-sm-7 \">\n                    <div class=\"clearfix ul-element-text \">\n            \n<p>&nbsp;<\/p>\n<p>&nbsp;<\/p>\n        <\/div>\n                <div class=\"clearfix ul-element-text \">\n            \n<h3 class=\"ul-bold\" style=\"text-align: right\"><span style=\"color: #000000\"><strong>NOUVEAUX UTILISATEURS<\/strong><\/span><\/h3>\n        <\/div>\n                <div class=\"clearfix ul-element-text \">\n            \n<h4 class=\"ul-bold\" style=\"text-align: justify\"><span style=\"color: #999999\">Vous venez d&rsquo;arriver et vous disposez d&rsquo;une adresse mail unilim, alors la plupart des \u00e9quipements de la plateforme sont accessibles \u00e0 la r\u00e9servation en ligne moyennant une formation. Contactez directement le responsable de la ressource pour une premi\u00e8re entrevue. Toutes les infos sont disponibles en visitant les pages des diff\u00e9rents <\/span><a href=\"http:\/\/www.unilim.fr\/carmalim\/?page_id=46\">services d&rsquo;analyse<\/a><\/h4>\n        <\/div>\n                <\/div>\n                <div class=\"col-sm-2 \">\n                    <\/div>\n        <\/div>\n            <\/div>\n                  <\/div>\n                <div class=\"container-fluid  \" style=\"\">\n                      <div class=\"container\">\n                <div class=\"row \" style=\"margin-top: 30px;margin-bottom: 30px\">        <div class=\"col-sm-3 \">\n                    <div class=\"ul-element-image \">\n            <a href=\"http:\/\/www.unilim.fr\/carmalim\/wp-content\/uploads\/sites\/20\/2017\/12\/universite_pantone6-1.jpg\" target=\"\"  rel=\"lightbox\">\n                <img decoding=\"async\" class=\"img-responsive\" src=\"http:\/\/www.unilim.fr\/carmalim\/wp-content\/uploads\/sites\/20\/2017\/12\/universite_pantone6-1.jpg\"\/>\n            <\/a>\n        <\/div>\n                <\/div>\n                <div class=\"col-sm-7 \">\n                    <div class=\"clearfix ul-element-text \">\n            \n<p>&nbsp;<\/p>\n<p>&nbsp;<\/p>\n        <\/div>\n                <div class=\"clearfix ul-element-text \">\n            \n<h3 class=\"ul-bold\" style=\"text-align: right\"><span style=\"color: #000000\"><strong>EXTERIEURS<\/strong><\/span><\/h3>\n        <\/div>\n                <div class=\"clearfix ul-element-text \">\n            \n<h4 class=\"ul-bold\" style=\"text-align: justify\"><span style=\"color: #999999\">Que ce soit pour une prestation occasionnelle ou un projet plus cons\u00e9quent, que vous ayez une id\u00e9e pr\u00e9cise ou besoin de conseils sur les outils ad\u00e9quats \u00e0 vos exigences, nous ferons notre possible pour r\u00e9pondre \u00e0 vos attentes.<\/span><\/h4>\n<h3 class=\"ul-bold\" style=\"text-align: right\"><span style=\"color: #999999\">Contact : <a href=\"mailto:carmalim@unilim.fr\">carmalim@unilim.fr<\/a><\/span><\/h3>\n        <\/div>\n                <\/div>\n                <div class=\"col-sm-2 \">\n                    <\/div>\n        <\/div>\n            <\/div>\n                  <\/div>\n        \n","protected":false},"excerpt":{"rendered":"","protected":false},"author":50,"featured_media":0,"parent":34,"menu_order":0,"comment_status":"closed","ping_status":"closed","template":"page-le.php","meta":{"footnotes":""},"class_list":["post-42","page","type-page","status-publish","hentry"],"_links":{"self":[{"href":"https:\/\/www.unilim.fr\/carmalim\/index.php?rest_route=\/wp\/v2\/pages\/42","targetHints":{"allow":["GET"]}}],"collection":[{"href":"https:\/\/www.unilim.fr\/carmalim\/index.php?rest_route=\/wp\/v2\/pages"}],"about":[{"href":"https:\/\/www.unilim.fr\/carmalim\/index.php?rest_route=\/wp\/v2\/types\/page"}],"author":[{"embeddable":true,"href":"https:\/\/www.unilim.fr\/carmalim\/index.php?rest_route=\/wp\/v2\/users\/50"}],"replies":[{"embeddable":true,"href":"https:\/\/www.unilim.fr\/carmalim\/index.php?rest_route=%2Fwp%2Fv2%2Fcomments&post=42"}],"version-history":[{"count":0,"href":"https:\/\/www.unilim.fr\/carmalim\/index.php?rest_route=\/wp\/v2\/pages\/42\/revisions"}],"up":[{"embeddable":true,"href":"https:\/\/www.unilim.fr\/carmalim\/index.php?rest_route=\/wp\/v2\/pages\/34"}],"wp:attachment":[{"href":"https:\/\/www.unilim.fr\/carmalim\/index.php?rest_route=%2Fwp%2Fv2%2Fmedia&parent=42"}],"curies":[{"name":"wp","href":"https:\/\/api.w.org\/{rel}","templated":true}]}}