{"id":36,"date":"2023-08-28T22:00:00","date_gmt":"2017-09-24T20:00:00","guid":{"rendered":"http:\/\/www.unilim.fr\/carmalim-dev\/?page_id=36"},"modified":"2024-10-10T09:01:25","modified_gmt":"2024-10-10T07:01:25","slug":"lequipe","status":"publish","type":"page","link":"https:\/\/www.unilim.fr\/carmalim\/?page_id=36","title":{"rendered":"L&rsquo;\u00e9quipe"},"content":{"rendered":"                                <div class=\"ul-banner-parallax \" style=\"height:300px;\" >\n\n                                    <div class=\"ul-post-thumbnail\" style=\"height:300px; background-size: cover; background-image: url('https:\/\/www.unilim.fr\/carmalim\/wp-content\/uploads\/sites\/20\/2017\/07\/TeO2.jpg')\"><!-- Image BG --><\/div>\n\n                                    <div class=\"ul-post-thumbnail-back\" style=\"margin-top:-300px; height:300px; opacity:.5;\"><!-- Texture --><\/div>\n\n                                    <div class=\"ul-layers\">\n                                        \n                                        <div class=\"ul-layer ul-slogan\" style=\"bottom:160px;right:20%;\">\n                                            <h4 class=\"text-light\"><em><br\/>\n                                            &nbsp;&nbsp;&nbsp;&nbsp;&nbsp;&nbsp;&nbsp;<\/em><\/h4>\n                                                                                    <\/div>\n\n                                    <\/div>\n\n                                <\/div>\n                                <script type=\"text\/javascript\">\n                                    \/\/\/\/\/\/\/\/\/\/\/\/\/\/\/\/\/\/\/\/\/\/\/\/\/\/\/\/\/\/\/\/\/\/\/\/\/\/\/\/\/\/\/\/\/\/\/\/\/\/\/\/\/\/\/\/\/\/\/\/\/\/\/\/\/\/\/\/\/\/\/\/\/\/\/\/\/\/\/\/\/\/\/\/\/\/\/\/\/\/\/\/\/\/\/\/\/\/\/\/\n                                    \/\/  PARALAX\n                                    \/\/\/\/\/\/\/\/\/\/\/\/\/\/\/\/\/\/\/\/\/\/\/\/\/\/\/\/\/\/\/\/\/\/\/\/\/\/\/\/\/\/\/\/\/\/\/\/\/\/\/\/\/\/\/\/\/\/\/\/\/\/\/\/\/\/\/\/\/\/\/\/\/\/\/\/\/\/\/\/\/\/\/\/\/\/\/\/\/\/\/\/\/\/\/\/\/\/\/\/\n                                    $( document ).ready(function() {\n                                        var bandeau = $('.ul-banner-parallax');\n                                        if (bandeau.length){\n                                            var imgpos = 50 - $( window ).scrollTop()\/20;\n                                            $('.ul-banner-parallax > .ul-post-thumbnail').css('background-position','50% '+imgpos+'%');\n                                            $( window ).scroll(function(){\n                                                imgpos = 50 - $( window ).scrollTop()\/10;\n                                                txtpos = 160 + $( window ).scrollTop()\/5;\n                                                frisepos = 125 + $( window ).scrollTop()\/10;\n                                                $('.ul-banner-parallax > .ul-post-thumbnail').css('background-position','50% '+imgpos+'%');\n                                                $('.ul-slogan').css('bottom',txtpos+'px');\n                                                $('.ul-frise-1').css('bottom',frisepos+'px');\n                                                \/\/$('.ul-texture').css('background-position',''+-frisepos+'%');\n                                            });\n                                        }\n                                    });\n                                <\/script>\n\n                                    <div class=\"container-fluid  \" style=\"\">\n                      <div class=\"container\">\n                <div class=\"row \" style=\"margin-top: 30px;margin-bottom: 30px\">        <div class=\"col-sm-6 \">\n                    <div class=\"clearfix ul-element-text \">\n            \n<h3 class=\"ul-bold\"><span style=\"color: #999999\" data-mce-style=\"color: #999999;\"><strong>S\u00e9verine BARCINA<\/strong> <\/span><\/h3>\n<h5 class=\"ul-bold\"><span style=\"color: #808080\" data-mce-style=\"color: #808080;\">Technicienne &#8211; Universit\u00e9 de Limoges<\/span><\/h5>\n<h5 class=\"ul-bold\"><span style=\"color: #808080\" data-mce-style=\"color: #808080;\">Courriel&nbsp;: severine.barcina@unilim.fr<\/span><\/h5>\n<h5 class=\"ul-bold\"><span style=\"color: #808080\" data-mce-style=\"color: #808080;\">T\u00e9l&nbsp;: 05 87 50 23 15<\/span><\/h5>\n<h4 class=\"ul-bold\"><span style=\"color: #808080\" data-mce-style=\"color: #808080;\"><strong>Domaines d&rsquo;expertise :<\/strong><\/span><\/h4>\n<h5 class=\"ul-bold\"><span style=\"color: #808080\" data-mce-style=\"color: #808080;\">Analyses thermiques (TMA TGA TDA DSC Diffusivit\u00e9) &#8211; Surface Sp\u00e9cifiques\/Porosit\u00e9 &#8211; Granulom\u00e9trie &#8211; Analyses \u00e9l\u00e9mentaires CHON<\/span><\/h5>\n<p>&nbsp;<\/p>\n        <\/div>\n                <\/div>\n                <div class=\"col-sm-6 \">\n                    <div class=\"clearfix ul-element-text \">\n            \n<h3><span style=\"color: #999999\" data-mce-style=\"color: #999999;\"><strong>Sandra BLANCHET<\/strong><\/span><\/h3>\n<h5 class=\"ul-bold\"><span style=\"color: #999999\" data-mce-style=\"color: #999999;\">Ing\u00e9nieure d&rsquo;\u00e9tudes &#8211; Universit\u00e9 de Limoges<\/span><\/h5>\n<h5 class=\"ul-bold\"><span style=\"color: #999999\" data-mce-style=\"color: #999999;\">Courriel&nbsp;: sandra.blanchet@unilim.fr<\/span><\/h5>\n<h5 class=\"ul-bold\"><span style=\"color: #999999\" data-mce-style=\"color: #999999;\">T\u00e9l&nbsp;: 05 87 50 25 31<\/span><\/h5>\n<h4 class=\"ul-bold\"><span style=\"color: #999999\" data-mce-style=\"color: #999999;\"><strong>Domaines d&rsquo;expertise :<\/strong><\/span><\/h4>\n<h5 class=\"ul-bold\"><span style=\"color: #999999\" data-mce-style=\"color: #999999;\">Granulom\u00e9trie &#8211; Surface Sp\u00e9cifique\/Porosit\u00e9 &#8211; Analyses \u00e9l\u00e9mentaires ICP OES<\/span><\/h5>\n        <\/div>\n                <\/div>\n        <\/div>\n            <\/div>\n                  <\/div>\n                <div class=\"container-fluid  \" style=\"\">\n                      <div class=\"container\">\n                <div class=\"row \" style=\"margin-top: 30px;margin-bottom: 30px\">        <div class=\"col-sm-6 \">\n                    <div class=\"clearfix ul-element-text \">\n            \n<h3 class=\"ul-bold\"><span style=\"color: #999999\" data-mce-style=\"color: #999999;\"><strong>Pierre CARLES<\/strong><\/span><\/h3>\n<h4 class=\"ul-bold\"><span style=\"color: #999999\" data-mce-style=\"color: #999999;\"><strong>Responsable p\u00f4le Microscopie<\/strong><\/span><\/h4>\n<h5 class=\"ul-bold\"><span style=\"color: #999999\" data-mce-style=\"color: #999999;\">Ing\u00e9nieur de recherche &#8211; Universit\u00e9 de Limoges<\/span><\/h5>\n<h5 class=\"ul-bold\"><span style=\"color: #999999\" data-mce-style=\"color: #999999;\">Courriel : pierre.carles@unilim.fr<\/span><\/h5>\n<h5 class=\"ul-bold\"><span style=\"color: #999999\" data-mce-style=\"color: #999999;\">T\u00e9l&nbsp;: 05 87 50 24 33<\/span><\/h5>\n<h4 class=\"ul-bold\"><span style=\"color: #999999\" data-mce-style=\"color: #999999;\"><strong>Domaines d&rsquo;expertise :<\/strong><\/span><\/h4>\n<h5 class=\"ul-bold\"><span style=\"color: #999999\" data-mce-style=\"color: #999999;\">Pr\u00e9paration \u00e9chantillons microscopie &#8211; MEB FIB &#8211; STEM<\/span><\/h5>\n<h3 class=\"ul-bold\"><\/h3>\n        <\/div>\n                <\/div>\n                <div class=\"col-sm-6 \">\n                    <div class=\"clearfix ul-element-text \">\n            \n<h3 class=\"ul-bold\"><span style=\"color: #999999\" data-mce-style=\"color: #999999;\"><strong>Julie CORNETTE<\/strong><\/span><\/h3>\n<h4 class=\"ul-bold\"><span style=\"color: #999999\" data-mce-style=\"color: #999999;\"><strong>Responsable p\u00f4le Spectroscopie<\/strong><\/span><\/h4>\n<h5 class=\"ul-bold\"><span style=\"color: #999999\" data-mce-style=\"color: #999999;\">Ing\u00e9nieure d&rsquo;\u00e9tudes &#8211; Universit\u00e9 de Limoges<\/span><\/h5>\n<h5 class=\"ul-bold\"><span style=\"color: #999999\" data-mce-style=\"color: #999999;\">Courriel : julie.cornette@unilim.fr<\/span><\/h5>\n<h5 class=\"ul-bold\"><span style=\"color: #999999\" data-mce-style=\"color: #999999;\">T\u00e9l : 05 87 50 23 56<\/span><\/h5>\n<h4 class=\"ul-bold\"><span style=\"color: #999999\" data-mce-style=\"color: #999999;\"><strong>Domaines d&rsquo;expertise :<\/strong><\/span><\/h4>\n<h5 class=\"ul-bold\"><span style=\"color: #999999\" data-mce-style=\"color: #999999;\">Raman &#8211; FTIR &#8211; Fluorom\u00e9trie &#8211; Photom\u00e9trie<\/span><\/h5>\n        <\/div>\n                <\/div>\n        <\/div>\n            <\/div>\n                  <\/div>\n                <div class=\"container-fluid  \" style=\"\">\n                      <div class=\"container\">\n                <div class=\"row \" style=\"margin-top: 30px;margin-bottom: 30px\">        <div class=\"col-sm-6 \">\n                    <div class=\"clearfix ul-element-text \">\n            \n<h3 class=\"ul-bold\"><span style=\"color: #999999\" data-mce-style=\"color: #999999;\"><strong>Val\u00e9rie COUDERT<\/strong><\/span><\/h3>\n<h5 class=\"ul-bold\"><span style=\"color: #999999\" data-mce-style=\"color: #999999;\">Assistante ing\u00e9nieur &#8211; CNRS<\/span><\/h5>\n<h5 class=\"ul-bold\"><span style=\"color: #999999\" data-mce-style=\"color: #999999;\">Assistante de pr\u00e9vention IRCer<\/span><\/h5>\n<h5 class=\"ul-bold\"><span style=\"color: #999999\" data-mce-style=\"color: #999999;\">Courriel : valerie.coudert@unilim.fr<\/span><\/h5>\n<h5 class=\"ul-bold\"><span style=\"color: #999999\" data-mce-style=\"color: #999999;\">T\u00e9l : 05 87 50 23 16<\/span><\/h5>\n<h4 class=\"ul-bold\"><span style=\"color: #999999\" data-mce-style=\"color: #999999;\"><strong>Domaines d&rsquo;expertise :<\/strong> <\/span><\/h4>\n<h5 class=\"ul-bold\"><span style=\"color: #999999\" data-mce-style=\"color: #999999;\">Microscopie \u00e0 Force Atomique<\/span><\/h5>\n        <\/div>\n                <\/div>\n                <div class=\"col-sm-6 \">\n                    <div class=\"clearfix ul-element-text \">\n            \n<h3 class=\"ul-bold\"><span style=\"color: #999999\" data-mce-style=\"color: #999999;\"><strong>Patrice DUPORT<\/strong><\/span><\/h3>\n<h5 class=\"ul-bold\"><span style=\"color: #999999\" data-mce-style=\"color: #999999;\">Ing\u00e9nieur d&rsquo;\u00e9tudes &#8211; Universit\u00e9 de Limoges<\/span><\/h5>\n<h5 class=\"ul-bold\"><span style=\"color: #999999\" data-mce-style=\"color: #999999;\">Courriel&nbsp;: patrice.duport@unilim.fr<\/span><\/h5>\n<h5 class=\"ul-bold\"><span style=\"color: #999999\" data-mce-style=\"color: #999999;\">T\u00e9l&nbsp;: 05 87 50 25 61<\/span><\/h5>\n<h4 class=\"ul-bold\"><span style=\"color: #999999\" data-mce-style=\"color: #999999;\"><strong>Domaines d&rsquo;expertise :<\/strong><\/span><\/h4>\n<h5 class=\"ul-bold\"><span style=\"color: #999999\" data-mce-style=\"color: #999999;\">MEB low vacuum \/ environnemental &#8211; MEB FIB<\/span><\/h5>\n        <\/div>\n                <\/div>\n        <\/div>\n            <\/div>\n                  <\/div>\n                <div class=\"container-fluid  \" style=\"\">\n                      <div class=\"container\">\n                <div class=\"row \" style=\"margin-top: 30px;margin-bottom: 30px\">        <div class=\"col-sm-6 \">\n                    <div class=\"clearfix ul-element-text \">\n            \n<h3 class=\"ul-bold\"><span style=\"color: #999999\" data-mce-style=\"color: #999999;\"><strong>Marion GAYOT <\/strong><\/span><\/h3>\n<h4 class=\"ul-bold\"><span style=\"color: #999999\" data-mce-style=\"color: #999999;\"><strong>Responsable p\u00f4le Traitement Thermique &#8211; Propri\u00e9t\u00e9s m\u00e9caniques<\/strong> <\/span><\/h4>\n<h5 class=\"ul-bold\"><span style=\"color: #999999\" data-mce-style=\"color: #999999;\">Ing\u00e9nieure d\u2019Etudes &#8211; CNRS<\/span><\/h5>\n<h5 class=\"ul-bold\"><span style=\"color: #999999\" data-mce-style=\"color: #999999;\">Courriel&nbsp;: marion.gayot@unilim.fr<\/span><\/h5>\n<h5 class=\"ul-bold\"><span style=\"color: #999999\" data-mce-style=\"color: #999999;\">T\u00e9l&nbsp;: 05 87 50 23 10<\/span><\/h5>\n<h4 class=\"ul-bold\"><span style=\"color: #999999\" data-mce-style=\"color: #999999;\"><strong>Domaines d&rsquo;expertise :<\/strong><\/span><\/h4>\n<h5 class=\"ul-bold\"><span style=\"color: #999999\" data-mce-style=\"color: #999999;\">Traitements thermiques : HIP &#8211; SPS &#8211; GPS &#8211; HP &#8211; Frittage naturel<\/span><\/h5>\n        <\/div>\n                <\/div>\n                <div class=\"col-sm-6 \">\n                    <div class=\"clearfix ul-element-text \">\n            \n<h3 class=\"ul-bold\"><span style=\"color: #999999\" data-mce-style=\"color: #999999;\"><strong>Elo\u00efse HYVERNAUD<\/strong><\/span><\/h3>\n<h5 class=\"ul-bold\"><span style=\"color: #999999\" data-mce-style=\"color: #999999;\">Ing\u00e9nieure d&rsquo;\u00e9tudes &#8211; CNRS<\/span><\/h5>\n<h5 class=\"ul-bold\"><span style=\"color: #999999\" data-mce-style=\"color: #999999;\">Courriel&nbsp;: eloise.hyvernaud@unilim.fr<\/span><\/h5>\n<h5 class=\"ul-bold\"><span style=\"color: #999999\" data-mce-style=\"color: #999999;\">T\u00e9l&nbsp;: 05 87 50 23 29<\/span><\/h5>\n<h4 class=\"ul-bold\"><span style=\"color: #999999\" data-mce-style=\"color: #999999;\"><strong>Domaines d&rsquo;expertise :<\/strong><\/span><\/h4>\n<h5 class=\"ul-bold\"><span style=\"color: #999999\" data-mce-style=\"color: #999999;\">MEB FEG \/ Cryo<\/span><\/h5>\n        <\/div>\n                <\/div>\n        <\/div>\n            <\/div>\n                  <\/div>\n                <div class=\"container-fluid  \" style=\"\">\n                      <div class=\"container\">\n                <div class=\"row \" style=\"margin-top: 30px;margin-bottom: 30px\">        <div class=\"col-sm-6 \">\n                    <div class=\"clearfix ul-element-text \">\n            \n<h3 class=\"ul-bold\"><span style=\"color: #999999\" data-mce-style=\"color: #999999;\"><strong>Etienne LABORDE<\/strong><\/span><\/h3>\n<h4 class=\"ul-bold\"><span style=\"color: #999999\" data-mce-style=\"color: #999999;\"><strong>Directeur CARMALIM<\/strong><\/span><\/h4>\n<h5 class=\"ul-bold\"><span style=\"color: #999999\" data-mce-style=\"color: #999999;\">Ing\u00e9nieur d&rsquo;\u00e9tudes &#8211; Universit\u00e9 de Limoges<\/span><\/h5>\n<h5 class=\"ul-bold\"><span style=\"color: #999999\" data-mce-style=\"color: #999999;\">Courriel : etienne.laborde@unilim.fr<\/span><\/h5>\n<h5 class=\"ul-bold\"><span style=\"color: #999999\" data-mce-style=\"color: #999999;\">T\u00e9l : 05 87 50 23 13<\/span><\/h5>\n<h4 class=\"ul-bold\"><span style=\"color: #999999\" data-mce-style=\"color: #999999;\"><strong>Domaines d&rsquo;expertise :<\/strong><\/span><\/h4>\n<h5 class=\"ul-bold\"><span style=\"color: #999999\" data-mce-style=\"color: #999999;\">XPS &#8211; Traitements thermiques &#8211; Propri\u00e9t\u00e9s m\u00e9caniques<\/span><\/h5>\n        <\/div>\n                <\/div>\n                <div class=\"col-sm-6 \">\n                    <div class=\"clearfix ul-element-text \">\n            \n<h3 class=\"ul-bold\"><span style=\"color: #999999\" data-mce-style=\"color: #999999;\"><strong>Micka\u00ebl LACROIX<\/strong><\/span><\/h3>\n<h4 class=\"ul-bold\"><span style=\"color: #999999\" data-mce-style=\"color: #999999;\"><strong>Responsable p\u00f4le Suspensions<\/strong><\/span><\/h4>\n<h5 class=\"ul-bold\"><span style=\"color: #999999\" data-mce-style=\"color: #999999;\">Technicien &#8211; Universit\u00e9 de Limoges<\/span><\/h5>\n<h5 class=\"ul-bold\"><span style=\"color: #999999\" data-mce-style=\"color: #999999;\">Courriel&nbsp;: mickael.lacroix@unilim.fr<\/span><\/h5>\n<h5 class=\"ul-bold\"><span style=\"color: #999999\" data-mce-style=\"color: #999999;\">T\u00e9l&nbsp;: 05 87 50 25 32<\/span><\/h5>\n<h4 class=\"ul-bold\"><span style=\"color: #999999\" data-mce-style=\"color: #999999;\"><strong>Domaines d&rsquo;expertise :<\/strong><\/span><\/h4>\n<h5 class=\"ul-bold\"><span style=\"color: #999999\" data-mce-style=\"color: #999999;\">Rh\u00e9ologie &#8211; Analyses thermiques<\/span><\/h5>\n        <\/div>\n                <\/div>\n        <\/div>\n            <\/div>\n                  <\/div>\n                <div class=\"container-fluid  \" style=\"\">\n                      <div class=\"container\">\n                <div class=\"row \" style=\"margin-top: 30px;margin-bottom: 30px\">        <div class=\"col-sm-6 \">\n                    <div class=\"clearfix ul-element-text \">\n            \n<h3 class=\"ul-bold\"><span style=\"color: #999999\" data-mce-style=\"color: #999999;\"><strong>Yann LAUNAY<\/strong><\/span><\/h3>\n<h5 class=\"ul-bold\"><span style=\"color: #999999\" data-mce-style=\"color: #999999;\">Ing\u00e9nieur d\u2019Etudes &#8211; Universit\u00e9 de Limoges <\/span><\/h5>\n<h5 class=\"ul-bold\"><span style=\"color: #999999\" data-mce-style=\"color: #999999;\">Courriel&nbsp;: yann.launay@unilim.fr<\/span><\/h5>\n<h5 class=\"ul-bold\"><span style=\"color: #999999\" data-mce-style=\"color: #999999;\">T\u00e9l&nbsp;: 05 87 50 25 62<\/span><\/h5>\n<h4 class=\"ul-bold\"><span style=\"color: #999999\" data-mce-style=\"color: #999999;\"><strong>Domaines d&rsquo;expertise :<\/strong><\/span><\/h4>\n<h5 class=\"ul-bold\"><span style=\"color: #999999\" data-mce-style=\"color: #999999;\">PCR &#8211; DRX &#8211; MEB environnemental<\/span><\/h5>\n        <\/div>\n                <\/div>\n                <div class=\"col-sm-6 \">\n                    <div class=\"clearfix ul-element-text \">\n            \n<h3 class=\"ul-bold\"><span style=\"color: #999999\" data-mce-style=\"color: #999999;\"><strong>Richard MAYET<\/strong><\/span><\/h3>\n<h4 class=\"ul-bold\"><span style=\"color: #999999\" data-mce-style=\"color: #999999;\"><strong>Responsable p\u00f4le Diffraction Rayons X<\/strong> <\/span><\/h4>\n<h5 class=\"ul-bold\"><span style=\"color: #999999\" data-mce-style=\"color: #999999;\">Ing\u00e9nieur d\u2019Etudes &#8211; Universit\u00e9 de Limoges<\/span><\/h5>\n<h5 class=\"ul-bold\"><span style=\"color: #999999\" data-mce-style=\"color: #999999;\">Courriel&nbsp;: richard.mayet@unilim.fr<\/span><\/h5>\n<h5 class=\"ul-bold\"><span style=\"color: #999999\" data-mce-style=\"color: #999999;\">T\u00e9l&nbsp;: 05 87 50 23 83<\/span><\/h5>\n<h4 class=\"ul-bold\"><span style=\"color: #999999\" data-mce-style=\"color: #999999;\"><strong>Domaines d&rsquo;expertise :<\/strong><\/span><\/h4>\n<h5 class=\"ul-bold\"><span style=\"color: #999999\" data-mce-style=\"color: #999999;\">PCR &#8211; DRX<\/span><\/h5>\n        <\/div>\n                <\/div>\n        <\/div>\n            <\/div>\n                  <\/div>\n                <div class=\"container-fluid  \" style=\"\">\n                      <div class=\"container\">\n                <div class=\"row \" style=\"margin-top: 30px;margin-bottom: 30px\">        <div class=\"col-sm-6 \">\n                    <div class=\"clearfix ul-element-text \">\n            \n<h3 class=\"ul-bold\"><span style=\"color: #999999\" data-mce-style=\"color: #999999;\"><strong>Geoffroy RIVAUD<\/strong><\/span><\/h3>\n<h5 class=\"ul-bold\"><span style=\"color: #999999\" data-mce-style=\"color: #999999;\">Ing\u00e9nieur d\u2019Etudes &#8211; Universit\u00e9 de Limoges <\/span><\/h5>\n<h5 class=\"ul-bold\"><span style=\"color: #999999\" data-mce-style=\"color: #999999;\">Courriel&nbsp;: geoffroy.rivaud@unilim.fr<\/span><\/h5>\n<h5 class=\"ul-bold\"><span style=\"color: #999999\" data-mce-style=\"color: #999999;\">T\u00e9l&nbsp;: 05 87 50 24 39 \/ 05 87 50 24 16<\/span><\/h5>\n<h4 class=\"ul-bold\"><span style=\"color: #999999\" data-mce-style=\"color: #999999;\"><strong>Domaines d&rsquo;expertise :<\/strong><\/span><\/h4>\n<h5 class=\"ul-bold\"><span style=\"color: #999999\" data-mce-style=\"color: #999999;\">Traitements thermiques &#8211; Projection Plasma &#8211; Propri\u00e9t\u00e9s m\u00e9caniques<\/span><\/h5>\n        <\/div>\n                <\/div>\n                <div class=\"col-sm-6 \">\n                    <div class=\"clearfix ul-element-text \">\n            \n<h3 class=\"ul-bold\"><span style=\"color: #999999\" data-mce-style=\"color: #999999;\"><strong>Marc SOUILAH<\/strong><\/span><\/h3>\n<h5 class=\"ul-bold\"><span style=\"color: #999999\" data-mce-style=\"color: #999999;\">Ing\u00e9nieur de Recherche- Universit\u00e9 de Limoges<\/span><\/h5>\n<h5 class=\"ul-bold\"><span style=\"color: #999999\" data-mce-style=\"color: #999999;\">Courriel : marc.souilah@unilim.fr<\/span><\/h5>\n<h5 class=\"ul-bold\"><span style=\"color: #999999\" data-mce-style=\"color: #999999;\">T\u00e9l : 05 87 50 23 75<\/span><\/h5>\n<h4 class=\"ul-bold\"><span style=\"color: #999999\" data-mce-style=\"color: #999999;\"><strong>Domaines d&rsquo;expertise :<\/strong><\/span><\/h4>\n<h5 class=\"ul-bold\"><span style=\"color: #999999\" data-mce-style=\"color: #999999;\">DRX<\/span><\/h5>\n        <\/div>\n                <\/div>\n        <\/div>\n            <\/div>\n                  <\/div>\n                <div class=\"container-fluid  \" style=\"\">\n                      <div class=\"container\">\n                <div class=\"row \" style=\"margin-top: 30px;margin-bottom: 30px\">        <div class=\"col-sm-6 \">\n                    <div class=\"clearfix ul-element-text \">\n            \n<h3 class=\"ul-bold\"><span style=\"color: #999999\" data-mce-style=\"color: #999999;\"><strong>Marina <\/strong><\/span><span style=\"color: #999999\" data-mce-style=\"color: #999999;\"><strong>SOUSTRE <\/strong><\/span><\/h3>\n<h4 class=\"ul-bold\"><span style=\"color: #999999\" data-mce-style=\"color: #999999;\"><strong>Responsable p\u00f4le Analyses Thermique Chimique et Morphologique<\/strong><\/span><\/h4>\n<h5 class=\"ul-bold\"><span style=\"color: #999999\" data-mce-style=\"color: #999999;\">Assistante Ing\u00e9nieur &#8211; Universit\u00e9 de Limoges<\/span><\/h5>\n<h5 class=\"ul-bold\"><span style=\"color: #999999\" data-mce-style=\"color: #999999;\">Courriel&nbsp;: marina.soustre@unilim.fr<\/span><\/h5>\n<h5 class=\"ul-bold\"><span style=\"color: #999999\" data-mce-style=\"color: #999999;\">T\u00e9l&nbsp;: 05 87 50 23 14<\/span><\/h5>\n<h4 class=\"ul-bold\"><span style=\"color: #999999\" data-mce-style=\"color: #999999;\"><strong>Domaines d&rsquo;expertise :<\/strong><\/span><\/h4>\n<h5 class=\"ul-bold\"><span style=\"color: #999999\" data-mce-style=\"color: #999999;\">Analyses thermiques (TMA TGA TDA DSC Diffusivit\u00e9) &#8211; Surface Sp\u00e9cifiques\/Porosit\u00e9 &#8211; Granulom\u00e9trie &#8211; Analyses \u00e9l\u00e9mentaires CHON<\/span><\/h5>\n<p>&nbsp;<\/p>\n        <\/div>\n                <\/div>\n                <div class=\"col-sm-6 \">\n                    <\/div>\n        <\/div>\n            <\/div>\n                  <\/div>\n        \n","protected":false},"excerpt":{"rendered":"","protected":false},"author":50,"featured_media":0,"parent":34,"menu_order":0,"comment_status":"closed","ping_status":"closed","template":"page-le.php","meta":{"footnotes":""},"class_list":["post-36","page","type-page","status-publish","hentry"],"_links":{"self":[{"href":"https:\/\/www.unilim.fr\/carmalim\/index.php?rest_route=\/wp\/v2\/pages\/36","targetHints":{"allow":["GET"]}}],"collection":[{"href":"https:\/\/www.unilim.fr\/carmalim\/index.php?rest_route=\/wp\/v2\/pages"}],"about":[{"href":"https:\/\/www.unilim.fr\/carmalim\/index.php?rest_route=\/wp\/v2\/types\/page"}],"author":[{"embeddable":true,"href":"https:\/\/www.unilim.fr\/carmalim\/index.php?rest_route=\/wp\/v2\/users\/50"}],"replies":[{"embeddable":true,"href":"https:\/\/www.unilim.fr\/carmalim\/index.php?rest_route=%2Fwp%2Fv2%2Fcomments&post=36"}],"version-history":[{"count":1,"href":"https:\/\/www.unilim.fr\/carmalim\/index.php?rest_route=\/wp\/v2\/pages\/36\/revisions"}],"predecessor-version":[{"id":1400,"href":"https:\/\/www.unilim.fr\/carmalim\/index.php?rest_route=\/wp\/v2\/pages\/36\/revisions\/1400"}],"up":[{"embeddable":true,"href":"https:\/\/www.unilim.fr\/carmalim\/index.php?rest_route=\/wp\/v2\/pages\/34"}],"wp:attachment":[{"href":"https:\/\/www.unilim.fr\/carmalim\/index.php?rest_route=%2Fwp%2Fv2%2Fmedia&parent=36"}],"curies":[{"name":"wp","href":"https:\/\/api.w.org\/{rel}","templated":true}]}}