{"id":34,"date":"2021-01-12T23:00:00","date_gmt":"2017-09-24T20:00:00","guid":{"rendered":"http:\/\/www.unilim.fr\/carmalim-dev\/?page_id=34"},"modified":"2021-01-15T11:56:33","modified_gmt":"2021-01-15T10:56:33","slug":"a-propos","status":"publish","type":"page","link":"https:\/\/www.unilim.fr\/carmalim\/?page_id=34","title":{"rendered":"A propos"},"content":{"rendered":"                                <div class=\"ul-banner-parallax \" style=\"height:300px;\" >\n\n                                    <div class=\"ul-post-thumbnail\" style=\"height:300px; background-size: cover; background-image: url('http:\/\/www.unilim.fr\/carmalim\/wp-content\/uploads\/sites\/20\/2017\/07\/meb.jpg')\"><!-- Image BG --><\/div>\n\n                                    <div class=\"ul-post-thumbnail-back\" style=\"margin-top:-300px; height:300px; opacity:.5;\"><!-- Texture --><\/div>\n\n                                    <div class=\"ul-layers\">\n                                        \n                                        <div class=\"ul-layer ul-slogan\" style=\"bottom:160px;right:20%;\">\n                                            <h4 class=\"text-light\"><em><br\/>\n                                            &nbsp;&nbsp;&nbsp;&nbsp;&nbsp;&nbsp;&nbsp;<\/em><\/h4>\n                                                                                    <\/div>\n\n                                    <\/div>\n\n                                <\/div>\n                                <script type=\"text\/javascript\">\n                                    \/\/\/\/\/\/\/\/\/\/\/\/\/\/\/\/\/\/\/\/\/\/\/\/\/\/\/\/\/\/\/\/\/\/\/\/\/\/\/\/\/\/\/\/\/\/\/\/\/\/\/\/\/\/\/\/\/\/\/\/\/\/\/\/\/\/\/\/\/\/\/\/\/\/\/\/\/\/\/\/\/\/\/\/\/\/\/\/\/\/\/\/\/\/\/\/\/\/\/\/\n                                    \/\/  PARALAX\n                                    \/\/\/\/\/\/\/\/\/\/\/\/\/\/\/\/\/\/\/\/\/\/\/\/\/\/\/\/\/\/\/\/\/\/\/\/\/\/\/\/\/\/\/\/\/\/\/\/\/\/\/\/\/\/\/\/\/\/\/\/\/\/\/\/\/\/\/\/\/\/\/\/\/\/\/\/\/\/\/\/\/\/\/\/\/\/\/\/\/\/\/\/\/\/\/\/\/\/\/\/\n                                    $( document ).ready(function() {\n                                        var bandeau = $('.ul-banner-parallax');\n                                        if (bandeau.length){\n                                            var imgpos = 50 - $( window ).scrollTop()\/20;\n                                            $('.ul-banner-parallax > .ul-post-thumbnail').css('background-position','50% '+imgpos+'%');\n                                            $( window ).scroll(function(){\n                                                imgpos = 50 - $( window ).scrollTop()\/10;\n                                                txtpos = 160 + $( window ).scrollTop()\/5;\n                                                frisepos = 125 + $( window ).scrollTop()\/10;\n                                                $('.ul-banner-parallax > .ul-post-thumbnail').css('background-position','50% '+imgpos+'%');\n                                                $('.ul-slogan').css('bottom',txtpos+'px');\n                                                $('.ul-frise-1').css('bottom',frisepos+'px');\n                                                \/\/$('.ul-texture').css('background-position',''+-frisepos+'%');\n                                            });\n                                        }\n                                    });\n                                <\/script>\n\n                                    <div class=\"container-fluid  \" style=\"\">\n                      <div class=\"container\">\n                <div class=\"row \" style=\"margin-top: 50px;margin-bottom: 30px\">        <div class=\"col-sm-12 \">\n                    <div class=\"clearfix ul-element-text \">\n            \n<h3 class=\"ul-bold\" style=\"text-align: justify\" data-mce-style=\"text-align: justify;\"><span style=\"color: #333333\" data-mce-style=\"color: #333333;\">CARMALIM est une plateforme technique sp\u00e9cialis\u00e9e dans l\u2019analyse et la caract\u00e9risation des mat\u00e9riaux. Elle regroupe les principaux outils de caract\u00e9risation de l\u2019Institut de Recherche sur les C\u00e9ramiques qui, depuis plusieurs d\u00e9cennies, d\u00e9veloppe ses comp\u00e9tences dans le domaine des mat\u00e9riaux et plus particuli\u00e8rement les proc\u00e9d\u00e9s c\u00e9ramiques et les traitements de surface.<\/span><\/h3>\n<p>&nbsp;<\/p>\n        <\/div>\n                <\/div>\n        <\/div>\n            <\/div>\n                  <\/div>\n                <div class=\"container-fluid  \" style=\"\">\n                      <div class=\"container\">\n                <div class=\"row \" style=\"margin-top: 60px;margin-bottom: 60px\">        <div class=\"col-sm-6 \">\n                    <div class=\"clearfix ul-element-text \">\n            \n<div id=\"new-royalslider-2\" class=\"royalSlider new-royalslider-2 rsMinW rs-default-template\" style=\"width:100%;height:300px;;\" data-rs-options='{&quot;template&quot;:&quot;default&quot;,&quot;image_generation&quot;:{&quot;imageWidth&quot;:&quot;&quot;,&quot;imageHeight&quot;:&quot;&quot;,&quot;thumbImageWidth&quot;:&quot;&quot;,&quot;thumbImageHeight&quot;:&quot;&quot;},&quot;thumbs&quot;:{&quot;thumbWidth&quot;:96,&quot;thumbHeight&quot;:72},&quot;autoPlay&quot;:{&quot;delay&quot;:1850},&quot;block&quot;:{&quot;moveOffset&quot;:20,&quot;speed&quot;:400,&quot;delay&quot;:200},&quot;width&quot;:&quot;100%&quot;,&quot;height&quot;:&quot;300px&quot;,&quot;imageScaleMode&quot;:&quot;fill&quot;,&quot;loop&quot;:&quot;true&quot;}'>\n<div class=\"rsContent\">\n  <img decoding=\"async\" class=\"rsImg\" src=\"https:\/\/www.unilim.fr\/carmalim\/wp-content\/uploads\/sites\/20\/2020\/01\/equipe-4-2400x1434.jpg\" alt=\"equipe 4\"\/>\n  \n  \n  \n<\/div>\n<div class=\"rsContent\">\n  <img decoding=\"async\" class=\"rsImg\" src=\"https:\/\/www.unilim.fr\/carmalim\/wp-content\/uploads\/sites\/20\/2020\/01\/xps-black.jpg\" alt=\"xps black\"\/>\n  \n  \n  \n<\/div>\n<div class=\"rsContent\">\n  <img decoding=\"async\" class=\"rsImg\" src=\"https:\/\/www.unilim.fr\/carmalim\/wp-content\/uploads\/sites\/20\/2020\/01\/hip-black.jpg\" alt=\"hip black\"\/>\n  \n  \n  \n<\/div>\n<div class=\"rsContent\">\n  <img decoding=\"async\" class=\"rsImg\" src=\"https:\/\/www.unilim.fr\/carmalim\/wp-content\/uploads\/sites\/20\/2020\/01\/drx-black.jpg\" alt=\"drx black\"\/>\n  \n  \n  \n<\/div>\n<div class=\"rsContent\">\n  <img decoding=\"async\" class=\"rsImg\" src=\"https:\/\/www.unilim.fr\/carmalim\/wp-content\/uploads\/sites\/20\/2020\/01\/raman-black.jpg\" alt=\"raman black\"\/>\n  \n  \n  \n<\/div>\n<div class=\"rsContent\">\n  <img decoding=\"async\" class=\"rsImg\" src=\"https:\/\/www.unilim.fr\/carmalim\/wp-content\/uploads\/sites\/20\/2020\/01\/atcm-black.jpg\" alt=\"atcm black\"\/>\n  \n  \n  \n<\/div>\n<div class=\"rsContent\">\n  <img decoding=\"async\" class=\"rsImg\" src=\"https:\/\/www.unilim.fr\/carmalim\/wp-content\/uploads\/sites\/20\/2020\/01\/micro-black.jpg\" alt=\"micro black\"\/>\n  \n  \n  \n<\/div>\n\n<\/div>\n\n        <\/div>\n                <\/div>\n                <div class=\"col-sm-6 \">\n                    <div class=\"clearfix ul-element-text \">\n            \n<h4 style=\"padding-left: 30px;text-align: justify\" data-mce-style=\"padding-left: 30px; text-align: justify;\"><span style=\"color: #333333\" data-mce-style=\"color: #333333;\">La plateforme CARMALIM a pour vocation la recherche, le service et la formation. Avant tout elle s&rsquo;adresse aux chercheurs et \u00e9tudiants de l&rsquo;universit\u00e9 de Limoges et des autres universit\u00e9s, mais \u00e9galement aux entreprises du priv\u00e9.<\/span><\/h4>\n<h4 style=\"padding-left: 30px;text-align: justify\" data-mce-style=\"padding-left: 30px; text-align: justify;\"><span style=\"color: #333333\" data-mce-style=\"color: #333333;\">La plateforme s&rsquo;appuie sur le savoir-faire d&rsquo;une <span style=\"color: #993300\" data-mce-style=\"color: #993300;\"><strong><a style=\"color: #993300\" href=\"http:\/\/www.unilim.fr\/carmalim\/?page_id=36\" data-mce-href=\"http:\/\/www.unilim.fr\/carmalim\/?page_id=36\" data-mce-style=\"color: #993300;\">\u00e9quipe technique<\/a><\/strong><\/span> dynamique et exp\u00e9riment\u00e9e, et b\u00e9n\u00e9ficie aussi du <span style=\"color: #993300\" data-mce-style=\"color: #993300;\"><strong><a style=\"color: #993300\" href=\"http:\/\/www.unilim.fr\/carmalim\/?page_id=38\" data-mce-href=\"http:\/\/www.unilim.fr\/carmalim\/?page_id=38\" data-mce-style=\"color: #993300;\">soutien scientifique<\/a><\/strong><\/span> des \u00e9quipes de chercheurs CNRS et d&rsquo;enseignants-chercheurs de l&rsquo;Universit\u00e9 de Limoges.<\/span><\/h4>\n<p>&nbsp;<\/p>\n        <\/div>\n                <\/div>\n        <\/div>\n            <\/div>\n                  <\/div>\n                <div class=\"container-fluid  \" style=\"\">\n                      <div class=\"container\">\n                <div class=\"row \" style=\"margin-top: 30px;margin-bottom: 30px\">        <div class=\"col-sm-6 \">\n                    <div class=\"clearfix ul-element-text \">\n            \n<p style=\"padding-left: 30px\" data-mce-style=\"padding-left: 30px;\"><div id=\"new-royalslider-1\" class=\"royalSlider new-royalslider-1 rsMinW rs-default-template\" style=\"width:100%;height:300px;;\" data-rs-options='{&quot;template&quot;:&quot;default&quot;,&quot;image_generation&quot;:{&quot;imageWidth&quot;:&quot;&quot;,&quot;imageHeight&quot;:&quot;&quot;,&quot;thumbImageWidth&quot;:&quot;&quot;,&quot;thumbImageHeight&quot;:&quot;&quot;},&quot;thumbs&quot;:{&quot;thumbWidth&quot;:96,&quot;thumbHeight&quot;:72},&quot;block&quot;:{&quot;moveOffset&quot;:20,&quot;speed&quot;:400,&quot;delay&quot;:200},&quot;width&quot;:&quot;100%&quot;,&quot;height&quot;:&quot;300px&quot;,&quot;imageScaleMode&quot;:&quot;fill&quot;,&quot;loop&quot;:&quot;true&quot;}'>\n<div class=\"rsContent\">\n  <img decoding=\"async\" class=\"rsImg\" src=\"https:\/\/www.unilim.fr\/carmalim\/wp-content\/uploads\/sites\/20\/2020\/01\/turbine-noir.jpg\" alt=\"turbine noir\"\/>\n  \n  \n  \n<\/div>\n<div class=\"rsContent\">\n  <img decoding=\"async\" class=\"rsImg\" src=\"https:\/\/www.unilim.fr\/carmalim\/wp-content\/uploads\/sites\/20\/2020\/01\/beaker-noir-1.jpg\" alt=\"beaker-noir\"\/>\n  \n  \n  \n<\/div>\n<div class=\"rsContent\">\n  <img decoding=\"async\" class=\"rsImg\" src=\"https:\/\/www.unilim.fr\/carmalim\/wp-content\/uploads\/sites\/20\/2020\/01\/processeur-1-2400x2100.jpg\" alt=\"micro, processor, computer, chip\"\/>\n  \n  \n  \n<\/div>\n<div class=\"rsContent\">\n  <img decoding=\"async\" class=\"rsImg\" src=\"https:\/\/www.unilim.fr\/carmalim\/wp-content\/uploads\/sites\/20\/2020\/01\/transport-1.jpg\" alt=\"transport\"\/>\n  \n  \n  \n<\/div>\n<div class=\"rsContent\">\n  <img decoding=\"async\" class=\"rsImg\" src=\"https:\/\/www.unilim.fr\/carmalim\/wp-content\/uploads\/sites\/20\/2020\/01\/nucleaire-1.jpg\" alt=\"nucleaire\"\/>\n  \n  \n  \n<\/div>\n<div class=\"rsContent\">\n  <img decoding=\"async\" class=\"rsImg\" src=\"https:\/\/www.unilim.fr\/carmalim\/wp-content\/uploads\/sites\/20\/2020\/01\/energie-1.jpg\" alt=\"energie\"\/>\n  \n  \n  \n<\/div>\n<div class=\"rsContent\">\n  <img decoding=\"async\" class=\"rsImg\" src=\"https:\/\/www.unilim.fr\/carmalim\/wp-content\/uploads\/sites\/20\/2020\/01\/ecomat-noir-1.jpg\" alt=\"ecomat noir\"\/>\n  \n  \n  \n<\/div>\n<div class=\"rsContent\">\n  <img decoding=\"async\" class=\"rsImg\" src=\"https:\/\/www.unilim.fr\/carmalim\/wp-content\/uploads\/sites\/20\/2020\/01\/Ariane_noir-1.jpg\" alt=\"Ariane_noir\"\/>\n  \n  \n  \n<\/div>\n<div class=\"rsContent\">\n  <img decoding=\"async\" class=\"rsImg\" src=\"https:\/\/www.unilim.fr\/carmalim\/wp-content\/uploads\/sites\/20\/2020\/01\/doctor-noir-1.jpg\" alt=\"doctor noir\"\/>\n  \n  \n  \n<\/div>\n\n<\/div>\n\n        <\/div>\n                <\/div>\n                <div class=\"col-sm-6 \">\n                    <div class=\"clearfix ul-element-text \">\n            \n<h4 style=\"text-align: justify;padding-left: 30px\" data-mce-style=\"text-align: justify; padding-left: 30px;\"><span style=\"color: #333333\" data-mce-style=\"color: #333333;\">Le laboratoire IRCER d\u00e9veloppe des applications innovantes dans de nombreux domaines, que ce soit pour les technologies de l&rsquo;information et de la communication, pour les \u00e9comat\u00e9riaux, pour l&rsquo;environnement et l&rsquo;\u00e9nergie, ou encore la sant\u00e9. <\/span><\/h4>\n<h4 style=\"text-align: justify;padding-left: 30px\" data-mce-style=\"text-align: justify; padding-left: 30px;\"><span style=\"color: #333333\" data-mce-style=\"color: #333333;\">L\u2019acc\u00e8s aux \u00e9quipements et aux services de CARMALIM est possible aux centres de transfert de technologies et aux industries sur simple <span style=\"color: #993300\" data-mce-style=\"color: #993300;\"><strong><a style=\"color: #993300\" href=\"http:\/\/www.unilim.fr\/carmalim\/?page_id=42\" data-mce-href=\"http:\/\/www.unilim.fr\/carmalim\/?page_id=42\" data-mce-style=\"color: #993300;\">demande d&rsquo;analyse<\/a><\/strong><\/span> ou de <span style=\"color: #993300\" data-mce-style=\"color: #993300;\"><strong><a style=\"color: #993300\" href=\"http:\/\/www.unilim.fr\/carmalim\/?page_id=44\" data-mce-href=\"http:\/\/www.unilim.fr\/carmalim\/?page_id=44\" data-mce-style=\"color: #993300;\">visite<\/a><\/strong><\/span>. Toutefois, les responsables du laboratoire ou des \u00e9quipements se r\u00e9servent le droit de refuser toute demande.<\/span><\/h4>\n<p>&nbsp;<\/p>\n        <\/div>\n                <\/div>\n        <\/div>\n            <\/div>\n                  <\/div>\n        \n","protected":false},"excerpt":{"rendered":"","protected":false},"author":50,"featured_media":0,"parent":0,"menu_order":0,"comment_status":"closed","ping_status":"closed","template":"page-le.php","meta":{"footnotes":""},"class_list":["post-34","page","type-page","status-publish","hentry"],"_links":{"self":[{"href":"https:\/\/www.unilim.fr\/carmalim\/index.php?rest_route=\/wp\/v2\/pages\/34","targetHints":{"allow":["GET"]}}],"collection":[{"href":"https:\/\/www.unilim.fr\/carmalim\/index.php?rest_route=\/wp\/v2\/pages"}],"about":[{"href":"https:\/\/www.unilim.fr\/carmalim\/index.php?rest_route=\/wp\/v2\/types\/page"}],"author":[{"embeddable":true,"href":"https:\/\/www.unilim.fr\/carmalim\/index.php?rest_route=\/wp\/v2\/users\/50"}],"replies":[{"embeddable":true,"href":"https:\/\/www.unilim.fr\/carmalim\/index.php?rest_route=%2Fwp%2Fv2%2Fcomments&post=34"}],"version-history":[{"count":0,"href":"https:\/\/www.unilim.fr\/carmalim\/index.php?rest_route=\/wp\/v2\/pages\/34\/revisions"}],"wp:attachment":[{"href":"https:\/\/www.unilim.fr\/carmalim\/index.php?rest_route=%2Fwp%2Fv2%2Fmedia&parent=34"}],"curies":[{"name":"wp","href":"https:\/\/api.w.org\/{rel}","templated":true}]}}