{"id":138,"date":"2023-09-14T22:00:00","date_gmt":"2017-07-20T20:00:00","guid":{"rendered":"http:\/\/www.unilim.fr\/carmalim-dev\/?page_id=138"},"modified":"2023-09-15T14:04:41","modified_gmt":"2023-09-15T12:04:41","slug":"accueil","status":"publish","type":"page","link":"https:\/\/www.unilim.fr\/carmalim\/","title":{"rendered":"accueil"},"content":{"rendered":"                <div class=\"ul-element-banner \">\n                    <div style=\"height: 300px;\" >\n                        <div class=\"ul-post-thumbnail\" style=\"height: 300px;background-image: url('http:\/\/www.unilim.fr\/carmalim\/wp-content\/uploads\/sites\/20\/2017\/07\/ceram-poreuse-4-2400x800.jpg')\"><!-- Image BG --><\/div>\n\n                        <div class=\"ul-post-thumbnail-back\" style=\"height: 300px;opacity:.5;background-image: url('')\"><!-- Texture --><\/div>\n                                                <div class=\"ul-layers bg-light-a top\">\n                            <div class=\"container\">\n                                                              <div class=\"row\">\n                                                                    <\/div>\n                                <div class=\"row\">\n                                    <div class=\"col-xs-11 col-xs-offset-1 \"><span class=\"ul-bold\">\n<h2 class=\"ul-bold\">PLATEFORME TECHNIQUE DE<\/h2>\n<h1 class=\"ul-bold\"><strong>CAR<\/strong>ACTERISATION DES <strong>MA<\/strong>TERIAUX DE <strong>LIM<\/strong>OGES<\/h1>\n<\/span><\/div>\n                                <\/div>\n                                                          <\/div>\n                        <\/div>\n                                            <\/div>\n                <\/div>\n                        <div class=\"container-fluid  \" style=\"\">\n                      <div class=\"container\">\n                <div class=\"row \" style=\"margin-top: 30px;margin-bottom: 30px\">        <div class=\"col-sm-3 \">\n                    <a class=\"ul-element-rollover \" style=\"padding:10px\" href=\"http:\/\/www.unilim.fr\/carmalim\/?page_id=34\" target=\"_self\">\n            <div class=\"ul-element-rollover-container  \">\n                <div class=\"img-container\">\n                    <img decoding=\"async\" src=\"http:\/\/www.unilim.fr\/carmalim\/wp-content\/uploads\/sites\/20\/2017\/10\/savoir-faire-1.jpg\" \/>\n                                    <\/div>\n                <div class=\"text-container\">\n                    <div class=\"text-inner\">\n                        \n<h3 class=\"ul-bold\" style=\"text-align: center\"><span style=\"color: #808080\">14 INGENIEURS, ASSISTANTS INGENIEURS ET TECHNICIENS AU SERVICE DE LA RECHERCHE<\/span><\/h3>\n                    <\/div>\n                <\/div>\n            <\/div>\n        <\/a>\n\n                <\/div>\n                <div class=\"col-sm-6 \">\n                    <div class=\"clearfix ul-element-text \">\n            \n<h4 class=\"ul-bold\" style=\"text-align: justify;padding-left: 60px\" data-mce-style=\"text-align: justify; padding-left: 60px;\"><span style=\"color: #808080\" data-mce-style=\"color: #808080;\">CARMALIM est une plateforme technique sp\u00e9cialis\u00e9e dans l&rsquo;analyse et la caract\u00e9risation des mat\u00e9riaux. Elle regroupe les principaux outils de caract\u00e9risation de l&rsquo;Institut de Recherche sur les C\u00e9ramiques qui, depuis plusieurs d\u00e9cennies, d\u00e9veloppe ses comp\u00e9tences dans le domaine des mat\u00e9riaux et plus particuli\u00e8rement les proc\u00e9d\u00e9s c\u00e9ramiques et les traitements de surface.<\/span><\/h4>\n<h4 style=\"text-align: justify;padding-left: 60px\" class=\"ul-bold\" data-mce-style=\"text-align: justify; padding-left: 60px;\"><span style=\"color: #808080\" data-mce-style=\"color: #808080;\"><a href=\"http:\/\/www.unilim.fr\/carmalim\/?page_id=34\" data-mce-href=\"http:\/\/www.unilim.fr\/carmalim\/?page_id=34\">\u00e0 propos de CARMALIM &#8230;<\/a> <\/span><\/h4>\n<p><!--more-->        <\/div>\n                <\/div>\n                <div class=\"col-sm-3 \">\n                    <\/div>\n        <\/div>\n            <\/div>\n                  <\/div>\n                <div class=\"container-fluid  \" style=\"\">\n                      <div class=\"container\">\n                <div class=\"row \" style=\"margin-top: 30px;margin-bottom: 30px\">        <div class=\"col-sm-3 \">\n                    <a class=\"ul-element-rollover \" style=\"padding:10px\" href=\"http:\/\/www.unilim.fr\/carmalim\/?page_id=46\" target=\"_self\">\n            <div class=\"ul-element-rollover-container  \">\n                <div class=\"img-container\">\n                    <img decoding=\"async\" src=\"http:\/\/www.unilim.fr\/carmalim\/wp-content\/uploads\/sites\/20\/2017\/10\/technicite.jpg\" \/>\n                                    <\/div>\n                <div class=\"text-container\">\n                    <div class=\"text-inner\">\n                        \n<h3 class=\"ul-bold\" style=\"text-align: center\"><span style=\"color: #808080\">DES EQUIPEMENTS DE POINTE DANS DE NOMBREUX DOMAINES<\/span><\/h3>\n                    <\/div>\n                <\/div>\n            <\/div>\n        <\/a>\n\n                <\/div>\n                <div class=\"col-sm-6 \">\n                    <div class=\"clearfix ul-element-text \">\n            \n<h4 class=\"ul-bold\" style=\"padding-left: 60px;text-align: justify\" data-mce-style=\"padding-left: 60px; text-align: justify;\"><span style=\"color: #808080\" data-mce-style=\"color: #808080;\">CARMALIM offre une gamme de services d&rsquo;analyse de haute qualit\u00e9 et vari\u00e9e gr\u00e2ce \u00e0 d&rsquo;importants moyens mat\u00e9riels mis en \u0153uvre au laboratoire IRCer. Ces \u00e9quipements de caract\u00e9risation physico-chimique sont organis\u00e9s autour de six p\u00f4les technologiques.<\/span><\/h4>\n<h4 class=\"ul-bold\" style=\"padding-left: 60px\" data-mce-style=\"padding-left: 60px;\"><a href=\"http:\/\/www.unilim.fr\/carmalim\/?page_id=46\" data-mce-href=\"http:\/\/www.unilim.fr\/carmalim\/?page_id=46\">Les \u00e9quipements<\/a><br \/><\/h4>\n<h4 class=\"ul-bold\" style=\"padding-left: 60px\" data-mce-style=\"padding-left: 60px;\"><a href=\"http:\/\/www.unilim.fr\/carmalim\/?page_id=46\" data-mce-href=\"http:\/\/www.unilim.fr\/carmalim\/?page_id=46\">Les analyses &#8230;<\/a><br \/><\/h4>\n        <\/div>\n                <\/div>\n                <div class=\"col-sm-3 \">\n                    <\/div>\n        <\/div>\n            <\/div>\n                  <\/div>\n                <div class=\"container-fluid  \" style=\"\">\n                      <div class=\"container\">\n                <div class=\"row \" style=\"margin-top: 30px;margin-bottom: 30px\">        <div class=\"col-sm-3 \">\n                    <a class=\"ul-element-rollover \" style=\"padding:10px\" href=\"http:\/\/www.unilim.fr\/carmalim\/?page_id=61\" target=\"_self\">\n            <div class=\"ul-element-rollover-container  \">\n                <div class=\"img-container\">\n                    <img decoding=\"async\" src=\"http:\/\/www.unilim.fr\/carmalim\/wp-content\/uploads\/sites\/20\/2017\/10\/ouverture.jpg\" \/>\n                                    <\/div>\n                <div class=\"text-container\">\n                    <div class=\"text-inner\">\n                        \n<h3 class=\"ul-bold\" style=\"text-align: center\"><span style=\"color: #808080\">UN OUTIL ACADEMIQUE OUVERT AU MONDE INDUSTRIEL<\/span><\/h3>\n                    <\/div>\n                <\/div>\n            <\/div>\n        <\/a>\n\n                <\/div>\n                <div class=\"col-sm-6 \">\n                    <div class=\"clearfix ul-element-text \">\n            \n<h4 class=\"ul-bold\" style=\"padding-left: 60px;text-align: justify\" data-mce-style=\"padding-left: 60px; text-align: justify;\"><span style=\"color: #808080\" data-mce-style=\"color: #808080;\">L&rsquo;universit\u00e9 de Limoges propose une recherche pluridisciplinaire qui va de la recherche fondamentale<\/span> <span style=\"color: #808080\" data-mce-style=\"color: #808080;\">aux applications vers le monde socio-\u00e9conomique. Cette recherche s&rsquo;inscrit au niveau national et international, en t\u00e9moigne la cr\u00e9ation du laboratoire d&rsquo;excellence \u03a3-Lim port\u00e9 par deux des principaux instituts de recherche de l&rsquo;universit\u00e9 de Limoges : IRCer et X-Lim.<\/span><\/h4>\n<h4 class=\"ul-bold\" style=\"padding-left: 60px\" data-mce-style=\"padding-left: 60px;\"><a href=\"http:\/\/www.unilim.fr\/carmalim\/?page_id=61\" data-mce-href=\"http:\/\/www.unilim.fr\/carmalim\/?page_id=61\">En savoir plus&#8230;<\/a><br \/><\/h4>\n        <\/div>\n                <\/div>\n                <div class=\"col-sm-3 \">\n                    <\/div>\n        <\/div>\n            <\/div>\n                  <\/div>\n                <div class=\"container-fluid  \" style=\"\">\n                      <div class=\"container\">\n                <div class=\"row \" style=\"margin-top: 30px;margin-bottom: 30px\">        <div class=\"col-sm-12 \">\n                    <\/div>\n        <\/div>\n            <\/div>\n                  <\/div>\n                <div class=\"container-fluid  \" style=\"\">\n                      <div class=\"container\">\n                <div class=\"row \" style=\"margin-top: 30px;margin-bottom: 30px\">        <div class=\"col-sm-12 \">\n                    <div class=\"ul-element-image \">\n            <a href=\"http:\/\/www.unilim.fr\/carmalim\/wp-content\/uploads\/sites\/20\/2023\/09\/logos-bandeau-2400x369.png\" target=\"\"  rel=\"lightbox\">\n                <img decoding=\"async\" class=\"img-responsive\" src=\"http:\/\/www.unilim.fr\/carmalim\/wp-content\/uploads\/sites\/20\/2023\/09\/logos-bandeau-2400x369.png\"\/>\n            <\/a>\n        <\/div>\n                <\/div>\n        <\/div>\n            <\/div>\n                  <\/div>\n        \n","protected":false},"excerpt":{"rendered":"<p>CARMALIM est une plateforme technique sp\u00e9cialis\u00e9e dans l&rsquo;analyse et la caract\u00e9risation des mat\u00e9riaux. Elle regroupe les principaux outils de caract\u00e9risation de l&rsquo;Institut de Recherche sur les C\u00e9ramiques qui, depuis plusieurs d\u00e9cennies, d\u00e9veloppe ses comp\u00e9tences dans le domaine des mat\u00e9riaux et plus particuli\u00e8rement les proc\u00e9d\u00e9s c\u00e9ramiques et les traitements de surface. \u00e0 propos de CARMALIM &#8230;<\/p>\n","protected":false},"author":50,"featured_media":0,"parent":0,"menu_order":0,"comment_status":"closed","ping_status":"closed","template":"page-le.php","meta":{"footnotes":""},"class_list":["post-138","page","type-page","status-publish","hentry"],"_links":{"self":[{"href":"https:\/\/www.unilim.fr\/carmalim\/index.php?rest_route=\/wp\/v2\/pages\/138","targetHints":{"allow":["GET"]}}],"collection":[{"href":"https:\/\/www.unilim.fr\/carmalim\/index.php?rest_route=\/wp\/v2\/pages"}],"about":[{"href":"https:\/\/www.unilim.fr\/carmalim\/index.php?rest_route=\/wp\/v2\/types\/page"}],"author":[{"embeddable":true,"href":"https:\/\/www.unilim.fr\/carmalim\/index.php?rest_route=\/wp\/v2\/users\/50"}],"replies":[{"embeddable":true,"href":"https:\/\/www.unilim.fr\/carmalim\/index.php?rest_route=%2Fwp%2Fv2%2Fcomments&post=138"}],"version-history":[{"count":0,"href":"https:\/\/www.unilim.fr\/carmalim\/index.php?rest_route=\/wp\/v2\/pages\/138\/revisions"}],"wp:attachment":[{"href":"https:\/\/www.unilim.fr\/carmalim\/index.php?rest_route=%2Fwp%2Fv2%2Fmedia&parent=138"}],"curies":[{"name":"wp","href":"https:\/\/api.w.org\/{rel}","templated":true}]}}